{"id":8,"date":"2023-10-11T15:32:43","date_gmt":"2023-10-11T15:32:43","guid":{"rendered":"https:\/\/aquila-vz.ch\/?page_id=8"},"modified":"2023-10-13T12:35:01","modified_gmt":"2023-10-13T12:35:01","slug":"aquila-vermoegensverwaltung-zuerich-ag","status":"publish","type":"page","link":"https:\/\/aquila-vz.ch\/en\/","title":{"rendered":"Aquila Verm\u00f6gensverwaltung Z\u00fcrich AG"},"content":{"rendered":"<div data-elementor-type=\"wp-page\" data-elementor-id=\"8\" class=\"elementor elementor-8\">\n\t\t\t\t<div class=\"elementor-element elementor-element-33433d9 e-flex e-con-boxed e-con e-parent\" data-id=\"33433d9\" data-element_type=\"container\" data-core-v316-plus=\"true\">\n\t\t\t\t\t<div class=\"e-con-inner\">\n\t\t<div class=\"elementor-element elementor-element-eb6121f e-con-full e-flex e-con e-child\" data-id=\"eb6121f\" data-element_type=\"container\">\n\t\t\t\t<div class=\"elementor-element elementor-element-4cd7554 elementor-widget elementor-widget-heading\" data-id=\"4cd7554\" data-element_type=\"widget\" data-widget_type=\"heading.default\">\n\t\t\t\t<div class=\"elementor-widget-container\">\n\t\t\t<style>\/*! elementor - v3.20.0 - 20-03-2024 *\/\n.elementor-heading-title{padding:0;margin:0;line-height:1}.elementor-widget-heading .elementor-heading-title[class*=elementor-size-]>a{color:inherit;font-size:inherit;line-height:inherit}.elementor-widget-heading .elementor-heading-title.elementor-size-small{font-size:15px}.elementor-widget-heading .elementor-heading-title.elementor-size-medium{font-size:19px}.elementor-widget-heading .elementor-heading-title.elementor-size-large{font-size:29px}.elementor-widget-heading .elementor-heading-title.elementor-size-xl{font-size:39px}.elementor-widget-heading .elementor-heading-title.elementor-size-xxl{font-size:59px}<\/style><h2 class=\"elementor-heading-title elementor-size-medium\">Aquila Verm\u00f6gensverwaltung Z\u00fcrich AG<\/h2>\t\t<\/div>\n\t\t\t\t<\/div>\n\t\t\t\t<div class=\"elementor-element elementor-element-6a89079 elementor-widget elementor-widget-text-editor\" data-id=\"6a89079\" data-element_type=\"widget\" data-widget_type=\"text-editor.default\">\n\t\t\t\t<div class=\"elementor-widget-container\">\n\t\t\t<style>\/*! elementor - v3.20.0 - 20-03-2024 *\/\n.elementor-widget-text-editor.elementor-drop-cap-view-stacked .elementor-drop-cap{background-color:#69727d;color:#fff}.elementor-widget-text-editor.elementor-drop-cap-view-framed .elementor-drop-cap{color:#69727d;border:3px solid;background-color:transparent}.elementor-widget-text-editor:not(.elementor-drop-cap-view-default) .elementor-drop-cap{margin-top:8px}.elementor-widget-text-editor:not(.elementor-drop-cap-view-default) .elementor-drop-cap-letter{width:1em;height:1em}.elementor-widget-text-editor .elementor-drop-cap{float:left;text-align:center;line-height:1;font-size:50px}.elementor-widget-text-editor .elementor-drop-cap-letter{display:inline-block}<\/style>\t\t\t\t<p><span style=\"font-weight: 400;\">We are your partner for a holistic view of your assets.<\/span><\/p>\t\t\t\t\t\t<\/div>\n\t\t\t\t<\/div>\n\t\t\t\t<\/div>\n\t\t<div class=\"elementor-element elementor-element-0726a5b e-con-full e-flex e-con e-child\" data-id=\"0726a5b\" data-element_type=\"container\">\n\t\t\t\t<div class=\"elementor-element elementor-element-c3608b4 elementor-widget__width-initial elementor-widget elementor-widget-image\" data-id=\"c3608b4\" data-element_type=\"widget\" data-widget_type=\"image.default\">\n\t\t\t\t<div class=\"elementor-widget-container\">\n\t\t\t<style>\/*! elementor - v3.20.0 - 20-03-2024 *\/\n.elementor-widget-image{text-align:center}.elementor-widget-image a{display:inline-block}.elementor-widget-image a img[src$=\".svg\"]{width:48px}.elementor-widget-image img{vertical-align:middle;display:inline-block}<\/style>\t\t\t\t\t\t\t\t\t\t<img fetchpriority=\"high\" decoding=\"async\" width=\"565\" height=\"565\" src=\"https:\/\/aquila-vz.ch\/wp-content\/uploads\/2023\/10\/Front.png\" class=\"attachment-full size-full wp-image-47\" alt=\"\" srcset=\"https:\/\/aquila-vz.ch\/wp-content\/uploads\/2023\/10\/Front.png 565w, https:\/\/aquila-vz.ch\/wp-content\/uploads\/2023\/10\/Front-300x300.png 300w, https:\/\/aquila-vz.ch\/wp-content\/uploads\/2023\/10\/Front-150x150.png 150w\" sizes=\"(max-width: 565px) 100vw, 565px\" \/>\t\t\t\t\t\t\t\t\t\t\t\t\t<\/div>\n\t\t\t\t<\/div>\n\t\t\t\t<\/div>\n\t\t\t\t\t<\/div>\n\t\t\t\t<\/div>\n\t\t\t\t<\/div>","protected":false},"excerpt":{"rendered":"<p>Aquila Verm\u00f6gensverwaltung Z\u00fcrich AG Wir sind Ihr Partner f\u00fcr die ganzheitliche Betrachtungsweise Ihres Verm\u00f6gens.<\/p>","protected":false},"author":1,"featured_media":0,"parent":0,"menu_order":0,"comment_status":"closed","ping_status":"closed","template":"","meta":{"footnotes":""},"yoast_head":"<!-- This site is optimized with the Yoast SEO plugin v22.3 - https:\/\/yoast.com\/wordpress\/plugins\/seo\/ -->\r\n<title>Aquila Verm&ouml;gensverwaltung Z&uuml;rich AG<\/title>\r\n<meta name=\"description\" content=\"Professionelle, unabh\u00e4ngige Verm\u00f6gensverwaltung: Seit 2004 Vertrauen, Kontinuit\u00e4t und Wachstum in der Schweiz.\" \/>\r\n<meta name=\"robots\" content=\"index, follow, max-snippet:-1, max-image-preview:large, max-video-preview:-1\" \/>\r\n<link rel=\"canonical\" href=\"https:\/\/aquila-vz.ch\/en\/\" \/>\r\n<meta property=\"og:locale\" content=\"en_US\" \/>\r\n<meta property=\"og:type\" content=\"article\" \/>\r\n<meta property=\"og:title\" content=\"Aquila Verm&ouml;gensverwaltung Z&uuml;rich AG\" \/>\r\n<meta property=\"og:description\" content=\"Professionelle, unabh\u00e4ngige Verm\u00f6gensverwaltung: Seit 2004 Vertrauen, Kontinuit\u00e4t und Wachstum in der Schweiz.\" \/>\r\n<meta property=\"og:url\" content=\"https:\/\/aquila-vz.ch\/en\/\" \/>\r\n<meta property=\"og:site_name\" content=\"Aquila Verm&ouml;gensverwaltung Z&uuml;rich AG\" \/>\r\n<meta property=\"article:modified_time\" content=\"2023-10-13T12:35:01+00:00\" \/>\r\n<meta property=\"og:image\" content=\"https:\/\/aquila-vz.ch\/wp-content\/uploads\/2023\/10\/Front.png\" \/>\r\n<meta name=\"twitter:card\" content=\"summary_large_image\" \/>\r\n<meta name=\"twitter:label1\" content=\"Est. reading time\" \/>\n\t<meta name=\"twitter:data1\" content=\"1 minute\" \/>\r\n<script type=\"application\/ld+json\" class=\"yoast-schema-graph\">{\"@context\":\"https:\/\/schema.org\",\"@graph\":[{\"@type\":\"WebPage\",\"@id\":\"https:\/\/aquila-vz.ch\/\",\"url\":\"https:\/\/aquila-vz.ch\/\",\"name\":\"Aquila Verm&ouml;gensverwaltung Z&uuml;rich AG\",\"isPartOf\":{\"@id\":\"https:\/\/aquila-vz.ch\/#website\"},\"primaryImageOfPage\":{\"@id\":\"https:\/\/aquila-vz.ch\/#primaryimage\"},\"image\":{\"@id\":\"https:\/\/aquila-vz.ch\/#primaryimage\"},\"thumbnailUrl\":\"https:\/\/aquila-vz.ch\/wp-content\/uploads\/2023\/10\/Front.png\",\"datePublished\":\"2023-10-11T15:32:43+00:00\",\"dateModified\":\"2023-10-13T12:35:01+00:00\",\"description\":\"Professionelle, unabh\u00e4ngige Verm\u00f6gensverwaltung: Seit 2004 Vertrauen, Kontinuit\u00e4t und Wachstum in der Schweiz.\",\"breadcrumb\":{\"@id\":\"https:\/\/aquila-vz.ch\/#breadcrumb\"},\"inLanguage\":\"en-US\",\"potentialAction\":[{\"@type\":\"ReadAction\",\"target\":[\"https:\/\/aquila-vz.ch\/\"]}]},{\"@type\":\"ImageObject\",\"inLanguage\":\"en-US\",\"@id\":\"https:\/\/aquila-vz.ch\/#primaryimage\",\"url\":\"https:\/\/aquila-vz.ch\/wp-content\/uploads\/2023\/10\/Front.png\",\"contentUrl\":\"https:\/\/aquila-vz.ch\/wp-content\/uploads\/2023\/10\/Front.png\",\"width\":565,\"height\":565},{\"@type\":\"BreadcrumbList\",\"@id\":\"https:\/\/aquila-vz.ch\/#breadcrumb\",\"itemListElement\":[{\"@type\":\"ListItem\",\"position\":1,\"name\":\"Startseite\",\"item\":\"https:\/\/aquila-vz.ch\/\"},{\"@type\":\"ListItem\",\"position\":2,\"name\":\"Aquila Verm\u00f6gensverwaltung Z\u00fcrich AG\"}]},{\"@type\":\"WebSite\",\"@id\":\"https:\/\/aquila-vz.ch\/#website\",\"url\":\"https:\/\/aquila-vz.ch\/\",\"name\":\"Aquila Verm&ouml;gensverwaltung Z&uuml;rich AG\",\"description\":\"\",\"publisher\":{\"@id\":\"https:\/\/aquila-vz.ch\/#organization\"},\"potentialAction\":[{\"@type\":\"SearchAction\",\"target\":{\"@type\":\"EntryPoint\",\"urlTemplate\":\"https:\/\/aquila-vz.ch\/?s={search_term_string}\"},\"query-input\":\"required name=search_term_string\"}],\"inLanguage\":\"en-US\"},{\"@type\":\"Organization\",\"@id\":\"https:\/\/aquila-vz.ch\/#organization\",\"name\":\"Aquila Verm&ouml;gensverwaltung Z&uuml;rich AG\",\"url\":\"https:\/\/aquila-vz.ch\/\",\"logo\":{\"@type\":\"ImageObject\",\"inLanguage\":\"en-US\",\"@id\":\"https:\/\/aquila-vz.ch\/#\/schema\/logo\/image\/\",\"url\":\"https:\/\/aquila-vz.ch\/wp-content\/uploads\/2023\/10\/cropped-Aquila-Logo-1.png\",\"contentUrl\":\"https:\/\/aquila-vz.ch\/wp-content\/uploads\/2023\/10\/cropped-Aquila-Logo-1.png\",\"width\":350,\"height\":112,\"caption\":\"Aquila Verm&ouml;gensverwaltung Z&uuml;rich AG\"},\"image\":{\"@id\":\"https:\/\/aquila-vz.ch\/#\/schema\/logo\/image\/\"}}]}<\/script>\r\n<!-- \/ Yoast SEO plugin. -->","yoast_head_json":{"title":"Aquila Verm&ouml;gensverwaltung Z&uuml;rich AG","description":"Professionelle, unabh\u00e4ngige Verm\u00f6gensverwaltung: Seit 2004 Vertrauen, Kontinuit\u00e4t und Wachstum in der Schweiz.","robots":{"index":"index","follow":"follow","max-snippet":"max-snippet:-1","max-image-preview":"max-image-preview:large","max-video-preview":"max-video-preview:-1"},"canonical":"https:\/\/aquila-vz.ch\/en\/","og_locale":"en_US","og_type":"article","og_title":"Aquila Verm&ouml;gensverwaltung Z&uuml;rich AG","og_description":"Professionelle, unabh\u00e4ngige Verm\u00f6gensverwaltung: Seit 2004 Vertrauen, Kontinuit\u00e4t und Wachstum in der Schweiz.","og_url":"https:\/\/aquila-vz.ch\/en\/","og_site_name":"Aquila Verm&ouml;gensverwaltung Z&uuml;rich AG","article_modified_time":"2023-10-13T12:35:01+00:00","og_image":[{"url":"https:\/\/aquila-vz.ch\/wp-content\/uploads\/2023\/10\/Front.png"}],"twitter_card":"summary_large_image","twitter_misc":{"Est. reading time":"1 minute"},"schema":{"@context":"https:\/\/schema.org","@graph":[{"@type":"WebPage","@id":"https:\/\/aquila-vz.ch\/","url":"https:\/\/aquila-vz.ch\/","name":"Aquila Verm&ouml;gensverwaltung Z&uuml;rich AG","isPartOf":{"@id":"https:\/\/aquila-vz.ch\/#website"},"primaryImageOfPage":{"@id":"https:\/\/aquila-vz.ch\/#primaryimage"},"image":{"@id":"https:\/\/aquila-vz.ch\/#primaryimage"},"thumbnailUrl":"https:\/\/aquila-vz.ch\/wp-content\/uploads\/2023\/10\/Front.png","datePublished":"2023-10-11T15:32:43+00:00","dateModified":"2023-10-13T12:35:01+00:00","description":"Professionelle, unabh\u00e4ngige Verm\u00f6gensverwaltung: Seit 2004 Vertrauen, Kontinuit\u00e4t und Wachstum in der Schweiz.","breadcrumb":{"@id":"https:\/\/aquila-vz.ch\/#breadcrumb"},"inLanguage":"en-US","potentialAction":[{"@type":"ReadAction","target":["https:\/\/aquila-vz.ch\/"]}]},{"@type":"ImageObject","inLanguage":"en-US","@id":"https:\/\/aquila-vz.ch\/#primaryimage","url":"https:\/\/aquila-vz.ch\/wp-content\/uploads\/2023\/10\/Front.png","contentUrl":"https:\/\/aquila-vz.ch\/wp-content\/uploads\/2023\/10\/Front.png","width":565,"height":565},{"@type":"BreadcrumbList","@id":"https:\/\/aquila-vz.ch\/#breadcrumb","itemListElement":[{"@type":"ListItem","position":1,"name":"Startseite","item":"https:\/\/aquila-vz.ch\/"},{"@type":"ListItem","position":2,"name":"Aquila Verm\u00f6gensverwaltung Z\u00fcrich AG"}]},{"@type":"WebSite","@id":"https:\/\/aquila-vz.ch\/#website","url":"https:\/\/aquila-vz.ch\/","name":"Aquila Verm&ouml;gensverwaltung Z&uuml;rich AG","description":"","publisher":{"@id":"https:\/\/aquila-vz.ch\/#organization"},"potentialAction":[{"@type":"SearchAction","target":{"@type":"EntryPoint","urlTemplate":"https:\/\/aquila-vz.ch\/?s={search_term_string}"},"query-input":"required name=search_term_string"}],"inLanguage":"en-US"},{"@type":"Organization","@id":"https:\/\/aquila-vz.ch\/#organization","name":"Aquila Verm&ouml;gensverwaltung Z&uuml;rich AG","url":"https:\/\/aquila-vz.ch\/","logo":{"@type":"ImageObject","inLanguage":"en-US","@id":"https:\/\/aquila-vz.ch\/#\/schema\/logo\/image\/","url":"https:\/\/aquila-vz.ch\/wp-content\/uploads\/2023\/10\/cropped-Aquila-Logo-1.png","contentUrl":"https:\/\/aquila-vz.ch\/wp-content\/uploads\/2023\/10\/cropped-Aquila-Logo-1.png","width":350,"height":112,"caption":"Aquila Verm&ouml;gensverwaltung Z&uuml;rich AG"},"image":{"@id":"https:\/\/aquila-vz.ch\/#\/schema\/logo\/image\/"}}]}},"_links":{"self":[{"href":"https:\/\/aquila-vz.ch\/en\/wp-json\/wp\/v2\/pages\/8"}],"collection":[{"href":"https:\/\/aquila-vz.ch\/en\/wp-json\/wp\/v2\/pages"}],"about":[{"href":"https:\/\/aquila-vz.ch\/en\/wp-json\/wp\/v2\/types\/page"}],"author":[{"embeddable":true,"href":"https:\/\/aquila-vz.ch\/en\/wp-json\/wp\/v2\/users\/1"}],"replies":[{"embeddable":true,"href":"https:\/\/aquila-vz.ch\/en\/wp-json\/wp\/v2\/comments?post=8"}],"version-history":[{"count":89,"href":"https:\/\/aquila-vz.ch\/en\/wp-json\/wp\/v2\/pages\/8\/revisions"}],"predecessor-version":[{"id":811,"href":"https:\/\/aquila-vz.ch\/en\/wp-json\/wp\/v2\/pages\/8\/revisions\/811"}],"wp:attachment":[{"href":"https:\/\/aquila-vz.ch\/en\/wp-json\/wp\/v2\/media?parent=8"}],"curies":[{"name":"wp","href":"https:\/\/api.w.org\/{rel}","templated":true}]}}