{"id":255,"date":"2023-10-12T14:02:47","date_gmt":"2023-10-12T14:02:47","guid":{"rendered":"https:\/\/aquila-vz.ch\/?page_id=255"},"modified":"2023-11-08T22:17:02","modified_gmt":"2023-11-08T22:17:02","slug":"impressum","status":"publish","type":"page","link":"https:\/\/aquila-vz.ch\/en\/impressum\/","title":{"rendered":"Imprint"},"content":{"rendered":"\t\t<div data-elementor-type=\"wp-page\" data-elementor-id=\"255\" class=\"elementor elementor-255\">\n\t\t\t\t<div class=\"elementor-element elementor-element-95951ff e-flex e-con-boxed e-con e-parent\" data-id=\"95951ff\" data-element_type=\"container\" data-core-v316-plus=\"true\">\n\t\t\t\t\t<div class=\"e-con-inner\">\n\t\t<div class=\"elementor-element elementor-element-1ba8fa3 e-con-full e-flex e-con e-child\" data-id=\"1ba8fa3\" data-element_type=\"container\">\n\t\t\t\t<div class=\"elementor-element elementor-element-b3eaaa7 elementor-widget elementor-widget-heading\" data-id=\"b3eaaa7\" data-element_type=\"widget\" data-widget_type=\"heading.default\">\n\t\t\t\t<div class=\"elementor-widget-container\">\n\t\t\t<style>\/*! elementor - v3.20.0 - 20-03-2024 *\/\n.elementor-heading-title{padding:0;margin:0;line-height:1}.elementor-widget-heading .elementor-heading-title[class*=elementor-size-]>a{color:inherit;font-size:inherit;line-height:inherit}.elementor-widget-heading .elementor-heading-title.elementor-size-small{font-size:15px}.elementor-widget-heading .elementor-heading-title.elementor-size-medium{font-size:19px}.elementor-widget-heading .elementor-heading-title.elementor-size-large{font-size:29px}.elementor-widget-heading .elementor-heading-title.elementor-size-xl{font-size:39px}.elementor-widget-heading .elementor-heading-title.elementor-size-xxl{font-size:59px}<\/style><h2 class=\"elementor-heading-title elementor-size-medium\">Impressum<\/h2>\t\t<\/div>\n\t\t\t\t<\/div>\n\t\t\t\t<\/div>\n\t\t<div class=\"elementor-element elementor-element-64734b9 e-con-full e-flex e-con e-child\" data-id=\"64734b9\" data-element_type=\"container\">\n\t\t\t\t<\/div>\n\t\t\t\t\t<\/div>\n\t\t\t\t<\/div>\n\t\t<div class=\"elementor-element elementor-element-5fe7baf e-flex e-con-boxed e-con e-parent\" data-id=\"5fe7baf\" data-element_type=\"container\" data-core-v316-plus=\"true\">\n\t\t\t\t\t<div class=\"e-con-inner\">\n\t\t<div class=\"elementor-element elementor-element-e11f7a0 e-con-full e-flex e-con e-child\" data-id=\"e11f7a0\" data-element_type=\"container\">\n\t\t\t\t<div class=\"elementor-element elementor-element-d28ad5a elementor-widget elementor-widget-toggle\" data-id=\"d28ad5a\" data-element_type=\"widget\" data-widget_type=\"toggle.default\">\n\t\t\t\t<div class=\"elementor-widget-container\">\n\t\t\t<style>\/*! elementor - v3.20.0 - 20-03-2024 *\/\n.elementor-toggle{text-align:left}.elementor-toggle .elementor-tab-title{font-weight:700;line-height:1;margin:0;padding:15px;border-bottom:1px solid #d5d8dc;cursor:pointer;outline:none}.elementor-toggle .elementor-tab-title .elementor-toggle-icon{display:inline-block;width:1em}.elementor-toggle .elementor-tab-title .elementor-toggle-icon svg{margin-inline-start:-5px;width:1em;height:1em}.elementor-toggle .elementor-tab-title .elementor-toggle-icon.elementor-toggle-icon-right{float:right;text-align:right}.elementor-toggle .elementor-tab-title .elementor-toggle-icon.elementor-toggle-icon-left{float:left;text-align:left}.elementor-toggle .elementor-tab-title .elementor-toggle-icon .elementor-toggle-icon-closed{display:block}.elementor-toggle .elementor-tab-title .elementor-toggle-icon .elementor-toggle-icon-opened{display:none}.elementor-toggle .elementor-tab-title.elementor-active{border-bottom:none}.elementor-toggle .elementor-tab-title.elementor-active .elementor-toggle-icon-closed{display:none}.elementor-toggle .elementor-tab-title.elementor-active .elementor-toggle-icon-opened{display:block}.elementor-toggle .elementor-tab-content{padding:15px;border-bottom:1px solid #d5d8dc;display:none}@media (max-width:767px){.elementor-toggle .elementor-tab-title{padding:12px}.elementor-toggle .elementor-tab-content{padding:12px 10px}}.e-con-inner>.elementor-widget-toggle,.e-con>.elementor-widget-toggle{width:var(--container-widget-width);--flex-grow:var(--container-widget-flex-grow)}<\/style>\t\t<div class=\"elementor-toggle\">\n\t\t\t\t\t\t\t<div class=\"elementor-toggle-item\">\n\t\t\t\t\t<div id=\"elementor-tab-title-2201\" class=\"elementor-tab-title\" data-tab=\"1\" role=\"button\" aria-controls=\"elementor-tab-content-2201\" aria-expanded=\"false\">\n\t\t\t\t\t\t\t\t\t\t\t\t<span class=\"elementor-toggle-icon elementor-toggle-icon-left\" aria-hidden=\"true\">\n\t\t\t\t\t\t\t\t\t\t\t\t\t\t\t<span class=\"elementor-toggle-icon-closed\"><i class=\"fas fa-caret-right\"><\/i><\/span>\n\t\t\t\t\t\t\t\t<span class=\"elementor-toggle-icon-opened\"><i class=\"elementor-toggle-icon-opened fas fa-caret-up\"><\/i><\/span>\n\t\t\t\t\t\t\t\t\t\t\t\t\t<\/span>\n\t\t\t\t\t\t\t\t\t\t\t\t<a class=\"elementor-toggle-title\" tabindex=\"0\">Gesch\u00e4ftsadresse<\/a>\n\t\t\t\t\t<\/div>\n\n\t\t\t\t\t<div id=\"elementor-tab-content-2201\" class=\"elementor-tab-content elementor-clearfix\" data-tab=\"1\" role=\"region\" aria-labelledby=\"elementor-tab-title-2201\"><p>Aquila Verm\u00f6gensverwaltung Z\u00fcrich AG<br \/>Bahnhofstrasse 43<br \/>CH-8001 Z\u00fcrich<\/p><div>Handelsregisteramt Z\u00fcrich<\/div><div>Firmennummer CH-110.600.679<\/div><\/div>\n\t\t\t\t<\/div>\n\t\t\t\t\t\t\t<div class=\"elementor-toggle-item\">\n\t\t\t\t\t<div id=\"elementor-tab-title-2202\" class=\"elementor-tab-title\" data-tab=\"2\" role=\"button\" aria-controls=\"elementor-tab-content-2202\" aria-expanded=\"false\">\n\t\t\t\t\t\t\t\t\t\t\t\t<span class=\"elementor-toggle-icon elementor-toggle-icon-left\" aria-hidden=\"true\">\n\t\t\t\t\t\t\t\t\t\t\t\t\t\t\t<span class=\"elementor-toggle-icon-closed\"><i class=\"fas fa-caret-right\"><\/i><\/span>\n\t\t\t\t\t\t\t\t<span class=\"elementor-toggle-icon-opened\"><i class=\"elementor-toggle-icon-opened fas fa-caret-up\"><\/i><\/span>\n\t\t\t\t\t\t\t\t\t\t\t\t\t<\/span>\n\t\t\t\t\t\t\t\t\t\t\t\t<a class=\"elementor-toggle-title\" tabindex=\"0\">Urheberrecht<\/a>\n\t\t\t\t\t<\/div>\n\n\t\t\t\t\t<div id=\"elementor-tab-content-2202\" class=\"elementor-tab-content elementor-clearfix\" data-tab=\"2\" role=\"region\" aria-labelledby=\"elementor-tab-title-2202\"><p>Die Urheber- und alle anderen Rechte an Texten, Fotos und Grafiken oder anderen Inhalten auf der Website geh\u00f6ren ausschliesslich der Aquila Verm\u00f6gensverwaltung Z\u00fcrich AG oder den speziell bezeichneten Rechtsinhabern und Vertretern. F\u00fcr die Reproduktion von Elementen jeglicher Art ist die schriftliche Zustimmung der Urheberrechtstr\u00e4ger im Voraus einzuholen.<\/p><\/div>\n\t\t\t\t<\/div>\n\t\t\t\t\t\t\t<div class=\"elementor-toggle-item\">\n\t\t\t\t\t<div id=\"elementor-tab-title-2203\" class=\"elementor-tab-title\" data-tab=\"3\" role=\"button\" aria-controls=\"elementor-tab-content-2203\" aria-expanded=\"false\">\n\t\t\t\t\t\t\t\t\t\t\t\t<span class=\"elementor-toggle-icon elementor-toggle-icon-left\" aria-hidden=\"true\">\n\t\t\t\t\t\t\t\t\t\t\t\t\t\t\t<span class=\"elementor-toggle-icon-closed\"><i class=\"fas fa-caret-right\"><\/i><\/span>\n\t\t\t\t\t\t\t\t<span class=\"elementor-toggle-icon-opened\"><i class=\"elementor-toggle-icon-opened fas fa-caret-up\"><\/i><\/span>\n\t\t\t\t\t\t\t\t\t\t\t\t\t<\/span>\n\t\t\t\t\t\t\t\t\t\t\t\t<a class=\"elementor-toggle-title\" tabindex=\"0\">Web-Design & Programmierung:<\/a>\n\t\t\t\t\t<\/div>\n\n\t\t\t\t\t<div id=\"elementor-tab-content-2203\" class=\"elementor-tab-content elementor-clearfix\" data-tab=\"3\" role=\"region\" aria-labelledby=\"elementor-tab-title-2203\"><p>MasReservas.net<\/p><\/div>\n\t\t\t\t<\/div>\n\t\t\t\t\t\t\t\t\t\t<script type=\"application\/ld+json\">{\"@context\":\"https:\\\/\\\/schema.org\",\"@type\":\"FAQPage\",\"mainEntity\":[{\"@type\":\"Question\",\"name\":\"Gesch\\u00e4ftsadresse\",\"acceptedAnswer\":{\"@type\":\"Answer\",\"text\":\"<p>Aquila Verm\\u00f6gensverwaltung Z\\u00fcrich AG<br \\\/>Bahnhofstrasse 43<br \\\/>CH-8001 Z\\u00fcrich<\\\/p><div>Handelsregisteramt Z\\u00fcrich<\\\/div><div>Firmennummer CH-110.600.679<\\\/div>\"}},{\"@type\":\"Question\",\"name\":\"Urheberrecht\",\"acceptedAnswer\":{\"@type\":\"Answer\",\"text\":\"<p>Die Urheber- und alle anderen Rechte an Texten, Fotos und Grafiken oder anderen Inhalten auf der Website geh\\u00f6ren ausschliesslich der Aquila Verm\\u00f6gensverwaltung Z\\u00fcrich AG oder den speziell bezeichneten Rechtsinhabern und Vertretern. F\\u00fcr die Reproduktion von Elementen jeglicher Art ist die schriftliche Zustimmung der Urheberrechtstr\\u00e4ger im Voraus einzuholen.<\\\/p>\"}},{\"@type\":\"Question\",\"name\":\"Web-Design & Programmierung:\",\"acceptedAnswer\":{\"@type\":\"Answer\",\"text\":\"<p>MasReservas.net<\\\/p>\"}}]}<\/script>\n\t\t\t\t\t<\/div>\n\t\t\t\t<\/div>\n\t\t\t\t<\/div>\n\t\t\t\t<\/div>\n\t\t<div class=\"elementor-element elementor-element-eaccd2a e-con-full e-flex e-con e-child\" data-id=\"eaccd2a\" data-element_type=\"container\">\n\t\t\t\t<div class=\"elementor-element elementor-element-f25aa4d elementor-widget elementor-widget-image\" data-id=\"f25aa4d\" data-element_type=\"widget\" data-widget_type=\"image.default\">\n\t\t\t\t<div class=\"elementor-widget-container\">\n\t\t\t<style>\/*! elementor - v3.20.0 - 20-03-2024 *\/\n.elementor-widget-image{text-align:center}.elementor-widget-image a{display:inline-block}.elementor-widget-image a img[src$=\".svg\"]{width:48px}.elementor-widget-image img{vertical-align:middle;display:inline-block}<\/style>\t\t\t\t\t\t\t\t\t\t<img fetchpriority=\"high\" decoding=\"async\" width=\"408\" height=\"228\" src=\"https:\/\/aquila-vz.ch\/wp-content\/uploads\/2023\/10\/Tell-3.jpg\" class=\"attachment-large size-large wp-image-576\" alt=\"\" srcset=\"https:\/\/aquila-vz.ch\/wp-content\/uploads\/2023\/10\/Tell-3.jpg 408w, https:\/\/aquila-vz.ch\/wp-content\/uploads\/2023\/10\/Tell-3-300x168.jpg 300w\" sizes=\"(max-width: 408px) 100vw, 408px\" \/>\t\t\t\t\t\t\t\t\t\t\t\t\t<\/div>\n\t\t\t\t<\/div>\n\t\t\t\t<\/div>\n\t\t\t\t\t<\/div>\n\t\t\t\t<\/div>\n\t\t\t\t<\/div>\n\t\t","protected":false},"excerpt":{"rendered":"<p>Impressum Gesch\u00e4ftsadresse Aquila Verm\u00f6gensverwaltung Z\u00fcrich AGBahnhofstrasse 43CH-8001 Z\u00fcrich Handelsregisteramt Z\u00fcrichFirmennummer CH-110.600.679 Urheberrecht Die Urheber- und alle anderen Rechte an Texten, Fotos und Grafiken oder anderen Inhalten auf der Website geh\u00f6ren ausschliesslich der Aquila Verm\u00f6gensverwaltung Z\u00fcrich AG oder den speziell bezeichneten Rechtsinhabern und Vertretern. F\u00fcr die Reproduktion von Elementen jeglicher Art ist die schriftliche Zustimmung der [&hellip;]<\/p>\n","protected":false},"author":1,"featured_media":0,"parent":0,"menu_order":0,"comment_status":"closed","ping_status":"closed","template":"","meta":{"footnotes":""},"yoast_head":"<!-- This site is optimized with the Yoast SEO plugin v22.3 - https:\/\/yoast.com\/wordpress\/plugins\/seo\/ -->\r\n<title>Aquila Verm&ouml;gensverwaltung Z&uuml;rich AG - Impressum<\/title>\r\n<meta name=\"description\" content=\"Klarheit mit unserem Impressum: Alles Wichtige auf einen Blick. Rechtliche Transparenz und Vertrauen in unserem Impressum.\" \/>\r\n<meta name=\"robots\" content=\"index, follow, max-snippet:-1, max-image-preview:large, max-video-preview:-1\" \/>\r\n<link rel=\"canonical\" href=\"https:\/\/aquila-vz.ch\/en\/impressum\/\" \/>\r\n<meta property=\"og:locale\" content=\"en_US\" \/>\r\n<meta property=\"og:type\" content=\"article\" \/>\r\n<meta property=\"og:title\" content=\"Aquila Verm&ouml;gensverwaltung Z&uuml;rich AG - Impressum\" \/>\r\n<meta property=\"og:description\" content=\"Klarheit mit unserem Impressum: Alles Wichtige auf einen Blick. Rechtliche Transparenz und Vertrauen in unserem Impressum.\" \/>\r\n<meta property=\"og:url\" content=\"https:\/\/aquila-vz.ch\/en\/impressum\/\" \/>\r\n<meta property=\"og:site_name\" content=\"Aquila Verm&ouml;gensverwaltung Z&uuml;rich AG\" \/>\r\n<meta property=\"article:modified_time\" content=\"2023-11-08T22:17:02+00:00\" \/>\r\n<meta property=\"og:image\" content=\"https:\/\/aquila-vz.ch\/wp-content\/uploads\/2023\/10\/Tell-3.jpg\" \/>\r\n<meta name=\"twitter:card\" content=\"summary_large_image\" \/>\r\n<meta name=\"twitter:label1\" content=\"Est. reading time\" \/>\n\t<meta name=\"twitter:data1\" content=\"1 minute\" \/>\r\n<script type=\"application\/ld+json\" class=\"yoast-schema-graph\">{\"@context\":\"https:\/\/schema.org\",\"@graph\":[{\"@type\":\"WebPage\",\"@id\":\"https:\/\/aquila-vz.ch\/impressum\/\",\"url\":\"https:\/\/aquila-vz.ch\/impressum\/\",\"name\":\"Aquila Verm&ouml;gensverwaltung Z&uuml;rich AG - Impressum\",\"isPartOf\":{\"@id\":\"https:\/\/aquila-vz.ch\/#website\"},\"primaryImageOfPage\":{\"@id\":\"https:\/\/aquila-vz.ch\/impressum\/#primaryimage\"},\"image\":{\"@id\":\"https:\/\/aquila-vz.ch\/impressum\/#primaryimage\"},\"thumbnailUrl\":\"https:\/\/aquila-vz.ch\/wp-content\/uploads\/2023\/10\/Tell-3.jpg\",\"datePublished\":\"2023-10-12T14:02:47+00:00\",\"dateModified\":\"2023-11-08T22:17:02+00:00\",\"description\":\"Klarheit mit unserem Impressum: Alles Wichtige auf einen Blick. Rechtliche Transparenz und Vertrauen in unserem Impressum.\",\"breadcrumb\":{\"@id\":\"https:\/\/aquila-vz.ch\/impressum\/#breadcrumb\"},\"inLanguage\":\"en-US\",\"potentialAction\":[{\"@type\":\"ReadAction\",\"target\":[\"https:\/\/aquila-vz.ch\/impressum\/\"]}]},{\"@type\":\"ImageObject\",\"inLanguage\":\"en-US\",\"@id\":\"https:\/\/aquila-vz.ch\/impressum\/#primaryimage\",\"url\":\"https:\/\/aquila-vz.ch\/wp-content\/uploads\/2023\/10\/Tell-3.jpg\",\"contentUrl\":\"https:\/\/aquila-vz.ch\/wp-content\/uploads\/2023\/10\/Tell-3.jpg\",\"width\":408,\"height\":228},{\"@type\":\"BreadcrumbList\",\"@id\":\"https:\/\/aquila-vz.ch\/impressum\/#breadcrumb\",\"itemListElement\":[{\"@type\":\"ListItem\",\"position\":1,\"name\":\"Startseite\",\"item\":\"https:\/\/aquila-vz.ch\/\"},{\"@type\":\"ListItem\",\"position\":2,\"name\":\"Impressum\"}]},{\"@type\":\"WebSite\",\"@id\":\"https:\/\/aquila-vz.ch\/#website\",\"url\":\"https:\/\/aquila-vz.ch\/\",\"name\":\"Aquila Verm&ouml;gensverwaltung Z&uuml;rich AG\",\"description\":\"\",\"publisher\":{\"@id\":\"https:\/\/aquila-vz.ch\/#organization\"},\"potentialAction\":[{\"@type\":\"SearchAction\",\"target\":{\"@type\":\"EntryPoint\",\"urlTemplate\":\"https:\/\/aquila-vz.ch\/?s={search_term_string}\"},\"query-input\":\"required name=search_term_string\"}],\"inLanguage\":\"en-US\"},{\"@type\":\"Organization\",\"@id\":\"https:\/\/aquila-vz.ch\/#organization\",\"name\":\"Aquila Verm&ouml;gensverwaltung Z&uuml;rich AG\",\"url\":\"https:\/\/aquila-vz.ch\/\",\"logo\":{\"@type\":\"ImageObject\",\"inLanguage\":\"en-US\",\"@id\":\"https:\/\/aquila-vz.ch\/#\/schema\/logo\/image\/\",\"url\":\"https:\/\/aquila-vz.ch\/wp-content\/uploads\/2023\/10\/cropped-Aquila-Logo-1.png\",\"contentUrl\":\"https:\/\/aquila-vz.ch\/wp-content\/uploads\/2023\/10\/cropped-Aquila-Logo-1.png\",\"width\":350,\"height\":112,\"caption\":\"Aquila Verm&ouml;gensverwaltung Z&uuml;rich AG\"},\"image\":{\"@id\":\"https:\/\/aquila-vz.ch\/#\/schema\/logo\/image\/\"}}]}<\/script>\r\n<!-- \/ Yoast SEO plugin. -->","yoast_head_json":{"title":"Aquila Verm&ouml;gensverwaltung Z&uuml;rich AG - Impressum","description":"Klarheit mit unserem Impressum: Alles Wichtige auf einen Blick. Rechtliche Transparenz und Vertrauen in unserem Impressum.","robots":{"index":"index","follow":"follow","max-snippet":"max-snippet:-1","max-image-preview":"max-image-preview:large","max-video-preview":"max-video-preview:-1"},"canonical":"https:\/\/aquila-vz.ch\/en\/impressum\/","og_locale":"en_US","og_type":"article","og_title":"Aquila Verm&ouml;gensverwaltung Z&uuml;rich AG - Impressum","og_description":"Klarheit mit unserem Impressum: Alles Wichtige auf einen Blick. Rechtliche Transparenz und Vertrauen in unserem Impressum.","og_url":"https:\/\/aquila-vz.ch\/en\/impressum\/","og_site_name":"Aquila Verm&ouml;gensverwaltung Z&uuml;rich AG","article_modified_time":"2023-11-08T22:17:02+00:00","og_image":[{"url":"https:\/\/aquila-vz.ch\/wp-content\/uploads\/2023\/10\/Tell-3.jpg"}],"twitter_card":"summary_large_image","twitter_misc":{"Est. reading time":"1 minute"},"schema":{"@context":"https:\/\/schema.org","@graph":[{"@type":"WebPage","@id":"https:\/\/aquila-vz.ch\/impressum\/","url":"https:\/\/aquila-vz.ch\/impressum\/","name":"Aquila Verm&ouml;gensverwaltung Z&uuml;rich AG - Impressum","isPartOf":{"@id":"https:\/\/aquila-vz.ch\/#website"},"primaryImageOfPage":{"@id":"https:\/\/aquila-vz.ch\/impressum\/#primaryimage"},"image":{"@id":"https:\/\/aquila-vz.ch\/impressum\/#primaryimage"},"thumbnailUrl":"https:\/\/aquila-vz.ch\/wp-content\/uploads\/2023\/10\/Tell-3.jpg","datePublished":"2023-10-12T14:02:47+00:00","dateModified":"2023-11-08T22:17:02+00:00","description":"Klarheit mit unserem Impressum: Alles Wichtige auf einen Blick. Rechtliche Transparenz und Vertrauen in unserem Impressum.","breadcrumb":{"@id":"https:\/\/aquila-vz.ch\/impressum\/#breadcrumb"},"inLanguage":"en-US","potentialAction":[{"@type":"ReadAction","target":["https:\/\/aquila-vz.ch\/impressum\/"]}]},{"@type":"ImageObject","inLanguage":"en-US","@id":"https:\/\/aquila-vz.ch\/impressum\/#primaryimage","url":"https:\/\/aquila-vz.ch\/wp-content\/uploads\/2023\/10\/Tell-3.jpg","contentUrl":"https:\/\/aquila-vz.ch\/wp-content\/uploads\/2023\/10\/Tell-3.jpg","width":408,"height":228},{"@type":"BreadcrumbList","@id":"https:\/\/aquila-vz.ch\/impressum\/#breadcrumb","itemListElement":[{"@type":"ListItem","position":1,"name":"Startseite","item":"https:\/\/aquila-vz.ch\/"},{"@type":"ListItem","position":2,"name":"Impressum"}]},{"@type":"WebSite","@id":"https:\/\/aquila-vz.ch\/#website","url":"https:\/\/aquila-vz.ch\/","name":"Aquila Verm&ouml;gensverwaltung Z&uuml;rich AG","description":"","publisher":{"@id":"https:\/\/aquila-vz.ch\/#organization"},"potentialAction":[{"@type":"SearchAction","target":{"@type":"EntryPoint","urlTemplate":"https:\/\/aquila-vz.ch\/?s={search_term_string}"},"query-input":"required name=search_term_string"}],"inLanguage":"en-US"},{"@type":"Organization","@id":"https:\/\/aquila-vz.ch\/#organization","name":"Aquila Verm&ouml;gensverwaltung Z&uuml;rich AG","url":"https:\/\/aquila-vz.ch\/","logo":{"@type":"ImageObject","inLanguage":"en-US","@id":"https:\/\/aquila-vz.ch\/#\/schema\/logo\/image\/","url":"https:\/\/aquila-vz.ch\/wp-content\/uploads\/2023\/10\/cropped-Aquila-Logo-1.png","contentUrl":"https:\/\/aquila-vz.ch\/wp-content\/uploads\/2023\/10\/cropped-Aquila-Logo-1.png","width":350,"height":112,"caption":"Aquila Verm&ouml;gensverwaltung Z&uuml;rich AG"},"image":{"@id":"https:\/\/aquila-vz.ch\/#\/schema\/logo\/image\/"}}]}},"_links":{"self":[{"href":"https:\/\/aquila-vz.ch\/en\/wp-json\/wp\/v2\/pages\/255"}],"collection":[{"href":"https:\/\/aquila-vz.ch\/en\/wp-json\/wp\/v2\/pages"}],"about":[{"href":"https:\/\/aquila-vz.ch\/en\/wp-json\/wp\/v2\/types\/page"}],"author":[{"embeddable":true,"href":"https:\/\/aquila-vz.ch\/en\/wp-json\/wp\/v2\/users\/1"}],"replies":[{"embeddable":true,"href":"https:\/\/aquila-vz.ch\/en\/wp-json\/wp\/v2\/comments?post=255"}],"version-history":[{"count":83,"href":"https:\/\/aquila-vz.ch\/en\/wp-json\/wp\/v2\/pages\/255\/revisions"}],"predecessor-version":[{"id":870,"href":"https:\/\/aquila-vz.ch\/en\/wp-json\/wp\/v2\/pages\/255\/revisions\/870"}],"wp:attachment":[{"href":"https:\/\/aquila-vz.ch\/en\/wp-json\/wp\/v2\/media?parent=255"}],"curies":[{"name":"wp","href":"https:\/\/api.w.org\/{rel}","templated":true}]}}