{"id":187,"date":"2023-10-12T11:35:29","date_gmt":"2023-10-12T11:35:29","guid":{"rendered":"https:\/\/aquila-vz.ch\/?page_id=187"},"modified":"2023-11-13T21:11:46","modified_gmt":"2023-11-13T21:11:46","slug":"disclaimer","status":"publish","type":"page","link":"https:\/\/aquila-vz.ch\/en\/disclaimer\/","title":{"rendered":"Disclaimer"},"content":{"rendered":"\t\t<div data-elementor-type=\"wp-page\" data-elementor-id=\"187\" class=\"elementor elementor-187\">\n\t\t\t\t<div class=\"elementor-element elementor-element-90e8e23 e-flex e-con-boxed e-con e-parent\" data-id=\"90e8e23\" data-element_type=\"container\" data-core-v316-plus=\"true\">\n\t\t\t\t\t<div class=\"e-con-inner\">\n\t\t<div class=\"elementor-element elementor-element-0527644 e-con-full e-flex e-con e-child\" data-id=\"0527644\" data-element_type=\"container\">\n\t\t\t\t<div class=\"elementor-element elementor-element-899f183 elementor-widget elementor-widget-heading\" data-id=\"899f183\" data-element_type=\"widget\" data-widget_type=\"heading.default\">\n\t\t\t\t<div class=\"elementor-widget-container\">\n\t\t\t<style>\/*! elementor - v3.20.0 - 20-03-2024 *\/\n.elementor-heading-title{padding:0;margin:0;line-height:1}.elementor-widget-heading .elementor-heading-title[class*=elementor-size-]>a{color:inherit;font-size:inherit;line-height:inherit}.elementor-widget-heading .elementor-heading-title.elementor-size-small{font-size:15px}.elementor-widget-heading .elementor-heading-title.elementor-size-medium{font-size:19px}.elementor-widget-heading .elementor-heading-title.elementor-size-large{font-size:29px}.elementor-widget-heading .elementor-heading-title.elementor-size-xl{font-size:39px}.elementor-widget-heading .elementor-heading-title.elementor-size-xxl{font-size:59px}<\/style><h2 class=\"elementor-heading-title elementor-size-medium\">Rechtliche Hinweise \/ Nutzungsbedingungen<\/h2>\t\t<\/div>\n\t\t\t\t<\/div>\n\t\t\t\t<\/div>\n\t\t<div class=\"elementor-element elementor-element-697a8dc e-con-full e-flex e-con e-child\" data-id=\"697a8dc\" data-element_type=\"container\">\n\t\t\t\t<\/div>\n\t\t\t\t\t<\/div>\n\t\t\t\t<\/div>\n\t\t<div class=\"elementor-element elementor-element-33433d9 e-flex e-con-boxed e-con e-parent\" data-id=\"33433d9\" data-element_type=\"container\" data-core-v316-plus=\"true\">\n\t\t\t\t\t<div class=\"e-con-inner\">\n\t\t<div class=\"elementor-element elementor-element-eb6121f e-con-full e-flex e-con e-child\" data-id=\"eb6121f\" data-element_type=\"container\">\n\t\t\t\t<div class=\"elementor-element elementor-element-6a89079 elementor-widget elementor-widget-text-editor\" data-id=\"6a89079\" data-element_type=\"widget\" data-widget_type=\"text-editor.default\">\n\t\t\t\t<div class=\"elementor-widget-container\">\n\t\t\t<style>\/*! elementor - v3.20.0 - 20-03-2024 *\/\n.elementor-widget-text-editor.elementor-drop-cap-view-stacked .elementor-drop-cap{background-color:#69727d;color:#fff}.elementor-widget-text-editor.elementor-drop-cap-view-framed .elementor-drop-cap{color:#69727d;border:3px solid;background-color:transparent}.elementor-widget-text-editor:not(.elementor-drop-cap-view-default) .elementor-drop-cap{margin-top:8px}.elementor-widget-text-editor:not(.elementor-drop-cap-view-default) .elementor-drop-cap-letter{width:1em;height:1em}.elementor-widget-text-editor .elementor-drop-cap{float:left;text-align:center;line-height:1;font-size:50px}.elementor-widget-text-editor .elementor-drop-cap-letter{display:inline-block}<\/style>\t\t\t\t<p><strong>1. Einverst\u00e4ndnis<\/strong><\/p><p>Bitte lesen Sie die nachfolgenden rechtlichen Hinweise \/ Nutzungsbedingungen (\u00abNutzungsbedingungen\u00bb) vor dem Zugriff auf unsere Website aufmerksam durch. Mit dem Zugriff auf unsere Website und auf die darin enthaltenen oder beschriebenen Informationen, Funktionen, Unterlagen, Meinungen, Aussagen, Prognosen, Produkte, Dienstleistungen, weiteren Verkn\u00fcpfungen (Links) usw. (\u00abInformationen\u00bb) erkl\u00e4ren Sie, dass Sie die Nutzungsbedingungen verstanden haben und diese vollumf\u00e4nglich akzeptieren. Falls Sie eine oder mehrere Regelungen der Nutzungsbedingungen nicht verstanden haben oder nicht akzeptieren, bitten wir Sie, unsere Website zu verlassen.<\/p><p><strong>2. Limitierter Zugang<\/strong><\/p><p>Auf unsere Website d\u00fcrfen nat\u00fcrliche oder juristische Personen nicht zugreifen, die (insb. aufgrund ihrer Nationalit\u00e4t und\/oder ihres Sitzes\/Wohnsitzes) einer Rechtsordnung unterstehen, welche die Publikation des Inhalts unserer Website oder den Zugang zu unserer Website (aus irgendwelchen Gr\u00fcnden) verbietet oder beschr\u00e4nkt. Personen, auf die diese Einschr\u00e4nkungen zutreffen, ist der Zugriff auf unsere Website untersagt.<\/p><p><strong>3. Kein Angebot<\/strong><\/p><p>Die auf unserer Website publizierten Informationen stellen weder eine Empfehlung noch eine Aufforderung oder ein Angebot dar (i) zum Erwerb, Verkauf oder Halten von Anlageinstrumenten, (ii) zur Inanspruchnahme einer (Finanz-)Dienstleistung (iii) zur Ausf\u00fchrung sonstiger Transaktionen oder (iv) zum Abschluss sonstiger Rechtsgesch\u00e4fte. Sie dienen einzig Informations- und Werbezwecken. Es kann nicht ausgeschlossen werden, dass die beschriebenen Anlageinstrumente und Dienstleistungen f\u00fcr Sie nicht geeignet, nicht angemessen oder nicht verf\u00fcgbar sind. Soweit nicht ausdr\u00fccklich als solches bezeichnet, stellen die Website und die darin enthaltenden Informationen auch keine Basisinformationsbl\u00e4tter, keinen Prospekt oder ein vergleichbares Dokument im Sinne des Bundesgesetzes \u00fcber die Finanzdienstleistungen (FIDLEG) dar.<\/p><p><strong>4. Keine Beratung<\/strong><\/p><p>Die auf unserer Website publizierten Informationen dienen nicht der Anlageberatung und stellen in keiner Weise eine Beratung in rechtlichen, steuerlichen, wirtschaftlichen oder sonstigen Belangen dar. Sie beziehen sich nicht auf spezielle Investitionsziele, die finanzielle Situation oder die besonderen Bed\u00fcrfnisse spezifischer Nutzer unserer Website und sind als Entscheidungsgrundlage ungeeignet. Bevor Sie sich zu einer konkreten Handlung entscheiden, sollten Sie sich durch einen spezialisierten Experten beraten lassen. Durch das Vorhalten von Inhalten in der Internetpr\u00e4senz bzw. durch deren Aufruf geht der Anbieter mit dem Nutzer keinerlei vertragliche Beziehung ein.<\/p><p><strong>5. Keine Gew\u00e4hr<\/strong><\/p><p>Wir wenden bei der Zusammenstellung der Inhalte auf unserer Website die gr\u00f6sstm\u00f6gliche Sorgfalt an. Die Inhalte unserer Website werden st\u00e4ndig aktualisiert und auf ihre Richtigkeit \u00fcberpr\u00fcft. Wir leisten aber keine Gew\u00e4hr (weder ausdr\u00fccklich noch stillschweigend) und machen keine Zusicherung betreffend Richtigkeit, Genauigkeit, Aktualit\u00e4t und Vollst\u00e4ndigkeit der auf unserer Website ver\u00f6ffentlichten Informationen. Wir sind insbesondere in keiner Art verpflichtet, veraltete Informationen zu aktualisieren, von unserer Website zu entfernen oder entsprechend zu kennzeichnen. Die auf unserer Website enthaltenen Informationen k\u00f6nnen jederzeit ohne Ank\u00fcndigung ge\u00e4ndert werden.\u00a0<\/p><p>Weiter \u00fcbernehmen wir keine Verantwortung und geben keine Garantie daf\u00fcr, dass die Funktionen auf unserer Website nicht unterbrochen werden oder fehlerfrei sind, dass M\u00e4ngel behoben werden oder dass die Website sowie die Server, von welchem die Inhalte abgerufen werden k\u00f6nnen, frei von Viren, Malware oder sonstigen sch\u00e4dlichen Bestandteilen und Programmen sind.<\/p><p>Aus der Entwicklung des Wertes eines Anlageinstruments in der Vergangenheit lassen sich grunds\u00e4tzlich keine Schl\u00fcsse auf dessen Wertentwicklung in der Zukunft ziehen. Anlagen in Fremdw\u00e4hrungen unterliegen zudem Wechselkursschwankungen. Auch die Aussch\u00fcttungen im Zusammenhang mit einem Anlageinstrument k\u00f6nnen variieren. Wir leisten keine Gew\u00e4hr f\u00fcr (i) die Wertsteigerung oder Werterhaltung des Kapitals, welches in Anlageinstrumente investiert wurde, und (ii) die H\u00f6he zuk\u00fcnftiger Aussch\u00fcttungen.<\/p><p>Alle \u00fcber diese Website verf\u00fcgbaren Informationen und Daten, einschliesslich u. a. Finanzmarktdaten, Kursdaten, Meldungen, Research oder sonstige Finanzinformationen, beruhen auf Quellen, die als zuverl\u00e4ssig erachtet und sorgf\u00e4ltig ausgew\u00e4hlt wurden. S\u00e4mtliche verf\u00fcgbaren Informationen werden dem Benutzer ohne M\u00e4ngelgew\u00e4hr und ohne ausdr\u00fcckliche oder stillschweigende Zusicherungen oder Gew\u00e4hrleistungen in Bezug auf Qualit\u00e4t, Originalit\u00e4t, Verletzung geistigen Eigentums oder Eignung f\u00fcr einen bestimmten Zweck zur Verf\u00fcgung gestellt. Die zur Verf\u00fcgung gestellten Informationen stellen auch keine Garantie dar, dass bestimmte Dienstleistungen und\/oder bestimmte Produkte verf\u00fcgbar sind.<\/p><p><strong>6. Keine Haftung<\/strong><\/p><p>Wir \u00fcbernehmen keine Haftung oder Garantien f\u00fcr den Zugriff auf unsere oder fremde Websites und deren Benutzung sowie die Aktualit\u00e4t, Richtigkeit und Vollst\u00e4ndigkeit der auf der Internetpr\u00e4senz bereitgestellten Informationen. Soweit gesetzlich zul\u00e4ssig, wird jegliche Haftung der Aquila Verm\u00f6gensverwaltung Z\u00fcrich AG und ihrer Verwaltungsr\u00e4te, Mitarbeiter oder Beauftragter f\u00fcr direkte oder indirekte Sch\u00e4den, einschliesslich Folgesch\u00e4den und entgangenen Gewinns, die aufgrund von Informationen entstehen, die auf unserer Website bereitgehalten werden oder direkt oder indirekt mit der Benutzung unserer Website und den darin enthaltenen Informationen oder mit den Risiken der Finanzm\u00e4rkte zusammenh\u00e4ngen, ausgeschlossen. Soweit gesetzlich zul\u00e4ssig, erfasst dieser Haftungsausschluss auch die Haftung aufgrund von Fahrl\u00e4ssigkeit und gilt auch dann, wenn wir \u00fcber die M\u00f6glichkeiten solcher Folgen informieren oder wenn solche Folgen voraussehbar waren. Der Haftungsausschluss gilt sodann auch f\u00fcr s\u00e4mtliche Sch\u00e4den, die darauf zur\u00fcckzuf\u00fchren sind, dass Dritte unsere Website manipuliert haben.<\/p><p><strong>7. Keine Auftr\u00e4ge<\/strong><\/p><p>Die in unserer Website enthaltenen Eingabefelder\/Kontaktformulare stehen f\u00fcr die Erteilung oder Widerrufe von Auftr\u00e4gen (z.B. Auftr\u00e4ge\/Widerrufe zum Kauf\/Verkauf von Anlageinstrumenten) oder anderen Erm\u00e4chtigungen an uns nicht zur Verf\u00fcgung. Derart erteilte Auftr\u00e4ge\/Widerrufe werden durch uns \u2013 auch ohne entsprechende R\u00fcckmeldung an den Absender \u2013 nicht ausgef\u00fchrt und es kommt kein wirksamer Vertrag mit uns zustande.<\/p><p><strong>8. Potenzielle Interessenskollisionen<\/strong><\/p><p>Wir k\u00f6nnen nicht ausschliessen, dass wir selbst oder unsere Verwaltungsr\u00e4te bzw. Mitarbeiter in der Vergangenheit in Anlageinstrumente investierten, gegenw\u00e4rtig investieren oder zuk\u00fcnftig investieren werden, \u00fcber welche unsere Website Informationen enth\u00e4lt. Es kann zudem nicht ausgeschlossen werden, dass wir f\u00fcr die Emittenten solcher Anlageinstrumente in der Vergangenheit Dienstleistungen erbrachten, gegenw\u00e4rtig erbringen oder in der Zukunft erbringen werden und dass unsere Mitarbeiter oder Verwaltungsr\u00e4te f\u00fcr die Emittenten solcher Anlageinstrumente beispielsweise als Verwaltungsr\u00e4te t\u00e4tig waren, t\u00e4tig sind oder t\u00e4tig sein werden. Wir k\u00f6nnen daher nicht ausschliessen, dass wir oder unsere Verwaltungsr\u00e4te bzw. Mitarbeiter ein Interesse an der zuk\u00fcnftigen Kursentwicklung von Anlageinstrumenten haben.<\/p><p><strong>9. Eigentums-, Urheber- und Markenrechte<\/strong><\/p><p>S\u00e4mtliche Elemente auf unserer Website sind immaterialg\u00fcterrechtlich gesch\u00fctzt und stehen im Eigentum von uns oder Dritten. Durch das Herunterladen oder Ausdrucken von Elementen unserer Website werden keinerlei Rechte, insb. keine Rechte mit Bezug auf Software und Marken \u00fcbertragen. Urheberrechtshinweise und Marken d\u00fcrfen weder ver\u00e4ndert noch beseitigt werden. Die vollst\u00e4ndige oder teilweise Reproduktion von Elementen unserer Website, egal in welcher Form (insb. elektronisch oder ausgedruckt), ist nur unter vollst\u00e4ndiger Quellenangabe und vorheriger schriftlicher Zustimmung von uns zul\u00e4ssig. Ohne unsere schriftliche Genehmigung ist es untersagt, systematisch Inhalte unserer Website abzurufen (sei es durch Robots, Spiders, automatisiert oder manuell), um direkt oder indirekt eine Sammlung oder Datenbank oder ein Verzeichnis zusammenzustellen oder auf unsere Website zu verlinken. Wir behalten uns vor, s\u00e4mtliche M\u00f6glichkeiten zur Durchsetzung unserer Rechte vollumf\u00e4nglich wahrzunehmen.<\/p><p><strong>10. Links auf andere Websites und Inhalte Dritter<\/strong><\/p><p>Durch die Benutzung einer Verkn\u00fcpfung (eines Links) verlassen Sie m\u00f6glicherweise unsere Website zu Websites anderer Anbieter (sog. \u00abexterne Links\u00bb) und deren Inhalt. Links zu fremden Websites sowie Inhalte Dritter auf unserer Website werden von uns zus\u00e4tzlich zu den eigenen Inhalten nur aus Gr\u00fcnden der Benutzerfreundlichkeit und Information zur Verf\u00fcgung gestellt. Wir haben \u00fcber den Inhalt solcher fremden Websites bzw. Inhalte Dritter keine Kontrolle und \u00fcbernehmen keine Verantwortung bez\u00fcglich deren Richtigkeit, Genauigkeit, Vollst\u00e4ndigkeit, Wahrheit, Aktualit\u00e4t oder Eignung f\u00fcr bestimmte Zwecke. Jegliche Haftung, insbesondere f\u00fcr eventuelle direkte oder indirekte Sch\u00e4den oder Konsequenzen, die durch die Nutzung der Inhalte Dritter oder der fremden Websites entstehen, ist ausgeschlossen. Wir haben keinerlei Einfluss auf die Inhalte Dritter und der gelinkten Seiten und \u00fcbernehmen deshalb trotz sorgf\u00e4ltiger Auswahl keine Haftung f\u00fcr Inhalte Dritter oder Inhalte externer Links, insbesondere f\u00fcr solche, die nach der Linksetzung ver\u00e4ndert wurden. Die Verantwortlichkeit f\u00fcr den Inhalt Dritter oder der verlinkten Seiten liegt damit ausschliesslich bei den Autoren von Inhalten Dritter oder den Betreibern der durch die externen Links aufgerufenen Websites.<\/p><p>Zudem garantieren wir weder daf\u00fcr, dass aus solchen Websites oder deren Inhalt keine Urheber- oder Markenrechtsanspr\u00fcche oder sonstigen Verletzungen der Rechte von Dritten erwachsen, noch dass solche Websites oder deren Inhalt frei von Viren oder anderen sch\u00e4dlichen Komponenten sind. F\u00fcr die Authentizit\u00e4t der Dokumente im Internet wird keine Gew\u00e4hr gegeben.<\/p><p>Fremde Websites unterstehen nicht unseren Datenschutzrichtlinien. Wir \u00fcbernehmen f\u00fcr deren Datenschutz keine Verantwortung und empfehlen Ihnen, vor der Nutzung fremder Websites deren Nutzungsbedingungen und Datenschutzbestimmungen aufmerksam zu lesen, damit Sie wissen, wie Ihre pers\u00f6nlichen Daten und Ihre Privatsph\u00e4re gesch\u00fctzt werden.<\/p><p><strong>11. Datenschutz<\/strong><\/p><p>S\u00e4mtliche Aktivit\u00e4ten im Rahmen des Zugriffs und der Nutzung unserer Website k\u00f6nnen registriert und unter anderem zu Sicherheits-, Marketing- und System\u00fcberwachungszwecken analysiert und gespeichert werden. Weitere Informationen zum Datenschutz finden Sie in unseren Datenschutzerkl\u00e4rungen, die \u00fcber folgenden Link zug\u00e4nglich sind:<\/p><p><a href=\"https:\/\/aquila-vz.ch\/datenschutzerklaerung\/\">https:\/\/aquila-vz.ch\/datenschutzerklaerung\/<\/a><\/p><p><strong>12. \u00c4nderungen der Nutzungsbedingungen<\/strong><\/p><p>Wir behalten uns vor, diese Nutzungsbedingungen von Zeit zu Zeit und ohne vorg\u00e4ngige Ank\u00fcndigung zu \u00e4ndern. Wir bitten Sie deshalb, diese Nutzungsbedingungen bei jedem Zugriff auf unsere Website zu lesen und zu \u00fcberpr\u00fcfen, ob Sie sich auch mit der Neufassung einverstanden erkl\u00e4ren. Falls Sie eine oder mehrere Regelungen der aktuellen Nutzungsbedingungen nicht verstanden haben oder nicht akzeptieren, bitten wir Sie, unsere Website zu verlassen.<\/p><p><strong>13. Rechtswirksamkeit der Haftungsausschl\u00fcsse<\/strong><\/p><p>Die vorgenannten Haftungsausschl\u00fcsse sind als Teil des Internetangebotes zu betrachten, von dem aus auf diese Seite verwiesen wurde. Sofern Teile oder einzelne Formulierungen dieses Textes der geltenden Rechtslage nicht, nicht mehr oder nicht vollst\u00e4ndig entsprechen sollten, bleiben die \u00fcbrigen Teile des Dokuments in ihrem Inhalt und ihrer G\u00fcltigkeit davon unber\u00fchrt.<\/p><p><strong>14. Anwendbares Recht \/ Gerichtsstand<\/strong><\/p><p>Der Benutzerzugang und die Benutzung der Website sowie die Nutzungsbedingungen unterstehen f\u00fcr alle Nutzer unserer Website Schweizer Recht mit Gerichtsstand in Z\u00fcrich.<\/p>\t\t\t\t\t\t<\/div>\n\t\t\t\t<\/div>\n\t\t\t\t<\/div>\n\t\t\t\t\t<\/div>\n\t\t\t\t<\/div>\n\t\t\t\t<\/div>\n\t\t","protected":false},"excerpt":{"rendered":"<p>Rechtliche Hinweise \/ Nutzungsbedingungen 1. Einverst\u00e4ndnis Bitte lesen Sie die nachfolgenden rechtlichen Hinweise \/ Nutzungsbedingungen (\u00abNutzungsbedingungen\u00bb) vor dem Zugriff auf unsere Website aufmerksam durch. Mit dem Zugriff auf unsere Website und auf die darin enthaltenen oder beschriebenen Informationen, Funktionen, Unterlagen, Meinungen, Aussagen, Prognosen, Produkte, Dienstleistungen, weiteren Verkn\u00fcpfungen (Links) usw. (\u00abInformationen\u00bb) erkl\u00e4ren Sie, dass Sie die [&hellip;]<\/p>\n","protected":false},"author":1,"featured_media":0,"parent":0,"menu_order":0,"comment_status":"closed","ping_status":"closed","template":"","meta":{"footnotes":""},"yoast_head":"<!-- This site is optimized with the Yoast SEO plugin v22.3 - https:\/\/yoast.com\/wordpress\/plugins\/seo\/ -->\r\n<title>Aquila Verm&ouml;gensverwaltung Z&uuml;rich AG - Disclaimer<\/title>\r\n<meta name=\"description\" content=\"Klarer \u00dcberblick: Unser Disclaimer - Ihre verl\u00e4ssliche Informationsquelle. Rechtliche Klarheit und Transparenz.\" \/>\r\n<meta name=\"robots\" content=\"index, follow, max-snippet:-1, max-image-preview:large, max-video-preview:-1\" \/>\r\n<link rel=\"canonical\" href=\"https:\/\/aquila-vz.ch\/en\/disclaimer\/\" \/>\r\n<meta property=\"og:locale\" content=\"en_US\" \/>\r\n<meta property=\"og:type\" content=\"article\" \/>\r\n<meta property=\"og:title\" content=\"Aquila Verm&ouml;gensverwaltung Z&uuml;rich AG - Disclaimer\" \/>\r\n<meta property=\"og:description\" content=\"Klarer \u00dcberblick: Unser Disclaimer - Ihre verl\u00e4ssliche Informationsquelle. Rechtliche Klarheit und Transparenz.\" \/>\r\n<meta property=\"og:url\" content=\"https:\/\/aquila-vz.ch\/en\/disclaimer\/\" \/>\r\n<meta property=\"og:site_name\" content=\"Aquila Verm&ouml;gensverwaltung Z&uuml;rich AG\" \/>\r\n<meta property=\"article:modified_time\" content=\"2023-11-13T21:11:46+00:00\" \/>\r\n<meta name=\"twitter:card\" content=\"summary_large_image\" \/>\r\n<meta name=\"twitter:label1\" content=\"Est. reading time\" \/>\n\t<meta name=\"twitter:data1\" content=\"9 minutes\" \/>\r\n<script type=\"application\/ld+json\" class=\"yoast-schema-graph\">{\"@context\":\"https:\/\/schema.org\",\"@graph\":[{\"@type\":\"WebPage\",\"@id\":\"https:\/\/aquila-vz.ch\/disclaimer\/\",\"url\":\"https:\/\/aquila-vz.ch\/disclaimer\/\",\"name\":\"Aquila Verm&ouml;gensverwaltung Z&uuml;rich AG - Disclaimer\",\"isPartOf\":{\"@id\":\"https:\/\/aquila-vz.ch\/#website\"},\"datePublished\":\"2023-10-12T11:35:29+00:00\",\"dateModified\":\"2023-11-13T21:11:46+00:00\",\"description\":\"Klarer \u00dcberblick: Unser Disclaimer - Ihre verl\u00e4ssliche Informationsquelle. Rechtliche Klarheit und Transparenz.\",\"breadcrumb\":{\"@id\":\"https:\/\/aquila-vz.ch\/disclaimer\/#breadcrumb\"},\"inLanguage\":\"en-US\",\"potentialAction\":[{\"@type\":\"ReadAction\",\"target\":[\"https:\/\/aquila-vz.ch\/disclaimer\/\"]}]},{\"@type\":\"BreadcrumbList\",\"@id\":\"https:\/\/aquila-vz.ch\/disclaimer\/#breadcrumb\",\"itemListElement\":[{\"@type\":\"ListItem\",\"position\":1,\"name\":\"Startseite\",\"item\":\"https:\/\/aquila-vz.ch\/\"},{\"@type\":\"ListItem\",\"position\":2,\"name\":\"Disclaimer\"}]},{\"@type\":\"WebSite\",\"@id\":\"https:\/\/aquila-vz.ch\/#website\",\"url\":\"https:\/\/aquila-vz.ch\/\",\"name\":\"Aquila Verm&ouml;gensverwaltung Z&uuml;rich AG\",\"description\":\"\",\"publisher\":{\"@id\":\"https:\/\/aquila-vz.ch\/#organization\"},\"potentialAction\":[{\"@type\":\"SearchAction\",\"target\":{\"@type\":\"EntryPoint\",\"urlTemplate\":\"https:\/\/aquila-vz.ch\/?s={search_term_string}\"},\"query-input\":\"required name=search_term_string\"}],\"inLanguage\":\"en-US\"},{\"@type\":\"Organization\",\"@id\":\"https:\/\/aquila-vz.ch\/#organization\",\"name\":\"Aquila Verm&ouml;gensverwaltung Z&uuml;rich AG\",\"url\":\"https:\/\/aquila-vz.ch\/\",\"logo\":{\"@type\":\"ImageObject\",\"inLanguage\":\"en-US\",\"@id\":\"https:\/\/aquila-vz.ch\/#\/schema\/logo\/image\/\",\"url\":\"https:\/\/aquila-vz.ch\/wp-content\/uploads\/2023\/10\/cropped-Aquila-Logo-1.png\",\"contentUrl\":\"https:\/\/aquila-vz.ch\/wp-content\/uploads\/2023\/10\/cropped-Aquila-Logo-1.png\",\"width\":350,\"height\":112,\"caption\":\"Aquila Verm&ouml;gensverwaltung Z&uuml;rich AG\"},\"image\":{\"@id\":\"https:\/\/aquila-vz.ch\/#\/schema\/logo\/image\/\"}}]}<\/script>\r\n<!-- \/ Yoast SEO plugin. -->","yoast_head_json":{"title":"Aquila Verm&ouml;gensverwaltung Z&uuml;rich AG - Disclaimer","description":"Klarer \u00dcberblick: Unser Disclaimer - Ihre verl\u00e4ssliche Informationsquelle. Rechtliche Klarheit und Transparenz.","robots":{"index":"index","follow":"follow","max-snippet":"max-snippet:-1","max-image-preview":"max-image-preview:large","max-video-preview":"max-video-preview:-1"},"canonical":"https:\/\/aquila-vz.ch\/en\/disclaimer\/","og_locale":"en_US","og_type":"article","og_title":"Aquila Verm&ouml;gensverwaltung Z&uuml;rich AG - Disclaimer","og_description":"Klarer \u00dcberblick: Unser Disclaimer - Ihre verl\u00e4ssliche Informationsquelle. Rechtliche Klarheit und Transparenz.","og_url":"https:\/\/aquila-vz.ch\/en\/disclaimer\/","og_site_name":"Aquila Verm&ouml;gensverwaltung Z&uuml;rich AG","article_modified_time":"2023-11-13T21:11:46+00:00","twitter_card":"summary_large_image","twitter_misc":{"Est. reading time":"9 minutes"},"schema":{"@context":"https:\/\/schema.org","@graph":[{"@type":"WebPage","@id":"https:\/\/aquila-vz.ch\/disclaimer\/","url":"https:\/\/aquila-vz.ch\/disclaimer\/","name":"Aquila Verm&ouml;gensverwaltung Z&uuml;rich AG - Disclaimer","isPartOf":{"@id":"https:\/\/aquila-vz.ch\/#website"},"datePublished":"2023-10-12T11:35:29+00:00","dateModified":"2023-11-13T21:11:46+00:00","description":"Klarer \u00dcberblick: Unser Disclaimer - Ihre verl\u00e4ssliche Informationsquelle. Rechtliche Klarheit und Transparenz.","breadcrumb":{"@id":"https:\/\/aquila-vz.ch\/disclaimer\/#breadcrumb"},"inLanguage":"en-US","potentialAction":[{"@type":"ReadAction","target":["https:\/\/aquila-vz.ch\/disclaimer\/"]}]},{"@type":"BreadcrumbList","@id":"https:\/\/aquila-vz.ch\/disclaimer\/#breadcrumb","itemListElement":[{"@type":"ListItem","position":1,"name":"Startseite","item":"https:\/\/aquila-vz.ch\/"},{"@type":"ListItem","position":2,"name":"Disclaimer"}]},{"@type":"WebSite","@id":"https:\/\/aquila-vz.ch\/#website","url":"https:\/\/aquila-vz.ch\/","name":"Aquila Verm&ouml;gensverwaltung Z&uuml;rich AG","description":"","publisher":{"@id":"https:\/\/aquila-vz.ch\/#organization"},"potentialAction":[{"@type":"SearchAction","target":{"@type":"EntryPoint","urlTemplate":"https:\/\/aquila-vz.ch\/?s={search_term_string}"},"query-input":"required name=search_term_string"}],"inLanguage":"en-US"},{"@type":"Organization","@id":"https:\/\/aquila-vz.ch\/#organization","name":"Aquila Verm&ouml;gensverwaltung Z&uuml;rich AG","url":"https:\/\/aquila-vz.ch\/","logo":{"@type":"ImageObject","inLanguage":"en-US","@id":"https:\/\/aquila-vz.ch\/#\/schema\/logo\/image\/","url":"https:\/\/aquila-vz.ch\/wp-content\/uploads\/2023\/10\/cropped-Aquila-Logo-1.png","contentUrl":"https:\/\/aquila-vz.ch\/wp-content\/uploads\/2023\/10\/cropped-Aquila-Logo-1.png","width":350,"height":112,"caption":"Aquila Verm&ouml;gensverwaltung Z&uuml;rich AG"},"image":{"@id":"https:\/\/aquila-vz.ch\/#\/schema\/logo\/image\/"}}]}},"_links":{"self":[{"href":"https:\/\/aquila-vz.ch\/en\/wp-json\/wp\/v2\/pages\/187"}],"collection":[{"href":"https:\/\/aquila-vz.ch\/en\/wp-json\/wp\/v2\/pages"}],"about":[{"href":"https:\/\/aquila-vz.ch\/en\/wp-json\/wp\/v2\/types\/page"}],"author":[{"embeddable":true,"href":"https:\/\/aquila-vz.ch\/en\/wp-json\/wp\/v2\/users\/1"}],"replies":[{"embeddable":true,"href":"https:\/\/aquila-vz.ch\/en\/wp-json\/wp\/v2\/comments?post=187"}],"version-history":[{"count":60,"href":"https:\/\/aquila-vz.ch\/en\/wp-json\/wp\/v2\/pages\/187\/revisions"}],"predecessor-version":[{"id":921,"href":"https:\/\/aquila-vz.ch\/en\/wp-json\/wp\/v2\/pages\/187\/revisions\/921"}],"wp:attachment":[{"href":"https:\/\/aquila-vz.ch\/en\/wp-json\/wp\/v2\/media?parent=187"}],"curies":[{"name":"wp","href":"https:\/\/api.w.org\/{rel}","templated":true}]}}