{"id":177,"date":"2023-10-12T11:21:13","date_gmt":"2023-10-12T11:21:13","guid":{"rendered":"https:\/\/aquila-vz.ch\/?page_id=177"},"modified":"2026-04-10T16:27:22","modified_gmt":"2026-04-10T16:27:22","slug":"fidleg","status":"publish","type":"page","link":"https:\/\/aquila-vz.ch\/en\/fidleg\/","title":{"rendered":"FINSA"},"content":{"rendered":"\t\t<div data-elementor-type=\"wp-page\" data-elementor-id=\"177\" class=\"elementor elementor-177\">\n\t\t\t\t<div class=\"elementor-element elementor-element-ac2aeaa e-flex e-con-boxed e-con e-parent\" data-id=\"ac2aeaa\" data-element_type=\"container\" data-core-v316-plus=\"true\">\n\t\t\t\t\t<div class=\"e-con-inner\">\n\t\t<div class=\"elementor-element elementor-element-166a9f3 e-con-full e-flex e-con e-child\" data-id=\"166a9f3\" data-element_type=\"container\">\n\t\t\t\t<div class=\"elementor-element elementor-element-0c16216 elementor-widget elementor-widget-heading\" data-id=\"0c16216\" data-element_type=\"widget\" data-widget_type=\"heading.default\">\n\t\t\t\t<div class=\"elementor-widget-container\">\n\t\t\t<style>\/*! elementor - v3.20.0 - 20-03-2024 *\/\n.elementor-heading-title{padding:0;margin:0;line-height:1}.elementor-widget-heading .elementor-heading-title[class*=elementor-size-]>a{color:inherit;font-size:inherit;line-height:inherit}.elementor-widget-heading .elementor-heading-title.elementor-size-small{font-size:15px}.elementor-widget-heading .elementor-heading-title.elementor-size-medium{font-size:19px}.elementor-widget-heading .elementor-heading-title.elementor-size-large{font-size:29px}.elementor-widget-heading .elementor-heading-title.elementor-size-xl{font-size:39px}.elementor-widget-heading .elementor-heading-title.elementor-size-xxl{font-size:59px}<\/style><h2 class=\"elementor-heading-title elementor-size-medium\">Kundeninformation zum Finanzdienstleistungsgesetz (FIDLEG)<\/h2>\t\t<\/div>\n\t\t\t\t<\/div>\n\t\t\t\t<\/div>\n\t\t<div class=\"elementor-element elementor-element-28aece6 e-con-full e-flex e-con e-child\" data-id=\"28aece6\" data-element_type=\"container\">\n\t\t\t\t<\/div>\n\t\t\t\t\t<\/div>\n\t\t\t\t<\/div>\n\t\t<div class=\"elementor-element elementor-element-33433d9 e-flex e-con-boxed e-con e-parent\" data-id=\"33433d9\" data-element_type=\"container\" data-core-v316-plus=\"true\">\n\t\t\t\t\t<div class=\"e-con-inner\">\n\t\t<div class=\"elementor-element elementor-element-eb6121f e-con-full e-flex e-con e-child\" data-id=\"eb6121f\" data-element_type=\"container\">\n\t\t\t\t<div class=\"elementor-element elementor-element-6a89079 elementor-widget elementor-widget-text-editor\" data-id=\"6a89079\" data-element_type=\"widget\" data-widget_type=\"text-editor.default\">\n\t\t\t\t<div class=\"elementor-widget-container\">\n\t\t\t<style>\/*! elementor - v3.20.0 - 20-03-2024 *\/\n.elementor-widget-text-editor.elementor-drop-cap-view-stacked .elementor-drop-cap{background-color:#69727d;color:#fff}.elementor-widget-text-editor.elementor-drop-cap-view-framed .elementor-drop-cap{color:#69727d;border:3px solid;background-color:transparent}.elementor-widget-text-editor:not(.elementor-drop-cap-view-default) .elementor-drop-cap{margin-top:8px}.elementor-widget-text-editor:not(.elementor-drop-cap-view-default) .elementor-drop-cap-letter{width:1em;height:1em}.elementor-widget-text-editor .elementor-drop-cap{float:left;text-align:center;line-height:1;font-size:50px}.elementor-widget-text-editor .elementor-drop-cap-letter{display:inline-block}<\/style>\t\t\t\t<p>Am 1. Januar 2020 ist das neue Bundesgesetz \u00fcber die Finanzdienstleistungen (FIDLEG) in der Schweiz in Kraft getreten. Darin enthalten sind einerseits Vorschriften zum Angebot von Finanzdienstleistungen sowie Finanzprodukten und andererseits Schutzmechanismen f\u00fcr Anleger<br \/>und Anlegerinnen. Bereits vor Inkrafttreten des FIDLEG legten die Aquila AG und ihre Partnergesellschaften grossen Wert auf den Schutz der Interessen ihrer Kunden. Basierend auf der neuen Gesetzgebung wurden die bestehenden Prozesse weiter \u00fcberarbeitet und innerhalb der<br \/>vorgesehenen \u00dcbergangsfristen an die Anforderungen des FILDEG angepasst, wo dies n\u00f6tig war. Nachfolgend fassen wir die wichtigsten Informationen f\u00fcr Sie zusammen.<\/p><p><strong>\u00dcber uns<br \/><\/strong><\/p><p>Die Aquila Verm\u00f6gensverwaltung Z\u00fcrich AG (nachfolgend \u00abdie Gesellschaft\u00bb) ist eine unabh\u00e4ngige Verm\u00f6gensverwaltungsgesellschaft mit Sitz in Z\u00fcrich . Sie verf\u00fcgt \u00fcber eine Lizenz der Eidgen\u00f6ssischen Finanzmarktaufsicht (FINMA) als Verm\u00f6gensverwalter i.S.v. Art. 17 Abs. 1 FINIG<br \/>und wird direkt von der FINMA beaufsichtigt.<\/p><p>Als Partnergesellschaft der Aquila AG kann die Gesellschaft in den Bereichen Legal, Compliance &amp; Risk, Buchhaltung und IT auf spezifisches Fachwissen zur\u00fcckgreifen (Outsourcing). Die Aquila AG verf\u00fcgt \u00fcber eine Banklizenz und wird ebenfalls durch die FINMA beaufsichtigt.<\/p><p><strong>Unsere Dienstleistungen<\/strong><\/p><p>Wir bieten unseren Kunden und Kundinnen Dienstleistungen im Bereich der diskretion\u00e4ren Verm\u00f6gensverwaltung, der Anlageberatung sowie der reinen Transaktions\u00fcbermittlung (execution only) an. Zudem erbringen wir auf Wunsch weitere Family Office Dienstleistungen wie bspw. die Konsolidierung von zus\u00e4tzlichen Depots, administrative Unterst\u00fctzung bei der Zusammenarbeit mit Depotbanken etc. Unsere Lizenz erlaubt es uns weiter, Verm\u00f6gen der beruflichen Vorsorge sowie Fondsverm\u00f6gen bis zu CHF 100 Mio. zu verwalten. Zudem haben wir die M\u00f6glichkeit, Produkte zu strukturieren und f\u00fcr gewisse Zertifikate (Derivate) als Verm\u00f6gensverwalter zu agieren.<br \/><br \/>S\u00e4mtliche Dienstleistungen, die wir anbieten sowie die entsprechenden Kosten, sind im Mandatsvertrag detailliert umschrieben.<\/p><p><strong>Interessenkonflikte<\/strong><\/p><p>Im Rahmen unserer Dienstleistung ber\u00fccksichtigen wir ein umfassendes Angebot, welches durch\u00a0<span style=\"color: var( --e-global-color-primary ); font-family: var( --e-global-typography-text-font-family ), Sans-serif; font-size: var( --e-global-typography-text-font-size ); font-weight: var( --e-global-typography-text-font-weight ); text-align: var(--text-align);\">bew\u00e4hrte und auf Ihre Bed\u00fcrfnisse ausgerichtete Selektionsprozesse eingeschr\u00e4nkt wird. Daf\u00fcr\u00a0<\/span><span style=\"color: var( --e-global-color-primary ); font-family: var( --e-global-typography-text-font-family ), Sans-serif; font-size: var( --e-global-typography-text-font-size ); font-weight: var( --e-global-typography-text-font-weight ); text-align: var(--text-align);\">k\u00f6nnen wir auch auf Research Material von Dritten (z.B. Depotbanken) zur\u00fcckgreifen. Wir sind\u00a0<\/span><span style=\"color: var( --e-global-color-primary ); font-family: var( --e-global-typography-text-font-family ), Sans-serif; font-size: var( --e-global-typography-text-font-size ); font-weight: var( --e-global-typography-text-font-weight ); text-align: var(--text-align);\">bestrebt, Interessenkonflikte wo immer m\u00f6glich auszuschliessen und legen diese ansonsten\u00a0<\/span><span style=\"color: var( --e-global-color-primary ); font-family: var( --e-global-typography-text-font-family ), Sans-serif; font-size: var( --e-global-typography-text-font-size ); font-weight: var( --e-global-typography-text-font-weight ); text-align: var(--text-align);\">transparent offen. Sofern Research Material von Dritten verwendet und in der Umsetzung der\u00a0<\/span><span style=\"color: var( --e-global-color-primary ); font-family: var( --e-global-typography-text-font-family ), Sans-serif; font-size: var( --e-global-typography-text-font-size ); font-weight: var( --e-global-typography-text-font-weight ); text-align: var(--text-align);\">Anlagestrategie ber\u00fccksichtigt wird, geschieht dies ausschliesslich nach sorgf\u00e4ltiger Pr\u00fcfung und\u00a0<\/span><span style=\"color: var( --e-global-color-primary ); font-family: var( --e-global-typography-text-font-family ), Sans-serif; font-size: var( --e-global-typography-text-font-size ); font-weight: var( --e-global-typography-text-font-weight ); text-align: var(--text-align);\">Auswahl aus dem gesamten ber\u00fccksichtigten Marktangebot in Ihrem besten Sinne.\u00a0<\/span><\/p><p><span style=\"color: var( --e-global-color-primary ); font-family: var( --e-global-typography-text-font-family ), Sans-serif; font-size: var( --e-global-typography-text-font-size ); font-weight: var( --e-global-typography-text-font-weight ); text-align: var(--text-align);\">S\u00e4mtliche unserer Mitarbeiter sind an den internen Verhaltenskodex gebunden, welcher sicherstellt,\u00a0<\/span><span style=\"color: var( --e-global-color-primary ); font-family: var( --e-global-typography-text-font-family ), Sans-serif; font-size: var( --e-global-typography-text-font-size ); font-weight: var( --e-global-typography-text-font-weight ); text-align: var(--text-align);\">dass die Bed\u00fcrfnisse der Kunden und Kundinnen an oberster Stelle stehen. F\u00fcr weitere Informationen\u00a0<\/span><span style=\"color: var( --e-global-color-primary ); font-family: var( --e-global-typography-text-font-family ), Sans-serif; font-size: var( --e-global-typography-text-font-size ); font-weight: var( --e-global-typography-text-font-weight ); text-align: var(--text-align);\">stehen wir Ihnen selbstverst\u00e4ndlich gerne zur Verf\u00fcgung.<\/span><\/p><p><strong>Kundensegmentierung<\/strong><\/p><p>Ein wichtiges Element des Kundenschutzes im FIDLEG ist die Einteilung der Kunden und Kundinnen\u00a0<span style=\"color: var( --e-global-color-primary ); font-family: var( --e-global-typography-text-font-family ), Sans-serif; font-size: var( --e-global-typography-text-font-size ); font-weight: var( --e-global-typography-text-font-weight ); text-align: var(--text-align);\">in Anlegerschutzklassen. Wir nehmen dabei eine Segmentierung in die drei vorgesehenen Segmente\u00a0<\/span><span style=\"color: var( --e-global-color-primary ); font-family: var( --e-global-typography-text-font-family ), Sans-serif; font-size: var( --e-global-typography-text-font-size ); font-weight: var( --e-global-typography-text-font-weight ); text-align: var(--text-align);\">\u00abPrivatkunden\u00bb, \u00abprofessionelle Kunden\u00bb und \u00abinstitutionelle Kunden\u00bb vor. Privatkunden geniessen\u00a0<\/span><span style=\"color: var( --e-global-color-primary ); font-family: var( --e-global-typography-text-font-family ), Sans-serif; font-size: var( --e-global-typography-text-font-size ); font-weight: var( --e-global-typography-text-font-weight ); text-align: var(--text-align);\">dabei den h\u00f6chsten Anlegerschutz.\u00a0<\/span><span style=\"color: var( --e-global-color-primary ); font-family: var( --e-global-typography-text-font-family ), Sans-serif; font-size: var( --e-global-typography-text-font-size ); font-weight: var( --e-global-typography-text-font-weight ); text-align: var(--text-align);\">Sofern Sie keine anderweitige Information erhalten, sind Sie als Privatkunde eingestuft.\u00a0<\/span><span style=\"color: var( --e-global-color-primary ); font-family: var( --e-global-typography-text-font-family ), Sans-serif; font-size: var( --e-global-typography-text-font-size ); font-weight: var( --e-global-typography-text-font-weight ); text-align: var(--text-align);\">Selbstverst\u00e4ndlich k\u00f6nnen Sie jederzeit beantragen, dass Ihre Einstufung unter FIDLEG ge\u00e4ndert\u00a0<\/span><span style=\"color: var( --e-global-color-primary ); font-family: var( --e-global-typography-text-font-family ), Sans-serif; font-size: var( --e-global-typography-text-font-size ); font-weight: var( --e-global-typography-text-font-weight ); text-align: var(--text-align);\">wird. Wir werden mit Ihnen sodann die m\u00f6glichen Alternativen und die damit verbundenen\u00a0<\/span><span style=\"color: var( --e-global-color-primary ); font-family: var( --e-global-typography-text-font-family ), Sans-serif; font-size: var( --e-global-typography-text-font-size ); font-weight: var( --e-global-typography-text-font-weight ); text-align: var(--text-align);\">Voraussetzungen besprechen.<\/span><\/p><p><strong>Ombudsstelle<\/strong><\/p><p>Wenn es nach einer schriftlichen Beschwerde Ihrerseits an die Gesellschaft zu einem Konflikt kommt,\u00a0<span style=\"color: var( --e-global-color-primary ); font-family: var( --e-global-typography-text-font-family ), Sans-serif; font-size: var( --e-global-typography-text-font-size ); font-weight: var( --e-global-typography-text-font-weight ); text-align: var(--text-align);\">der nicht bilateral beigelegt werden kann, k\u00f6nnen Sie sich an die Ombudsstelle wenden. Das Ziel der\u00a0<\/span><span style=\"color: var( --e-global-color-primary ); font-family: var( --e-global-typography-text-font-family ), Sans-serif; font-size: var( --e-global-typography-text-font-size ); font-weight: var( --e-global-typography-text-font-weight ); text-align: var(--text-align);\">Ombudsstelle ist es, neutral und unabh\u00e4ngig eine Einigung zwischen den Parteien zu erzielen. Die\u00a0<\/span><span style=\"color: var( --e-global-color-primary ); font-family: var( --e-global-typography-text-font-family ), Sans-serif; font-size: var( --e-global-typography-text-font-size ); font-weight: var( --e-global-typography-text-font-weight ); text-align: var(--text-align);\">Dienstleistung der Ombudsstelle ist grunds\u00e4tzlich kosteng\u00fcnstig oder gar kostenlos und wird in den\u00a0<\/span><span style=\"color: var( --e-global-color-primary ); font-family: var( --e-global-typography-text-font-family ), Sans-serif; font-size: var( --e-global-typography-text-font-size ); font-weight: var( --e-global-typography-text-font-weight ); text-align: var(--text-align);\">Sprachen Deutsch, Franz\u00f6sisch, Italienisch und Englisch angeboten. Wir sind der nachstehenden\u00a0<\/span><span style=\"color: var( --e-global-color-primary ); font-family: var( --e-global-typography-text-font-family ), Sans-serif; font-size: var( --e-global-typography-text-font-size ); font-weight: var( --e-global-typography-text-font-weight ); text-align: var(--text-align);\">Ombudsstelle angeschlossen:<\/span><\/p><p><strong>Financial Services Ombudsman (FINSOM)<\/strong><\/p><p>Avenue de la gare 66<br \/>1920 Martigny<br \/>https:\/\/finsom.ch<\/p><p><strong>Kontakt<\/strong><\/p><p>Haben Sie noch weitere Fragen? Gerne stehen wir Ihnen unter folgenden Kontaktangaben zur Verf\u00fcgung:<\/p><p>Aquila Verm\u00f6gensverwaltung Z\u00fcrich AG<br \/>Bahnhofstrasse 43<br \/>8001 Z\u00fcrich<\/p><p><strong>Als pdf downloaden: <a href=\"https:\/\/aquila-vz.ch\/wp-content\/uploads\/2026\/04\/Fidleg-DE.pdf\">DE<\/a>, <a href=\"https:\/\/aquila-vz.ch\/wp-content\/uploads\/2026\/04\/Fidleg-EN.pdf\">EN<\/a><\/strong><\/p>\t\t\t\t\t\t<\/div>\n\t\t\t\t<\/div>\n\t\t\t\t<\/div>\n\t\t\t\t\t<\/div>\n\t\t\t\t<\/div>\n\t\t<div class=\"elementor-element elementor-element-6100fc8 e-flex e-con-boxed e-con e-parent\" data-id=\"6100fc8\" data-element_type=\"container\" data-core-v316-plus=\"true\">\n\t\t\t\t\t<div class=\"e-con-inner\">\n\t\t\t\t\t<\/div>\n\t\t\t\t<\/div>\n\t\t\t\t<\/div>\n\t\t","protected":false},"excerpt":{"rendered":"<p>Kundeninformation zum Finanzdienstleistungsgesetz (FIDLEG) Am 1. Januar 2020 ist das neue Bundesgesetz \u00fcber die Finanzdienstleistungen (FIDLEG) in der Schweiz in Kraft getreten. Darin enthalten sind einerseits Vorschriften zum Angebot von Finanzdienstleistungen sowie Finanzprodukten und andererseits Schutzmechanismen f\u00fcr Anlegerund Anlegerinnen. Bereits vor Inkrafttreten des FIDLEG legten die Aquila AG und ihre Partnergesellschaften grossen Wert auf den [&hellip;]<\/p>\n","protected":false},"author":1,"featured_media":0,"parent":0,"menu_order":0,"comment_status":"closed","ping_status":"closed","template":"","meta":{"footnotes":""},"yoast_head":"<!-- This site is optimized with the Yoast SEO plugin v22.3 - https:\/\/yoast.com\/wordpress\/plugins\/seo\/ -->\r\n<title>Aquila Verm&ouml;gensverwaltung Z&uuml;rich AG -<\/title>\r\n<meta name=\"description\" content=\"Alles Wichtige zum FIDLEG: Verstehen Sie die Finanzdienstleistungsgesetzgebung. Expertise und Compliance im Finanzsektor.\" \/>\r\n<meta name=\"robots\" content=\"index, follow, max-snippet:-1, max-image-preview:large, max-video-preview:-1\" \/>\r\n<link rel=\"canonical\" href=\"https:\/\/aquila-vz.ch\/en\/fidleg\/\" \/>\r\n<meta property=\"og:locale\" content=\"en_US\" \/>\r\n<meta property=\"og:type\" content=\"article\" \/>\r\n<meta property=\"og:title\" content=\"Aquila Verm&ouml;gensverwaltung Z&uuml;rich AG -\" \/>\r\n<meta property=\"og:description\" content=\"Alles Wichtige zum FIDLEG: Verstehen Sie die Finanzdienstleistungsgesetzgebung. Expertise und Compliance im Finanzsektor.\" \/>\r\n<meta property=\"og:url\" content=\"https:\/\/aquila-vz.ch\/en\/fidleg\/\" \/>\r\n<meta property=\"og:site_name\" content=\"Aquila Verm&ouml;gensverwaltung Z&uuml;rich AG\" \/>\r\n<meta property=\"article:modified_time\" content=\"2026-04-10T16:27:22+00:00\" \/>\r\n<meta name=\"twitter:card\" content=\"summary_large_image\" \/>\r\n<meta name=\"twitter:label1\" content=\"Est. reading time\" \/>\n\t<meta name=\"twitter:data1\" content=\"4 minutes\" \/>\r\n<script type=\"application\/ld+json\" class=\"yoast-schema-graph\">{\"@context\":\"https:\/\/schema.org\",\"@graph\":[{\"@type\":\"WebPage\",\"@id\":\"https:\/\/aquila-vz.ch\/fidleg\/\",\"url\":\"https:\/\/aquila-vz.ch\/fidleg\/\",\"name\":\"Aquila Verm&ouml;gensverwaltung Z&uuml;rich AG -\",\"isPartOf\":{\"@id\":\"https:\/\/aquila-vz.ch\/#website\"},\"datePublished\":\"2023-10-12T11:21:13+00:00\",\"dateModified\":\"2026-04-10T16:27:22+00:00\",\"description\":\"Alles Wichtige zum FIDLEG: Verstehen Sie die Finanzdienstleistungsgesetzgebung. Expertise und Compliance im Finanzsektor.\",\"breadcrumb\":{\"@id\":\"https:\/\/aquila-vz.ch\/fidleg\/#breadcrumb\"},\"inLanguage\":\"en-US\",\"potentialAction\":[{\"@type\":\"ReadAction\",\"target\":[\"https:\/\/aquila-vz.ch\/fidleg\/\"]}]},{\"@type\":\"BreadcrumbList\",\"@id\":\"https:\/\/aquila-vz.ch\/fidleg\/#breadcrumb\",\"itemListElement\":[{\"@type\":\"ListItem\",\"position\":1,\"name\":\"Startseite\",\"item\":\"https:\/\/aquila-vz.ch\/\"},{\"@type\":\"ListItem\",\"position\":2,\"name\":\"FIDLEG\"}]},{\"@type\":\"WebSite\",\"@id\":\"https:\/\/aquila-vz.ch\/#website\",\"url\":\"https:\/\/aquila-vz.ch\/\",\"name\":\"Aquila Verm&ouml;gensverwaltung Z&uuml;rich AG\",\"description\":\"\",\"publisher\":{\"@id\":\"https:\/\/aquila-vz.ch\/#organization\"},\"potentialAction\":[{\"@type\":\"SearchAction\",\"target\":{\"@type\":\"EntryPoint\",\"urlTemplate\":\"https:\/\/aquila-vz.ch\/?s={search_term_string}\"},\"query-input\":\"required name=search_term_string\"}],\"inLanguage\":\"en-US\"},{\"@type\":\"Organization\",\"@id\":\"https:\/\/aquila-vz.ch\/#organization\",\"name\":\"Aquila Verm&ouml;gensverwaltung Z&uuml;rich AG\",\"url\":\"https:\/\/aquila-vz.ch\/\",\"logo\":{\"@type\":\"ImageObject\",\"inLanguage\":\"en-US\",\"@id\":\"https:\/\/aquila-vz.ch\/#\/schema\/logo\/image\/\",\"url\":\"https:\/\/aquila-vz.ch\/wp-content\/uploads\/2023\/10\/cropped-Aquila-Logo-1.png\",\"contentUrl\":\"https:\/\/aquila-vz.ch\/wp-content\/uploads\/2023\/10\/cropped-Aquila-Logo-1.png\",\"width\":350,\"height\":112,\"caption\":\"Aquila Verm&ouml;gensverwaltung Z&uuml;rich AG\"},\"image\":{\"@id\":\"https:\/\/aquila-vz.ch\/#\/schema\/logo\/image\/\"}}]}<\/script>\r\n<!-- \/ Yoast SEO plugin. -->","yoast_head_json":{"title":"Aquila Verm&ouml;gensverwaltung Z&uuml;rich AG -","description":"Alles Wichtige zum FIDLEG: Verstehen Sie die Finanzdienstleistungsgesetzgebung. Expertise und Compliance im Finanzsektor.","robots":{"index":"index","follow":"follow","max-snippet":"max-snippet:-1","max-image-preview":"max-image-preview:large","max-video-preview":"max-video-preview:-1"},"canonical":"https:\/\/aquila-vz.ch\/en\/fidleg\/","og_locale":"en_US","og_type":"article","og_title":"Aquila Verm&ouml;gensverwaltung Z&uuml;rich AG -","og_description":"Alles Wichtige zum FIDLEG: Verstehen Sie die Finanzdienstleistungsgesetzgebung. Expertise und Compliance im Finanzsektor.","og_url":"https:\/\/aquila-vz.ch\/en\/fidleg\/","og_site_name":"Aquila Verm&ouml;gensverwaltung Z&uuml;rich AG","article_modified_time":"2026-04-10T16:27:22+00:00","twitter_card":"summary_large_image","twitter_misc":{"Est. reading time":"4 minutes"},"schema":{"@context":"https:\/\/schema.org","@graph":[{"@type":"WebPage","@id":"https:\/\/aquila-vz.ch\/fidleg\/","url":"https:\/\/aquila-vz.ch\/fidleg\/","name":"Aquila Verm&ouml;gensverwaltung Z&uuml;rich AG -","isPartOf":{"@id":"https:\/\/aquila-vz.ch\/#website"},"datePublished":"2023-10-12T11:21:13+00:00","dateModified":"2026-04-10T16:27:22+00:00","description":"Alles Wichtige zum FIDLEG: Verstehen Sie die Finanzdienstleistungsgesetzgebung. Expertise und Compliance im Finanzsektor.","breadcrumb":{"@id":"https:\/\/aquila-vz.ch\/fidleg\/#breadcrumb"},"inLanguage":"en-US","potentialAction":[{"@type":"ReadAction","target":["https:\/\/aquila-vz.ch\/fidleg\/"]}]},{"@type":"BreadcrumbList","@id":"https:\/\/aquila-vz.ch\/fidleg\/#breadcrumb","itemListElement":[{"@type":"ListItem","position":1,"name":"Startseite","item":"https:\/\/aquila-vz.ch\/"},{"@type":"ListItem","position":2,"name":"FIDLEG"}]},{"@type":"WebSite","@id":"https:\/\/aquila-vz.ch\/#website","url":"https:\/\/aquila-vz.ch\/","name":"Aquila Verm&ouml;gensverwaltung Z&uuml;rich AG","description":"","publisher":{"@id":"https:\/\/aquila-vz.ch\/#organization"},"potentialAction":[{"@type":"SearchAction","target":{"@type":"EntryPoint","urlTemplate":"https:\/\/aquila-vz.ch\/?s={search_term_string}"},"query-input":"required name=search_term_string"}],"inLanguage":"en-US"},{"@type":"Organization","@id":"https:\/\/aquila-vz.ch\/#organization","name":"Aquila Verm&ouml;gensverwaltung Z&uuml;rich AG","url":"https:\/\/aquila-vz.ch\/","logo":{"@type":"ImageObject","inLanguage":"en-US","@id":"https:\/\/aquila-vz.ch\/#\/schema\/logo\/image\/","url":"https:\/\/aquila-vz.ch\/wp-content\/uploads\/2023\/10\/cropped-Aquila-Logo-1.png","contentUrl":"https:\/\/aquila-vz.ch\/wp-content\/uploads\/2023\/10\/cropped-Aquila-Logo-1.png","width":350,"height":112,"caption":"Aquila Verm&ouml;gensverwaltung Z&uuml;rich AG"},"image":{"@id":"https:\/\/aquila-vz.ch\/#\/schema\/logo\/image\/"}}]}},"_links":{"self":[{"href":"https:\/\/aquila-vz.ch\/en\/wp-json\/wp\/v2\/pages\/177"}],"collection":[{"href":"https:\/\/aquila-vz.ch\/en\/wp-json\/wp\/v2\/pages"}],"about":[{"href":"https:\/\/aquila-vz.ch\/en\/wp-json\/wp\/v2\/types\/page"}],"author":[{"embeddable":true,"href":"https:\/\/aquila-vz.ch\/en\/wp-json\/wp\/v2\/users\/1"}],"replies":[{"embeddable":true,"href":"https:\/\/aquila-vz.ch\/en\/wp-json\/wp\/v2\/comments?post=177"}],"version-history":[{"count":47,"href":"https:\/\/aquila-vz.ch\/en\/wp-json\/wp\/v2\/pages\/177\/revisions"}],"predecessor-version":[{"id":1000,"href":"https:\/\/aquila-vz.ch\/en\/wp-json\/wp\/v2\/pages\/177\/revisions\/1000"}],"wp:attachment":[{"href":"https:\/\/aquila-vz.ch\/en\/wp-json\/wp\/v2\/media?parent=177"}],"curies":[{"name":"wp","href":"https:\/\/api.w.org\/{rel}","templated":true}]}}