{"id":170,"date":"2023-10-12T11:06:46","date_gmt":"2023-10-12T11:06:46","guid":{"rendered":"https:\/\/aquila-vz.ch\/?page_id=170"},"modified":"2024-03-24T20:46:38","modified_gmt":"2024-03-24T20:46:38","slug":"kontakt","status":"publish","type":"page","link":"https:\/\/aquila-vz.ch\/en\/kontakt\/","title":{"rendered":"Contact"},"content":{"rendered":"<div data-elementor-type=\"wp-page\" data-elementor-id=\"170\" class=\"elementor elementor-170\">\n\t\t\t\t<div class=\"elementor-element elementor-element-8125b1a e-flex e-con-boxed e-con e-parent\" data-id=\"8125b1a\" data-element_type=\"container\" data-core-v316-plus=\"true\">\n\t\t\t\t\t<div class=\"e-con-inner\">\n\t\t<div class=\"elementor-element elementor-element-ec82e3c e-con-full e-flex e-con e-child\" data-id=\"ec82e3c\" data-element_type=\"container\">\n\t\t\t\t<div class=\"elementor-element elementor-element-47fd305 elementor-widget elementor-widget-heading\" data-id=\"47fd305\" data-element_type=\"widget\" data-widget_type=\"heading.default\">\n\t\t\t\t<div class=\"elementor-widget-container\">\n\t\t\t<style>\/*! elementor - v3.20.0 - 20-03-2024 *\/\n.elementor-heading-title{padding:0;margin:0;line-height:1}.elementor-widget-heading .elementor-heading-title[class*=elementor-size-]>a{color:inherit;font-size:inherit;line-height:inherit}.elementor-widget-heading .elementor-heading-title.elementor-size-small{font-size:15px}.elementor-widget-heading .elementor-heading-title.elementor-size-medium{font-size:19px}.elementor-widget-heading .elementor-heading-title.elementor-size-large{font-size:29px}.elementor-widget-heading .elementor-heading-title.elementor-size-xl{font-size:39px}.elementor-widget-heading .elementor-heading-title.elementor-size-xxl{font-size:59px}<\/style><h2 class=\"elementor-heading-title elementor-size-medium\">Contact details<\/h2>\t\t<\/div>\n\t\t\t\t<\/div>\n\t\t\t\t<\/div>\n\t\t<div class=\"elementor-element elementor-element-5ffeb7e e-con-full e-flex e-con e-child\" data-id=\"5ffeb7e\" data-element_type=\"container\">\n\t\t\t\t<\/div>\n\t\t\t\t\t<\/div>\n\t\t\t\t<\/div>\n\t\t<div class=\"elementor-element elementor-element-33433d9 e-flex e-con-boxed e-con e-parent\" data-id=\"33433d9\" data-element_type=\"container\" data-core-v316-plus=\"true\">\n\t\t\t\t\t<div class=\"e-con-inner\">\n\t\t<div class=\"elementor-element elementor-element-eb6121f e-con-full e-flex e-con e-child\" data-id=\"eb6121f\" data-element_type=\"container\">\n\t\t\t\t<div class=\"elementor-element elementor-element-6a89079 elementor-widget elementor-widget-text-editor\" data-id=\"6a89079\" data-element_type=\"widget\" data-widget_type=\"text-editor.default\">\n\t\t\t\t<div class=\"elementor-widget-container\">\n\t\t\t<style>\/*! elementor - v3.20.0 - 20-03-2024 *\/\n.elementor-widget-text-editor.elementor-drop-cap-view-stacked .elementor-drop-cap{background-color:#69727d;color:#fff}.elementor-widget-text-editor.elementor-drop-cap-view-framed .elementor-drop-cap{color:#69727d;border:3px solid;background-color:transparent}.elementor-widget-text-editor:not(.elementor-drop-cap-view-default) .elementor-drop-cap{margin-top:8px}.elementor-widget-text-editor:not(.elementor-drop-cap-view-default) .elementor-drop-cap-letter{width:1em;height:1em}.elementor-widget-text-editor .elementor-drop-cap{float:left;text-align:center;line-height:1;font-size:50px}.elementor-widget-text-editor .elementor-drop-cap-letter{display:inline-block}<\/style>\t\t\t\t<div>Aquila Verm\u00f6gensverwaltung Z\u00fcrich AG<\/div><div>Bahnhofstrasse 43<\/div><div>CH-8001 Z\u00fcrich<\/div><div>\u00a0<\/div><div>E-Mail: info(at)aquila-vz.ch<\/div><div>\u00a0<\/div><div><p>Branch:<\/p><p>Huobmattstrasse 7<br \/>CH-6045 Meggen<\/p><\/div>\t\t\t\t\t\t<\/div>\n\t\t\t\t<\/div>\n\t\t\t\t<\/div>\n\t\t<div class=\"elementor-element elementor-element-0726a5b e-con-full e-flex e-con e-child\" data-id=\"0726a5b\" data-element_type=\"container\">\n\t\t\t\t<div class=\"elementor-element elementor-element-19b7c8c elementor-widget elementor-widget-google_maps\" data-id=\"19b7c8c\" data-element_type=\"widget\" data-widget_type=\"google_maps.default\">\n\t\t\t\t<div class=\"elementor-widget-container\">\n\t\t\t<style>\/*! elementor - v3.20.0 - 20-03-2024 *\/\n.elementor-widget-google_maps .elementor-widget-container{overflow:hidden}.elementor-widget-google_maps .elementor-custom-embed{line-height:0}.elementor-widget-google_maps iframe{height:300px}<\/style>\t\t<div class=\"elementor-custom-embed\">\n\t\t\t<iframe loading=\"lazy\"\n\t\t\t\t\tsrc=\"https:\/\/maps.google.com\/maps?q=Bahnhofstrasse%2043%2C%20Z%C3%BCrich&#038;t=m&#038;z=16&#038;output=embed&#038;iwloc=near\"\n\t\t\t\t\ttitle=\"Bahnhofstrasse 43, Z\u00fcrich\"\n\t\t\t\t\taria-label=\"Bahnhofstrasse 43, Z\u00fcrich\"\n\t\t\t><\/iframe>\n\t\t<\/div>\n\t\t\t\t<\/div>\n\t\t\t\t<\/div>\n\t\t\t\t<\/div>\n\t\t\t\t\t<\/div>\n\t\t\t\t<\/div>\n\t\t\t\t<\/div>","protected":false},"excerpt":{"rendered":"<p>Kontaktdaten Aquila Verm\u00f6gensverwaltung Z\u00fcrich AGBahnhofstrasse 43CH-8001 Z\u00fcrich\u00a0E-Mail: info(at)aquila-vz.ch\u00a0 Zweigniederlassung: Huobmattstrasse 7CH-6045 Meggen<\/p>","protected":false},"author":1,"featured_media":0,"parent":0,"menu_order":0,"comment_status":"closed","ping_status":"closed","template":"","meta":{"footnotes":""},"yoast_head":"<!-- This site is optimized with the Yoast SEO plugin v22.3 - https:\/\/yoast.com\/wordpress\/plugins\/seo\/ -->\r\n<title>Aquila Verm&ouml;gensverwaltung Z&uuml;rich AG - Kontakt<\/title>\r\n<meta name=\"description\" content=\"Kontaktieren Sie uns m\u00fchelos: Finden Sie die richtige Verbindung zu Ihren Anliegen. Unser Team ist f\u00fcr Sie da \u2013 kontaktieren Sie uns noch heute!\" \/>\r\n<meta name=\"robots\" content=\"index, follow, max-snippet:-1, max-image-preview:large, max-video-preview:-1\" \/>\r\n<link rel=\"canonical\" href=\"https:\/\/aquila-vz.ch\/en\/kontakt\/\" \/>\r\n<meta property=\"og:locale\" content=\"en_US\" \/>\r\n<meta property=\"og:type\" content=\"article\" \/>\r\n<meta property=\"og:title\" content=\"Aquila Verm&ouml;gensverwaltung Z&uuml;rich AG - Kontakt\" \/>\r\n<meta property=\"og:description\" content=\"Kontaktieren Sie uns m\u00fchelos: Finden Sie die richtige Verbindung zu Ihren Anliegen. Unser Team ist f\u00fcr Sie da \u2013 kontaktieren Sie uns noch heute!\" \/>\r\n<meta property=\"og:url\" content=\"https:\/\/aquila-vz.ch\/en\/kontakt\/\" \/>\r\n<meta property=\"og:site_name\" content=\"Aquila Verm&ouml;gensverwaltung Z&uuml;rich AG\" \/>\r\n<meta property=\"article:modified_time\" content=\"2024-03-24T20:46:38+00:00\" \/>\r\n<meta name=\"twitter:card\" content=\"summary_large_image\" \/>\r\n<meta name=\"twitter:label1\" content=\"Est. reading time\" \/>\n\t<meta name=\"twitter:data1\" content=\"1 minute\" \/>\r\n<script type=\"application\/ld+json\" class=\"yoast-schema-graph\">{\"@context\":\"https:\/\/schema.org\",\"@graph\":[{\"@type\":\"WebPage\",\"@id\":\"https:\/\/aquila-vz.ch\/kontakt\/\",\"url\":\"https:\/\/aquila-vz.ch\/kontakt\/\",\"name\":\"Aquila Verm&ouml;gensverwaltung Z&uuml;rich AG - Kontakt\",\"isPartOf\":{\"@id\":\"https:\/\/aquila-vz.ch\/#website\"},\"datePublished\":\"2023-10-12T11:06:46+00:00\",\"dateModified\":\"2024-03-24T20:46:38+00:00\",\"description\":\"Kontaktieren Sie uns m\u00fchelos: Finden Sie die richtige Verbindung zu Ihren Anliegen. Unser Team ist f\u00fcr Sie da \u2013 kontaktieren Sie uns noch heute!\",\"breadcrumb\":{\"@id\":\"https:\/\/aquila-vz.ch\/kontakt\/#breadcrumb\"},\"inLanguage\":\"en-US\",\"potentialAction\":[{\"@type\":\"ReadAction\",\"target\":[\"https:\/\/aquila-vz.ch\/kontakt\/\"]}]},{\"@type\":\"BreadcrumbList\",\"@id\":\"https:\/\/aquila-vz.ch\/kontakt\/#breadcrumb\",\"itemListElement\":[{\"@type\":\"ListItem\",\"position\":1,\"name\":\"Startseite\",\"item\":\"https:\/\/aquila-vz.ch\/\"},{\"@type\":\"ListItem\",\"position\":2,\"name\":\"Kontakt\"}]},{\"@type\":\"WebSite\",\"@id\":\"https:\/\/aquila-vz.ch\/#website\",\"url\":\"https:\/\/aquila-vz.ch\/\",\"name\":\"Aquila Verm&ouml;gensverwaltung Z&uuml;rich AG\",\"description\":\"\",\"publisher\":{\"@id\":\"https:\/\/aquila-vz.ch\/#organization\"},\"potentialAction\":[{\"@type\":\"SearchAction\",\"target\":{\"@type\":\"EntryPoint\",\"urlTemplate\":\"https:\/\/aquila-vz.ch\/?s={search_term_string}\"},\"query-input\":\"required name=search_term_string\"}],\"inLanguage\":\"en-US\"},{\"@type\":\"Organization\",\"@id\":\"https:\/\/aquila-vz.ch\/#organization\",\"name\":\"Aquila Verm&ouml;gensverwaltung Z&uuml;rich AG\",\"url\":\"https:\/\/aquila-vz.ch\/\",\"logo\":{\"@type\":\"ImageObject\",\"inLanguage\":\"en-US\",\"@id\":\"https:\/\/aquila-vz.ch\/#\/schema\/logo\/image\/\",\"url\":\"https:\/\/aquila-vz.ch\/wp-content\/uploads\/2023\/10\/cropped-Aquila-Logo-1.png\",\"contentUrl\":\"https:\/\/aquila-vz.ch\/wp-content\/uploads\/2023\/10\/cropped-Aquila-Logo-1.png\",\"width\":350,\"height\":112,\"caption\":\"Aquila Verm&ouml;gensverwaltung Z&uuml;rich AG\"},\"image\":{\"@id\":\"https:\/\/aquila-vz.ch\/#\/schema\/logo\/image\/\"}}]}<\/script>\r\n<!-- \/ Yoast SEO plugin. -->","yoast_head_json":{"title":"Aquila Verm&ouml;gensverwaltung Z&uuml;rich AG - Kontakt","description":"Kontaktieren Sie uns m\u00fchelos: Finden Sie die richtige Verbindung zu Ihren Anliegen. Unser Team ist f\u00fcr Sie da \u2013 kontaktieren Sie uns noch heute!","robots":{"index":"index","follow":"follow","max-snippet":"max-snippet:-1","max-image-preview":"max-image-preview:large","max-video-preview":"max-video-preview:-1"},"canonical":"https:\/\/aquila-vz.ch\/en\/kontakt\/","og_locale":"en_US","og_type":"article","og_title":"Aquila Verm&ouml;gensverwaltung Z&uuml;rich AG - Kontakt","og_description":"Kontaktieren Sie uns m\u00fchelos: Finden Sie die richtige Verbindung zu Ihren Anliegen. Unser Team ist f\u00fcr Sie da \u2013 kontaktieren Sie uns noch heute!","og_url":"https:\/\/aquila-vz.ch\/en\/kontakt\/","og_site_name":"Aquila Verm&ouml;gensverwaltung Z&uuml;rich AG","article_modified_time":"2024-03-24T20:46:38+00:00","twitter_card":"summary_large_image","twitter_misc":{"Est. reading time":"1 minute"},"schema":{"@context":"https:\/\/schema.org","@graph":[{"@type":"WebPage","@id":"https:\/\/aquila-vz.ch\/kontakt\/","url":"https:\/\/aquila-vz.ch\/kontakt\/","name":"Aquila Verm&ouml;gensverwaltung Z&uuml;rich AG - Kontakt","isPartOf":{"@id":"https:\/\/aquila-vz.ch\/#website"},"datePublished":"2023-10-12T11:06:46+00:00","dateModified":"2024-03-24T20:46:38+00:00","description":"Kontaktieren Sie uns m\u00fchelos: Finden Sie die richtige Verbindung zu Ihren Anliegen. Unser Team ist f\u00fcr Sie da \u2013 kontaktieren Sie uns noch heute!","breadcrumb":{"@id":"https:\/\/aquila-vz.ch\/kontakt\/#breadcrumb"},"inLanguage":"en-US","potentialAction":[{"@type":"ReadAction","target":["https:\/\/aquila-vz.ch\/kontakt\/"]}]},{"@type":"BreadcrumbList","@id":"https:\/\/aquila-vz.ch\/kontakt\/#breadcrumb","itemListElement":[{"@type":"ListItem","position":1,"name":"Startseite","item":"https:\/\/aquila-vz.ch\/"},{"@type":"ListItem","position":2,"name":"Kontakt"}]},{"@type":"WebSite","@id":"https:\/\/aquila-vz.ch\/#website","url":"https:\/\/aquila-vz.ch\/","name":"Aquila Verm&ouml;gensverwaltung Z&uuml;rich AG","description":"","publisher":{"@id":"https:\/\/aquila-vz.ch\/#organization"},"potentialAction":[{"@type":"SearchAction","target":{"@type":"EntryPoint","urlTemplate":"https:\/\/aquila-vz.ch\/?s={search_term_string}"},"query-input":"required name=search_term_string"}],"inLanguage":"en-US"},{"@type":"Organization","@id":"https:\/\/aquila-vz.ch\/#organization","name":"Aquila Verm&ouml;gensverwaltung Z&uuml;rich AG","url":"https:\/\/aquila-vz.ch\/","logo":{"@type":"ImageObject","inLanguage":"en-US","@id":"https:\/\/aquila-vz.ch\/#\/schema\/logo\/image\/","url":"https:\/\/aquila-vz.ch\/wp-content\/uploads\/2023\/10\/cropped-Aquila-Logo-1.png","contentUrl":"https:\/\/aquila-vz.ch\/wp-content\/uploads\/2023\/10\/cropped-Aquila-Logo-1.png","width":350,"height":112,"caption":"Aquila Verm&ouml;gensverwaltung Z&uuml;rich AG"},"image":{"@id":"https:\/\/aquila-vz.ch\/#\/schema\/logo\/image\/"}}]}},"_links":{"self":[{"href":"https:\/\/aquila-vz.ch\/en\/wp-json\/wp\/v2\/pages\/170"}],"collection":[{"href":"https:\/\/aquila-vz.ch\/en\/wp-json\/wp\/v2\/pages"}],"about":[{"href":"https:\/\/aquila-vz.ch\/en\/wp-json\/wp\/v2\/types\/page"}],"author":[{"embeddable":true,"href":"https:\/\/aquila-vz.ch\/en\/wp-json\/wp\/v2\/users\/1"}],"replies":[{"embeddable":true,"href":"https:\/\/aquila-vz.ch\/en\/wp-json\/wp\/v2\/comments?post=170"}],"version-history":[{"count":51,"href":"https:\/\/aquila-vz.ch\/en\/wp-json\/wp\/v2\/pages\/170\/revisions"}],"predecessor-version":[{"id":975,"href":"https:\/\/aquila-vz.ch\/en\/wp-json\/wp\/v2\/pages\/170\/revisions\/975"}],"wp:attachment":[{"href":"https:\/\/aquila-vz.ch\/en\/wp-json\/wp\/v2\/media?parent=170"}],"curies":[{"name":"wp","href":"https:\/\/api.w.org\/{rel}","templated":true}]}}