{"id":155,"date":"2023-10-12T10:41:04","date_gmt":"2023-10-12T10:41:04","guid":{"rendered":"https:\/\/aquila-vz.ch\/?page_id=155"},"modified":"2026-01-23T11:55:23","modified_gmt":"2026-01-23T11:55:23","slug":"depotbanken","status":"publish","type":"page","link":"https:\/\/aquila-vz.ch\/en\/depotbanken\/","title":{"rendered":"Custodian banks"},"content":{"rendered":"<div data-elementor-type=\"wp-page\" data-elementor-id=\"155\" class=\"elementor elementor-155\">\n\t\t\t\t<div class=\"elementor-element elementor-element-3ea36cc e-flex e-con-boxed e-con e-parent\" data-id=\"3ea36cc\" data-element_type=\"container\" data-core-v316-plus=\"true\">\n\t\t\t\t\t<div class=\"e-con-inner\">\n\t\t<div class=\"elementor-element elementor-element-12d15ef e-con-full e-flex e-con e-child\" data-id=\"12d15ef\" data-element_type=\"container\">\n\t\t\t\t<div class=\"elementor-element elementor-element-58e9b6e elementor-widget elementor-widget-heading\" data-id=\"58e9b6e\" data-element_type=\"widget\" data-widget_type=\"heading.default\">\n\t\t\t\t<div class=\"elementor-widget-container\">\n\t\t\t<style>\/*! elementor - v3.20.0 - 20-03-2024 *\/\n.elementor-heading-title{padding:0;margin:0;line-height:1}.elementor-widget-heading .elementor-heading-title[class*=elementor-size-]>a{color:inherit;font-size:inherit;line-height:inherit}.elementor-widget-heading .elementor-heading-title.elementor-size-small{font-size:15px}.elementor-widget-heading .elementor-heading-title.elementor-size-medium{font-size:19px}.elementor-widget-heading .elementor-heading-title.elementor-size-large{font-size:29px}.elementor-widget-heading .elementor-heading-title.elementor-size-xl{font-size:39px}.elementor-widget-heading .elementor-heading-title.elementor-size-xxl{font-size:59px}<\/style><h2 class=\"elementor-heading-title elementor-size-medium\">Custodian banks<\/h2>\t\t<\/div>\n\t\t\t\t<\/div>\n\t\t\t\t<\/div>\n\t\t<div class=\"elementor-element elementor-element-53f7e43 e-con-full e-flex e-con e-child\" data-id=\"53f7e43\" data-element_type=\"container\">\n\t\t\t\t<\/div>\n\t\t\t\t\t<\/div>\n\t\t\t\t<\/div>\n\t\t<div class=\"elementor-element elementor-element-33433d9 e-flex e-con-boxed e-con e-parent\" data-id=\"33433d9\" data-element_type=\"container\" data-core-v316-plus=\"true\">\n\t\t\t\t\t<div class=\"e-con-inner\">\n\t\t<div class=\"elementor-element elementor-element-eb6121f e-con-full e-flex e-con e-child\" data-id=\"eb6121f\" data-element_type=\"container\">\n\t\t\t\t<div class=\"elementor-element elementor-element-6a89079 elementor-widget elementor-widget-text-editor\" data-id=\"6a89079\" data-element_type=\"widget\" data-widget_type=\"text-editor.default\">\n\t\t\t\t<div class=\"elementor-widget-container\">\n\t\t\t<style>\/*! elementor - v3.20.0 - 20-03-2024 *\/\n.elementor-widget-text-editor.elementor-drop-cap-view-stacked .elementor-drop-cap{background-color:#69727d;color:#fff}.elementor-widget-text-editor.elementor-drop-cap-view-framed .elementor-drop-cap{color:#69727d;border:3px solid;background-color:transparent}.elementor-widget-text-editor:not(.elementor-drop-cap-view-default) .elementor-drop-cap{margin-top:8px}.elementor-widget-text-editor:not(.elementor-drop-cap-view-default) .elementor-drop-cap-letter{width:1em;height:1em}.elementor-widget-text-editor .elementor-drop-cap{float:left;text-align:center;line-height:1;font-size:50px}.elementor-widget-text-editor .elementor-drop-cap-letter{display:inline-block}<\/style>\t\t\t\t<p>The choice of custodian bank is a crucial criterion for implementing your financial goals. We will discuss with you in a personal conversation which institute is best suited for you.<\/p><p>Our custodian banks (in alphabetical order, not exhaustive)<\/p>\t\t\t\t\t\t<\/div>\n\t\t\t\t<\/div>\n\t\t\t\t<div class=\"elementor-element elementor-element-8d08db2 elementor-icon-list--layout-traditional elementor-list-item-link-full_width elementor-widget elementor-widget-icon-list\" data-id=\"8d08db2\" data-element_type=\"widget\" data-widget_type=\"icon-list.default\">\n\t\t\t\t<div class=\"elementor-widget-container\">\n\t\t\t<link rel=\"stylesheet\" href=\"https:\/\/aquila-vz.ch\/wp-content\/plugins\/elementor\/assets\/css\/widget-icon-list.min.css\">\t\t<ul class=\"elementor-icon-list-items\">\n\t\t\t\t\t\t\t<li class=\"elementor-icon-list-item\">\n\t\t\t\t\t\t\t\t\t\t\t<a href=\"https:\/\/www.aquila.ch\/bank\/\" target=\"_blank\">\n\n\t\t\t\t\t\t\t\t\t\t\t\t<span class=\"elementor-icon-list-icon\">\n\t\t\t\t\t\t\t<i aria-hidden=\"true\" class=\"fas fa-check\"><\/i>\t\t\t\t\t\t<\/span>\n\t\t\t\t\t\t\t\t\t\t<span class=\"elementor-icon-list-text\">https:\/\/www.aquila.ch\/en\/bank\/<\/span>\n\t\t\t\t\t\t\t\t\t\t\t<\/a>\n\t\t\t\t\t\t\t\t\t<\/li>\n\t\t\t\t\t\t\t\t<li class=\"elementor-icon-list-item\">\n\t\t\t\t\t\t\t\t\t\t\t<a href=\"https:\/\/www.vontobel.com\/de-ch\/\" target=\"_blank\">\n\n\t\t\t\t\t\t\t\t\t\t\t\t<span class=\"elementor-icon-list-icon\">\n\t\t\t\t\t\t\t<i aria-hidden=\"true\" class=\"fas fa-check\"><\/i>\t\t\t\t\t\t<\/span>\n\t\t\t\t\t\t\t\t\t\t<span class=\"elementor-icon-list-text\">https:\/\/www.vontobel.com\/en-ch\/<\/span>\n\t\t\t\t\t\t\t\t\t\t\t<\/a>\n\t\t\t\t\t\t\t\t\t<\/li>\n\t\t\t\t\t\t\t\t<li class=\"elementor-icon-list-item\">\n\t\t\t\t\t\t\t\t\t\t\t<a href=\"https:\/\/www.lukb.ch\/de\/\" target=\"_blank\">\n\n\t\t\t\t\t\t\t\t\t\t\t\t<span class=\"elementor-icon-list-icon\">\n\t\t\t\t\t\t\t<i aria-hidden=\"true\" class=\"fas fa-check\"><\/i>\t\t\t\t\t\t<\/span>\n\t\t\t\t\t\t\t\t\t\t<span class=\"elementor-icon-list-text\">Luzerner Kantonalbank AG<\/span>\n\t\t\t\t\t\t\t\t\t\t\t<\/a>\n\t\t\t\t\t\t\t\t\t<\/li>\n\t\t\t\t\t\t\t\t<li class=\"elementor-icon-list-item\">\n\t\t\t\t\t\t\t\t\t\t\t<a href=\"https:\/\/www.zkb.ch\/\" target=\"_blank\">\n\n\t\t\t\t\t\t\t\t\t\t\t\t<span class=\"elementor-icon-list-icon\">\n\t\t\t\t\t\t\t<i aria-hidden=\"true\" class=\"fas fa-check\"><\/i>\t\t\t\t\t\t<\/span>\n\t\t\t\t\t\t\t\t\t\t<span class=\"elementor-icon-list-text\">https:\/\/www.zkb.ch\/en\/home.html<\/span>\n\t\t\t\t\t\t\t\t\t\t\t<\/a>\n\t\t\t\t\t\t\t\t\t<\/li>\n\t\t\t\t\t\t\t\t<li class=\"elementor-icon-list-item\">\n\t\t\t\t\t\t\t\t\t\t\t<a href=\"https:\/\/www.bankzweiplus.ch\/internet\/bziech\/iech_index.htm\" target=\"_blank\">\n\n\t\t\t\t\t\t\t\t\t\t\t\t<span class=\"elementor-icon-list-icon\">\n\t\t\t\t\t\t\t<i aria-hidden=\"true\" class=\"fas fa-check\"><\/i>\t\t\t\t\t\t<\/span>\n\t\t\t\t\t\t\t\t\t\t<span class=\"elementor-icon-list-text\">bank zweiplus ag<\/span>\n\t\t\t\t\t\t\t\t\t\t\t<\/a>\n\t\t\t\t\t\t\t\t\t<\/li>\n\t\t\t\t\t\t<\/ul>\n\t\t\t\t<\/div>\n\t\t\t\t<\/div>\n\t\t\t\t<div class=\"elementor-element elementor-element-64ccae6 elementor-widget elementor-widget-text-editor\" data-id=\"64ccae6\" data-element_type=\"widget\" data-widget_type=\"text-editor.default\">\n\t\t\t\t<div class=\"elementor-widget-container\">\n\t\t\t\t\t\t\t<p>At the request of our clients, we can also enter into relationships with other banking institutions.<\/p>\t\t\t\t\t\t<\/div>\n\t\t\t\t<\/div>\n\t\t\t\t<\/div>\n\t\t<div class=\"elementor-element elementor-element-0726a5b e-con-full e-flex e-con e-child\" data-id=\"0726a5b\" data-element_type=\"container\">\n\t\t\t\t<div class=\"elementor-element elementor-element-0d13caf elementor-widget elementor-widget-image\" data-id=\"0d13caf\" data-element_type=\"widget\" data-widget_type=\"image.default\">\n\t\t\t\t<div class=\"elementor-widget-container\">\n\t\t\t<style>\/*! elementor - v3.20.0 - 20-03-2024 *\/\n.elementor-widget-image{text-align:center}.elementor-widget-image a{display:inline-block}.elementor-widget-image a img[src$=\".svg\"]{width:48px}.elementor-widget-image img{vertical-align:middle;display:inline-block}<\/style>\t\t\t\t\t\t\t\t\t\t<img fetchpriority=\"high\" decoding=\"async\" width=\"405\" height=\"228\" src=\"https:\/\/aquila-vz.ch\/wp-content\/uploads\/2023\/10\/aktuell0.jpg\" class=\"attachment-large size-large wp-image-567\" alt=\"\" srcset=\"https:\/\/aquila-vz.ch\/wp-content\/uploads\/2023\/10\/aktuell0.jpg 405w, https:\/\/aquila-vz.ch\/wp-content\/uploads\/2023\/10\/aktuell0-300x169.jpg 300w\" sizes=\"(max-width: 405px) 100vw, 405px\" \/>\t\t\t\t\t\t\t\t\t\t\t\t\t<\/div>\n\t\t\t\t<\/div>\n\t\t\t\t<\/div>\n\t\t\t\t\t<\/div>\n\t\t\t\t<\/div>\n\t\t<div class=\"elementor-element elementor-element-6100fc8 e-flex e-con-boxed e-con e-parent\" data-id=\"6100fc8\" data-element_type=\"container\" data-core-v316-plus=\"true\">\n\t\t\t\t\t<div class=\"e-con-inner\">\n\t\t\t\t\t<\/div>\n\t\t\t\t<\/div>\n\t\t\t\t<\/div>","protected":false},"excerpt":{"rendered":"<p>Depotbanken Die Wahl der Depotbank ist ein entscheidendes Kriterium f\u00fcr die Umsetzung Ihrer finanziellen Zielvorgaben. Welches Institut sich f\u00fcr Sie am besten eignet, er\u00f6rtern wir mit Ihnen in einem pers\u00f6nlichen Gespr\u00e4ch. Unsere Depotbanken (in alphabetischer Reihenfolge, nicht abschliessend) Aquila AG Bank Vontobel AG Luzerner Kantonalbank AG Z\u00fcrcher Kantonalbank bank zweiplus ag Auf Wunsch unserer Mandanten [&hellip;]<\/p>","protected":false},"author":1,"featured_media":0,"parent":0,"menu_order":0,"comment_status":"closed","ping_status":"closed","template":"","meta":{"footnotes":""},"yoast_head":"<!-- This site is optimized with the Yoast SEO plugin v22.3 - https:\/\/yoast.com\/wordpress\/plugins\/seo\/ -->\r\n<title>Aquila Verm&ouml;gensverwaltung Z&uuml;rich AG- Depotbanken<\/title>\r\n<meta name=\"description\" content=\"Entscheidende Depotbankwahl: Gemeinsam finden wir die optimale L\u00f6sung f\u00fcr Ihre Finanzziele. Unsere Partnerbanken im \u00dcberblick.\" \/>\r\n<meta name=\"robots\" content=\"index, follow, max-snippet:-1, max-image-preview:large, max-video-preview:-1\" \/>\r\n<link rel=\"canonical\" href=\"https:\/\/aquila-vz.ch\/en\/depotbanken\/\" \/>\r\n<meta property=\"og:locale\" content=\"en_US\" \/>\r\n<meta property=\"og:type\" content=\"article\" \/>\r\n<meta property=\"og:title\" content=\"Aquila Verm&ouml;gensverwaltung Z&uuml;rich AG- Depotbanken\" \/>\r\n<meta property=\"og:description\" content=\"Entscheidende Depotbankwahl: Gemeinsam finden wir die optimale L\u00f6sung f\u00fcr Ihre Finanzziele. Unsere Partnerbanken im \u00dcberblick.\" \/>\r\n<meta property=\"og:url\" content=\"https:\/\/aquila-vz.ch\/en\/depotbanken\/\" \/>\r\n<meta property=\"og:site_name\" content=\"Aquila Verm&ouml;gensverwaltung Z&uuml;rich AG\" \/>\r\n<meta property=\"article:modified_time\" content=\"2026-01-23T11:55:23+00:00\" \/>\r\n<meta property=\"og:image\" content=\"https:\/\/aquila-vz.ch\/wp-content\/uploads\/2023\/10\/aktuell0.jpg\" \/>\r\n<meta name=\"twitter:card\" content=\"summary_large_image\" \/>\r\n<meta name=\"twitter:label1\" content=\"Est. reading time\" \/>\n\t<meta name=\"twitter:data1\" content=\"1 minute\" \/>\r\n<script type=\"application\/ld+json\" class=\"yoast-schema-graph\">{\"@context\":\"https:\/\/schema.org\",\"@graph\":[{\"@type\":\"WebPage\",\"@id\":\"https:\/\/aquila-vz.ch\/depotbanken\/\",\"url\":\"https:\/\/aquila-vz.ch\/depotbanken\/\",\"name\":\"Aquila Verm&ouml;gensverwaltung Z&uuml;rich AG- Depotbanken\",\"isPartOf\":{\"@id\":\"https:\/\/aquila-vz.ch\/#website\"},\"primaryImageOfPage\":{\"@id\":\"https:\/\/aquila-vz.ch\/depotbanken\/#primaryimage\"},\"image\":{\"@id\":\"https:\/\/aquila-vz.ch\/depotbanken\/#primaryimage\"},\"thumbnailUrl\":\"https:\/\/aquila-vz.ch\/wp-content\/uploads\/2023\/10\/aktuell0.jpg\",\"datePublished\":\"2023-10-12T10:41:04+00:00\",\"dateModified\":\"2026-01-23T11:55:23+00:00\",\"description\":\"Entscheidende Depotbankwahl: Gemeinsam finden wir die optimale L\u00f6sung f\u00fcr Ihre Finanzziele. Unsere Partnerbanken im \u00dcberblick.\",\"breadcrumb\":{\"@id\":\"https:\/\/aquila-vz.ch\/depotbanken\/#breadcrumb\"},\"inLanguage\":\"en-US\",\"potentialAction\":[{\"@type\":\"ReadAction\",\"target\":[\"https:\/\/aquila-vz.ch\/depotbanken\/\"]}]},{\"@type\":\"ImageObject\",\"inLanguage\":\"en-US\",\"@id\":\"https:\/\/aquila-vz.ch\/depotbanken\/#primaryimage\",\"url\":\"https:\/\/aquila-vz.ch\/wp-content\/uploads\/2023\/10\/aktuell0.jpg\",\"contentUrl\":\"https:\/\/aquila-vz.ch\/wp-content\/uploads\/2023\/10\/aktuell0.jpg\",\"width\":405,\"height\":228},{\"@type\":\"BreadcrumbList\",\"@id\":\"https:\/\/aquila-vz.ch\/depotbanken\/#breadcrumb\",\"itemListElement\":[{\"@type\":\"ListItem\",\"position\":1,\"name\":\"Startseite\",\"item\":\"https:\/\/aquila-vz.ch\/\"},{\"@type\":\"ListItem\",\"position\":2,\"name\":\"Depotbanken\"}]},{\"@type\":\"WebSite\",\"@id\":\"https:\/\/aquila-vz.ch\/#website\",\"url\":\"https:\/\/aquila-vz.ch\/\",\"name\":\"Aquila Verm&ouml;gensverwaltung Z&uuml;rich AG\",\"description\":\"\",\"publisher\":{\"@id\":\"https:\/\/aquila-vz.ch\/#organization\"},\"potentialAction\":[{\"@type\":\"SearchAction\",\"target\":{\"@type\":\"EntryPoint\",\"urlTemplate\":\"https:\/\/aquila-vz.ch\/?s={search_term_string}\"},\"query-input\":\"required name=search_term_string\"}],\"inLanguage\":\"en-US\"},{\"@type\":\"Organization\",\"@id\":\"https:\/\/aquila-vz.ch\/#organization\",\"name\":\"Aquila Verm&ouml;gensverwaltung Z&uuml;rich AG\",\"url\":\"https:\/\/aquila-vz.ch\/\",\"logo\":{\"@type\":\"ImageObject\",\"inLanguage\":\"en-US\",\"@id\":\"https:\/\/aquila-vz.ch\/#\/schema\/logo\/image\/\",\"url\":\"https:\/\/aquila-vz.ch\/wp-content\/uploads\/2023\/10\/cropped-Aquila-Logo-1.png\",\"contentUrl\":\"https:\/\/aquila-vz.ch\/wp-content\/uploads\/2023\/10\/cropped-Aquila-Logo-1.png\",\"width\":350,\"height\":112,\"caption\":\"Aquila Verm&ouml;gensverwaltung Z&uuml;rich AG\"},\"image\":{\"@id\":\"https:\/\/aquila-vz.ch\/#\/schema\/logo\/image\/\"}}]}<\/script>\r\n<!-- \/ Yoast SEO plugin. -->","yoast_head_json":{"title":"Aquila Verm&ouml;gensverwaltung Z&uuml;rich AG- Depotbanken","description":"Entscheidende Depotbankwahl: Gemeinsam finden wir die optimale L\u00f6sung f\u00fcr Ihre Finanzziele. Unsere Partnerbanken im \u00dcberblick.","robots":{"index":"index","follow":"follow","max-snippet":"max-snippet:-1","max-image-preview":"max-image-preview:large","max-video-preview":"max-video-preview:-1"},"canonical":"https:\/\/aquila-vz.ch\/en\/depotbanken\/","og_locale":"en_US","og_type":"article","og_title":"Aquila Verm&ouml;gensverwaltung Z&uuml;rich AG- Depotbanken","og_description":"Entscheidende Depotbankwahl: Gemeinsam finden wir die optimale L\u00f6sung f\u00fcr Ihre Finanzziele. Unsere Partnerbanken im \u00dcberblick.","og_url":"https:\/\/aquila-vz.ch\/en\/depotbanken\/","og_site_name":"Aquila Verm&ouml;gensverwaltung Z&uuml;rich AG","article_modified_time":"2026-01-23T11:55:23+00:00","og_image":[{"url":"https:\/\/aquila-vz.ch\/wp-content\/uploads\/2023\/10\/aktuell0.jpg"}],"twitter_card":"summary_large_image","twitter_misc":{"Est. reading time":"1 minute"},"schema":{"@context":"https:\/\/schema.org","@graph":[{"@type":"WebPage","@id":"https:\/\/aquila-vz.ch\/depotbanken\/","url":"https:\/\/aquila-vz.ch\/depotbanken\/","name":"Aquila Verm&ouml;gensverwaltung Z&uuml;rich AG- Depotbanken","isPartOf":{"@id":"https:\/\/aquila-vz.ch\/#website"},"primaryImageOfPage":{"@id":"https:\/\/aquila-vz.ch\/depotbanken\/#primaryimage"},"image":{"@id":"https:\/\/aquila-vz.ch\/depotbanken\/#primaryimage"},"thumbnailUrl":"https:\/\/aquila-vz.ch\/wp-content\/uploads\/2023\/10\/aktuell0.jpg","datePublished":"2023-10-12T10:41:04+00:00","dateModified":"2026-01-23T11:55:23+00:00","description":"Entscheidende Depotbankwahl: Gemeinsam finden wir die optimale L\u00f6sung f\u00fcr Ihre Finanzziele. Unsere Partnerbanken im \u00dcberblick.","breadcrumb":{"@id":"https:\/\/aquila-vz.ch\/depotbanken\/#breadcrumb"},"inLanguage":"en-US","potentialAction":[{"@type":"ReadAction","target":["https:\/\/aquila-vz.ch\/depotbanken\/"]}]},{"@type":"ImageObject","inLanguage":"en-US","@id":"https:\/\/aquila-vz.ch\/depotbanken\/#primaryimage","url":"https:\/\/aquila-vz.ch\/wp-content\/uploads\/2023\/10\/aktuell0.jpg","contentUrl":"https:\/\/aquila-vz.ch\/wp-content\/uploads\/2023\/10\/aktuell0.jpg","width":405,"height":228},{"@type":"BreadcrumbList","@id":"https:\/\/aquila-vz.ch\/depotbanken\/#breadcrumb","itemListElement":[{"@type":"ListItem","position":1,"name":"Startseite","item":"https:\/\/aquila-vz.ch\/"},{"@type":"ListItem","position":2,"name":"Depotbanken"}]},{"@type":"WebSite","@id":"https:\/\/aquila-vz.ch\/#website","url":"https:\/\/aquila-vz.ch\/","name":"Aquila Verm&ouml;gensverwaltung Z&uuml;rich AG","description":"","publisher":{"@id":"https:\/\/aquila-vz.ch\/#organization"},"potentialAction":[{"@type":"SearchAction","target":{"@type":"EntryPoint","urlTemplate":"https:\/\/aquila-vz.ch\/?s={search_term_string}"},"query-input":"required name=search_term_string"}],"inLanguage":"en-US"},{"@type":"Organization","@id":"https:\/\/aquila-vz.ch\/#organization","name":"Aquila Verm&ouml;gensverwaltung Z&uuml;rich AG","url":"https:\/\/aquila-vz.ch\/","logo":{"@type":"ImageObject","inLanguage":"en-US","@id":"https:\/\/aquila-vz.ch\/#\/schema\/logo\/image\/","url":"https:\/\/aquila-vz.ch\/wp-content\/uploads\/2023\/10\/cropped-Aquila-Logo-1.png","contentUrl":"https:\/\/aquila-vz.ch\/wp-content\/uploads\/2023\/10\/cropped-Aquila-Logo-1.png","width":350,"height":112,"caption":"Aquila Verm&ouml;gensverwaltung Z&uuml;rich AG"},"image":{"@id":"https:\/\/aquila-vz.ch\/#\/schema\/logo\/image\/"}}]}},"_links":{"self":[{"href":"https:\/\/aquila-vz.ch\/en\/wp-json\/wp\/v2\/pages\/155"}],"collection":[{"href":"https:\/\/aquila-vz.ch\/en\/wp-json\/wp\/v2\/pages"}],"about":[{"href":"https:\/\/aquila-vz.ch\/en\/wp-json\/wp\/v2\/types\/page"}],"author":[{"embeddable":true,"href":"https:\/\/aquila-vz.ch\/en\/wp-json\/wp\/v2\/users\/1"}],"replies":[{"embeddable":true,"href":"https:\/\/aquila-vz.ch\/en\/wp-json\/wp\/v2\/comments?post=155"}],"version-history":[{"count":44,"href":"https:\/\/aquila-vz.ch\/en\/wp-json\/wp\/v2\/pages\/155\/revisions"}],"predecessor-version":[{"id":989,"href":"https:\/\/aquila-vz.ch\/en\/wp-json\/wp\/v2\/pages\/155\/revisions\/989"}],"wp:attachment":[{"href":"https:\/\/aquila-vz.ch\/en\/wp-json\/wp\/v2\/media?parent=155"}],"curies":[{"name":"wp","href":"https:\/\/api.w.org\/{rel}","templated":true}]}}