{"id":149,"date":"2023-10-12T10:36:36","date_gmt":"2023-10-12T10:36:36","guid":{"rendered":"https:\/\/aquila-vz.ch\/?page_id=149"},"modified":"2023-10-13T12:53:19","modified_gmt":"2023-10-13T12:53:19","slug":"finanzplatz","status":"publish","type":"page","link":"https:\/\/aquila-vz.ch\/en\/finanzplatz\/","title":{"rendered":"Financial center"},"content":{"rendered":"\t\t<div data-elementor-type=\"wp-page\" data-elementor-id=\"149\" class=\"elementor elementor-149\">\n\t\t\t\t<div class=\"elementor-element elementor-element-2f8ec78 e-flex e-con-boxed e-con e-parent\" data-id=\"2f8ec78\" data-element_type=\"container\" data-core-v316-plus=\"true\">\n\t\t\t\t\t<div class=\"e-con-inner\">\n\t\t<div class=\"elementor-element elementor-element-cb99804 e-con-full e-flex e-con e-child\" data-id=\"cb99804\" data-element_type=\"container\">\n\t\t\t\t<div class=\"elementor-element elementor-element-36aac7a elementor-widget elementor-widget-heading\" data-id=\"36aac7a\" data-element_type=\"widget\" data-widget_type=\"heading.default\">\n\t\t\t\t<div class=\"elementor-widget-container\">\n\t\t\t<style>\/*! elementor - v3.20.0 - 20-03-2024 *\/\n.elementor-heading-title{padding:0;margin:0;line-height:1}.elementor-widget-heading .elementor-heading-title[class*=elementor-size-]>a{color:inherit;font-size:inherit;line-height:inherit}.elementor-widget-heading .elementor-heading-title.elementor-size-small{font-size:15px}.elementor-widget-heading .elementor-heading-title.elementor-size-medium{font-size:19px}.elementor-widget-heading .elementor-heading-title.elementor-size-large{font-size:29px}.elementor-widget-heading .elementor-heading-title.elementor-size-xl{font-size:39px}.elementor-widget-heading .elementor-heading-title.elementor-size-xxl{font-size:59px}<\/style><h2 class=\"elementor-heading-title elementor-size-medium\">Finanzplatz Schweiz<\/h2>\t\t<\/div>\n\t\t\t\t<\/div>\n\t\t\t\t<\/div>\n\t\t<div class=\"elementor-element elementor-element-587cf94 e-con-full e-flex e-con e-child\" data-id=\"587cf94\" data-element_type=\"container\">\n\t\t\t\t<\/div>\n\t\t\t\t\t<\/div>\n\t\t\t\t<\/div>\n\t\t<div class=\"elementor-element elementor-element-33433d9 e-flex e-con-boxed e-con e-parent\" data-id=\"33433d9\" data-element_type=\"container\" data-core-v316-plus=\"true\">\n\t\t\t\t\t<div class=\"e-con-inner\">\n\t\t<div class=\"elementor-element elementor-element-eb6121f e-con-full e-flex e-con e-child\" data-id=\"eb6121f\" data-element_type=\"container\">\n\t\t\t\t<div class=\"elementor-element elementor-element-6a89079 elementor-widget elementor-widget-text-editor\" data-id=\"6a89079\" data-element_type=\"widget\" data-widget_type=\"text-editor.default\">\n\t\t\t\t<div class=\"elementor-widget-container\">\n\t\t\t<style>\/*! elementor - v3.20.0 - 20-03-2024 *\/\n.elementor-widget-text-editor.elementor-drop-cap-view-stacked .elementor-drop-cap{background-color:#69727d;color:#fff}.elementor-widget-text-editor.elementor-drop-cap-view-framed .elementor-drop-cap{color:#69727d;border:3px solid;background-color:transparent}.elementor-widget-text-editor:not(.elementor-drop-cap-view-default) .elementor-drop-cap{margin-top:8px}.elementor-widget-text-editor:not(.elementor-drop-cap-view-default) .elementor-drop-cap-letter{width:1em;height:1em}.elementor-widget-text-editor .elementor-drop-cap{float:left;text-align:center;line-height:1;font-size:50px}.elementor-widget-text-editor .elementor-drop-cap-letter{display:inline-block}<\/style>\t\t\t\t<div>Stabilit\u00e4t, Rechtssicherheit, Kompetenz und hohe Dienstleistungsqualit\u00e4t zeichnen den Finanzplatz Schweiz heute aus. Die Finanzbranche durchlebt einen grundlegenden Wandel, gepr\u00e4gt von der Finanz- und Schuldenkrise. Als spezialisierter Finanzplatz vereint die Schweiz Tradition und Innovation. Dies sind wichtige Grundvoraussetzungen, um Verm\u00f6gen in Zeiten von wirtschaftlichen und politischen Umbr\u00fcchen zu erhalten und an die n\u00e4chste Generation weiterzugeben.<\/div><div>\u00a0<\/div><div>Die guten Rahmenbedingungen hinsichtlich Aus- und Weiterbildung sorgen f\u00fcr eine kontinuierliche Verf\u00fcgbarkeit von qualifizierten Arbeitskr\u00e4ften.\u00a0 Hinzu kommen eine einzigartige Infrastruktur und eine hohe Produktivit\u00e4t. Dies sind gute Voraussetzungen, um im globalen Wettbewerb eine f\u00fchrende Rolle in der Verm\u00f6gensverwaltung, der Kernkompetenz des Schweizer Finanzplatzes, zu halten und weiter auszubauen.<\/div><div><div>\u00a0<\/div><div>Der Finanzplatz Schweiz hat noch sehr viel Potential, denn Verm\u00f6gensverwaltung ist und bleibt eines der wichtigsten Elemente, heute und auch in der Zukunft.<\/div><\/div>\t\t\t\t\t\t<\/div>\n\t\t\t\t<\/div>\n\t\t\t\t<div class=\"elementor-element elementor-element-4508b4c elementor-widget elementor-widget-text-editor\" data-id=\"4508b4c\" data-element_type=\"widget\" data-widget_type=\"text-editor.default\">\n\t\t\t\t<div class=\"elementor-widget-container\">\n\t\t\t\t\t\t\t\t\t\t\t\t\t<\/div>\n\t\t\t\t<\/div>\n\t\t\t\t<\/div>\n\t\t<div class=\"elementor-element elementor-element-da4a0b5 e-con-full e-flex e-con e-child\" data-id=\"da4a0b5\" data-element_type=\"container\">\n\t\t\t\t<div class=\"elementor-element elementor-element-a6921a4 elementor-widget elementor-widget-image\" data-id=\"a6921a4\" data-element_type=\"widget\" data-widget_type=\"image.default\">\n\t\t\t\t<div class=\"elementor-widget-container\">\n\t\t\t<style>\/*! elementor - v3.20.0 - 20-03-2024 *\/\n.elementor-widget-image{text-align:center}.elementor-widget-image a{display:inline-block}.elementor-widget-image a img[src$=\".svg\"]{width:48px}.elementor-widget-image img{vertical-align:middle;display:inline-block}<\/style>\t\t\t\t\t\t\t\t\t\t<img fetchpriority=\"high\" decoding=\"async\" width=\"405\" height=\"228\" src=\"https:\/\/aquila-vz.ch\/wp-content\/uploads\/2023\/10\/Finanzplatz-1.jpg\" class=\"attachment-large size-large wp-image-565\" alt=\"\" srcset=\"https:\/\/aquila-vz.ch\/wp-content\/uploads\/2023\/10\/Finanzplatz-1.jpg 405w, https:\/\/aquila-vz.ch\/wp-content\/uploads\/2023\/10\/Finanzplatz-1-300x169.jpg 300w\" sizes=\"(max-width: 405px) 100vw, 405px\" \/>\t\t\t\t\t\t\t\t\t\t\t\t\t<\/div>\n\t\t\t\t<\/div>\n\t\t\t\t<\/div>\n\t\t\t\t\t<\/div>\n\t\t\t\t<\/div>\n\t\t<div class=\"elementor-element elementor-element-6100fc8 e-flex e-con-boxed e-con e-parent\" data-id=\"6100fc8\" data-element_type=\"container\" data-core-v316-plus=\"true\">\n\t\t\t\t\t<div class=\"e-con-inner\">\n\t\t\t\t\t<\/div>\n\t\t\t\t<\/div>\n\t\t\t\t<\/div>\n\t\t","protected":false},"excerpt":{"rendered":"<p>Finanzplatz Schweiz Stabilit\u00e4t, Rechtssicherheit, Kompetenz und hohe Dienstleistungsqualit\u00e4t zeichnen den Finanzplatz Schweiz heute aus. Die Finanzbranche durchlebt einen grundlegenden Wandel, gepr\u00e4gt von der Finanz- und Schuldenkrise. Als spezialisierter Finanzplatz vereint die Schweiz Tradition und Innovation. Dies sind wichtige Grundvoraussetzungen, um Verm\u00f6gen in Zeiten von wirtschaftlichen und politischen Umbr\u00fcchen zu erhalten und an die n\u00e4chste Generation [&hellip;]<\/p>\n","protected":false},"author":1,"featured_media":0,"parent":0,"menu_order":0,"comment_status":"closed","ping_status":"closed","template":"","meta":{"footnotes":""},"yoast_head":"<!-- This site is optimized with the Yoast SEO plugin v22.3 - https:\/\/yoast.com\/wordpress\/plugins\/seo\/ -->\r\n<title>Aquila Verm&ouml;gensverwaltung Z&uuml;rich AG - Finanzplatz<\/title>\r\n<meta name=\"description\" content=\"Der Finanzplatz im Fokus: Erfahren Sie mehr \u00fcber eine Schl\u00fcsselkomponente des internationalen Wirtschaftsgeschehens. Insights und Chancen am Finanzplatz.\" \/>\r\n<meta name=\"robots\" content=\"index, follow, max-snippet:-1, max-image-preview:large, max-video-preview:-1\" \/>\r\n<link rel=\"canonical\" href=\"https:\/\/aquila-vz.ch\/en\/finanzplatz\/\" \/>\r\n<meta property=\"og:locale\" content=\"en_US\" \/>\r\n<meta property=\"og:type\" content=\"article\" \/>\r\n<meta property=\"og:title\" content=\"Aquila Verm&ouml;gensverwaltung Z&uuml;rich AG - Finanzplatz\" \/>\r\n<meta property=\"og:description\" content=\"Der Finanzplatz im Fokus: Erfahren Sie mehr \u00fcber eine Schl\u00fcsselkomponente des internationalen Wirtschaftsgeschehens. Insights und Chancen am Finanzplatz.\" \/>\r\n<meta property=\"og:url\" content=\"https:\/\/aquila-vz.ch\/en\/finanzplatz\/\" \/>\r\n<meta property=\"og:site_name\" content=\"Aquila Verm&ouml;gensverwaltung Z&uuml;rich AG\" \/>\r\n<meta property=\"article:modified_time\" content=\"2023-10-13T12:53:19+00:00\" \/>\r\n<meta property=\"og:image\" content=\"https:\/\/aquila-vz.ch\/wp-content\/uploads\/2023\/10\/Finanzplatz-1.jpg\" \/>\r\n<meta name=\"twitter:card\" content=\"summary_large_image\" \/>\r\n<meta name=\"twitter:label1\" content=\"Est. reading time\" \/>\n\t<meta name=\"twitter:data1\" content=\"1 minute\" \/>\r\n<script type=\"application\/ld+json\" class=\"yoast-schema-graph\">{\"@context\":\"https:\/\/schema.org\",\"@graph\":[{\"@type\":\"WebPage\",\"@id\":\"https:\/\/aquila-vz.ch\/finanzplatz\/\",\"url\":\"https:\/\/aquila-vz.ch\/finanzplatz\/\",\"name\":\"Aquila Verm&ouml;gensverwaltung Z&uuml;rich AG - Finanzplatz\",\"isPartOf\":{\"@id\":\"https:\/\/aquila-vz.ch\/#website\"},\"primaryImageOfPage\":{\"@id\":\"https:\/\/aquila-vz.ch\/finanzplatz\/#primaryimage\"},\"image\":{\"@id\":\"https:\/\/aquila-vz.ch\/finanzplatz\/#primaryimage\"},\"thumbnailUrl\":\"https:\/\/aquila-vz.ch\/wp-content\/uploads\/2023\/10\/Finanzplatz-1.jpg\",\"datePublished\":\"2023-10-12T10:36:36+00:00\",\"dateModified\":\"2023-10-13T12:53:19+00:00\",\"description\":\"Der Finanzplatz im Fokus: Erfahren Sie mehr \u00fcber eine Schl\u00fcsselkomponente des internationalen Wirtschaftsgeschehens. Insights und Chancen am Finanzplatz.\",\"breadcrumb\":{\"@id\":\"https:\/\/aquila-vz.ch\/finanzplatz\/#breadcrumb\"},\"inLanguage\":\"en-US\",\"potentialAction\":[{\"@type\":\"ReadAction\",\"target\":[\"https:\/\/aquila-vz.ch\/finanzplatz\/\"]}]},{\"@type\":\"ImageObject\",\"inLanguage\":\"en-US\",\"@id\":\"https:\/\/aquila-vz.ch\/finanzplatz\/#primaryimage\",\"url\":\"https:\/\/aquila-vz.ch\/wp-content\/uploads\/2023\/10\/Finanzplatz-1.jpg\",\"contentUrl\":\"https:\/\/aquila-vz.ch\/wp-content\/uploads\/2023\/10\/Finanzplatz-1.jpg\",\"width\":405,\"height\":228},{\"@type\":\"BreadcrumbList\",\"@id\":\"https:\/\/aquila-vz.ch\/finanzplatz\/#breadcrumb\",\"itemListElement\":[{\"@type\":\"ListItem\",\"position\":1,\"name\":\"Startseite\",\"item\":\"https:\/\/aquila-vz.ch\/\"},{\"@type\":\"ListItem\",\"position\":2,\"name\":\"Finanzplatz\"}]},{\"@type\":\"WebSite\",\"@id\":\"https:\/\/aquila-vz.ch\/#website\",\"url\":\"https:\/\/aquila-vz.ch\/\",\"name\":\"Aquila Verm&ouml;gensverwaltung Z&uuml;rich AG\",\"description\":\"\",\"publisher\":{\"@id\":\"https:\/\/aquila-vz.ch\/#organization\"},\"potentialAction\":[{\"@type\":\"SearchAction\",\"target\":{\"@type\":\"EntryPoint\",\"urlTemplate\":\"https:\/\/aquila-vz.ch\/?s={search_term_string}\"},\"query-input\":\"required name=search_term_string\"}],\"inLanguage\":\"en-US\"},{\"@type\":\"Organization\",\"@id\":\"https:\/\/aquila-vz.ch\/#organization\",\"name\":\"Aquila Verm&ouml;gensverwaltung Z&uuml;rich AG\",\"url\":\"https:\/\/aquila-vz.ch\/\",\"logo\":{\"@type\":\"ImageObject\",\"inLanguage\":\"en-US\",\"@id\":\"https:\/\/aquila-vz.ch\/#\/schema\/logo\/image\/\",\"url\":\"https:\/\/aquila-vz.ch\/wp-content\/uploads\/2023\/10\/cropped-Aquila-Logo-1.png\",\"contentUrl\":\"https:\/\/aquila-vz.ch\/wp-content\/uploads\/2023\/10\/cropped-Aquila-Logo-1.png\",\"width\":350,\"height\":112,\"caption\":\"Aquila Verm&ouml;gensverwaltung Z&uuml;rich AG\"},\"image\":{\"@id\":\"https:\/\/aquila-vz.ch\/#\/schema\/logo\/image\/\"}}]}<\/script>\r\n<!-- \/ Yoast SEO plugin. -->","yoast_head_json":{"title":"Aquila Verm&ouml;gensverwaltung Z&uuml;rich AG - Finanzplatz","description":"Der Finanzplatz im Fokus: Erfahren Sie mehr \u00fcber eine Schl\u00fcsselkomponente des internationalen Wirtschaftsgeschehens. Insights und Chancen am Finanzplatz.","robots":{"index":"index","follow":"follow","max-snippet":"max-snippet:-1","max-image-preview":"max-image-preview:large","max-video-preview":"max-video-preview:-1"},"canonical":"https:\/\/aquila-vz.ch\/en\/finanzplatz\/","og_locale":"en_US","og_type":"article","og_title":"Aquila Verm&ouml;gensverwaltung Z&uuml;rich AG - Finanzplatz","og_description":"Der Finanzplatz im Fokus: Erfahren Sie mehr \u00fcber eine Schl\u00fcsselkomponente des internationalen Wirtschaftsgeschehens. Insights und Chancen am Finanzplatz.","og_url":"https:\/\/aquila-vz.ch\/en\/finanzplatz\/","og_site_name":"Aquila Verm&ouml;gensverwaltung Z&uuml;rich AG","article_modified_time":"2023-10-13T12:53:19+00:00","og_image":[{"url":"https:\/\/aquila-vz.ch\/wp-content\/uploads\/2023\/10\/Finanzplatz-1.jpg"}],"twitter_card":"summary_large_image","twitter_misc":{"Est. reading time":"1 minute"},"schema":{"@context":"https:\/\/schema.org","@graph":[{"@type":"WebPage","@id":"https:\/\/aquila-vz.ch\/finanzplatz\/","url":"https:\/\/aquila-vz.ch\/finanzplatz\/","name":"Aquila Verm&ouml;gensverwaltung Z&uuml;rich AG - Finanzplatz","isPartOf":{"@id":"https:\/\/aquila-vz.ch\/#website"},"primaryImageOfPage":{"@id":"https:\/\/aquila-vz.ch\/finanzplatz\/#primaryimage"},"image":{"@id":"https:\/\/aquila-vz.ch\/finanzplatz\/#primaryimage"},"thumbnailUrl":"https:\/\/aquila-vz.ch\/wp-content\/uploads\/2023\/10\/Finanzplatz-1.jpg","datePublished":"2023-10-12T10:36:36+00:00","dateModified":"2023-10-13T12:53:19+00:00","description":"Der Finanzplatz im Fokus: Erfahren Sie mehr \u00fcber eine Schl\u00fcsselkomponente des internationalen Wirtschaftsgeschehens. Insights und Chancen am Finanzplatz.","breadcrumb":{"@id":"https:\/\/aquila-vz.ch\/finanzplatz\/#breadcrumb"},"inLanguage":"en-US","potentialAction":[{"@type":"ReadAction","target":["https:\/\/aquila-vz.ch\/finanzplatz\/"]}]},{"@type":"ImageObject","inLanguage":"en-US","@id":"https:\/\/aquila-vz.ch\/finanzplatz\/#primaryimage","url":"https:\/\/aquila-vz.ch\/wp-content\/uploads\/2023\/10\/Finanzplatz-1.jpg","contentUrl":"https:\/\/aquila-vz.ch\/wp-content\/uploads\/2023\/10\/Finanzplatz-1.jpg","width":405,"height":228},{"@type":"BreadcrumbList","@id":"https:\/\/aquila-vz.ch\/finanzplatz\/#breadcrumb","itemListElement":[{"@type":"ListItem","position":1,"name":"Startseite","item":"https:\/\/aquila-vz.ch\/"},{"@type":"ListItem","position":2,"name":"Finanzplatz"}]},{"@type":"WebSite","@id":"https:\/\/aquila-vz.ch\/#website","url":"https:\/\/aquila-vz.ch\/","name":"Aquila Verm&ouml;gensverwaltung Z&uuml;rich AG","description":"","publisher":{"@id":"https:\/\/aquila-vz.ch\/#organization"},"potentialAction":[{"@type":"SearchAction","target":{"@type":"EntryPoint","urlTemplate":"https:\/\/aquila-vz.ch\/?s={search_term_string}"},"query-input":"required name=search_term_string"}],"inLanguage":"en-US"},{"@type":"Organization","@id":"https:\/\/aquila-vz.ch\/#organization","name":"Aquila Verm&ouml;gensverwaltung Z&uuml;rich AG","url":"https:\/\/aquila-vz.ch\/","logo":{"@type":"ImageObject","inLanguage":"en-US","@id":"https:\/\/aquila-vz.ch\/#\/schema\/logo\/image\/","url":"https:\/\/aquila-vz.ch\/wp-content\/uploads\/2023\/10\/cropped-Aquila-Logo-1.png","contentUrl":"https:\/\/aquila-vz.ch\/wp-content\/uploads\/2023\/10\/cropped-Aquila-Logo-1.png","width":350,"height":112,"caption":"Aquila Verm&ouml;gensverwaltung Z&uuml;rich AG"},"image":{"@id":"https:\/\/aquila-vz.ch\/#\/schema\/logo\/image\/"}}]}},"_links":{"self":[{"href":"https:\/\/aquila-vz.ch\/en\/wp-json\/wp\/v2\/pages\/149"}],"collection":[{"href":"https:\/\/aquila-vz.ch\/en\/wp-json\/wp\/v2\/pages"}],"about":[{"href":"https:\/\/aquila-vz.ch\/en\/wp-json\/wp\/v2\/types\/page"}],"author":[{"embeddable":true,"href":"https:\/\/aquila-vz.ch\/en\/wp-json\/wp\/v2\/users\/1"}],"replies":[{"embeddable":true,"href":"https:\/\/aquila-vz.ch\/en\/wp-json\/wp\/v2\/comments?post=149"}],"version-history":[{"count":23,"href":"https:\/\/aquila-vz.ch\/en\/wp-json\/wp\/v2\/pages\/149\/revisions"}],"predecessor-version":[{"id":817,"href":"https:\/\/aquila-vz.ch\/en\/wp-json\/wp\/v2\/pages\/149\/revisions\/817"}],"wp:attachment":[{"href":"https:\/\/aquila-vz.ch\/en\/wp-json\/wp\/v2\/media?parent=149"}],"curies":[{"name":"wp","href":"https:\/\/api.w.org\/{rel}","templated":true}]}}