{"id":123,"date":"2023-10-11T20:47:43","date_gmt":"2023-10-11T20:47:43","guid":{"rendered":"https:\/\/aquila-vz.ch\/?page_id=123"},"modified":"2025-05-12T19:34:21","modified_gmt":"2025-05-12T19:34:21","slug":"partner","status":"publish","type":"page","link":"https:\/\/aquila-vz.ch\/en\/partner\/","title":{"rendered":"Partner"},"content":{"rendered":"<div data-elementor-type=\"wp-page\" data-elementor-id=\"123\" class=\"elementor elementor-123\">\n\t\t\t\t<div class=\"elementor-element elementor-element-c0684e6 e-flex e-con-boxed e-con e-parent\" data-id=\"c0684e6\" data-element_type=\"container\" data-core-v316-plus=\"true\">\n\t\t\t\t\t<div class=\"e-con-inner\">\n\t\t<div class=\"elementor-element elementor-element-a72f995 e-con-full e-flex e-con e-child\" data-id=\"a72f995\" data-element_type=\"container\">\n\t\t\t\t<div class=\"elementor-element elementor-element-2f67a27 elementor-widget elementor-widget-heading\" data-id=\"2f67a27\" data-element_type=\"widget\" data-widget_type=\"heading.default\">\n\t\t\t\t<div class=\"elementor-widget-container\">\n\t\t\t<style>\/*! elementor - v3.20.0 - 20-03-2024 *\/\n.elementor-heading-title{padding:0;margin:0;line-height:1}.elementor-widget-heading .elementor-heading-title[class*=elementor-size-]>a{color:inherit;font-size:inherit;line-height:inherit}.elementor-widget-heading .elementor-heading-title.elementor-size-small{font-size:15px}.elementor-widget-heading .elementor-heading-title.elementor-size-medium{font-size:19px}.elementor-widget-heading .elementor-heading-title.elementor-size-large{font-size:29px}.elementor-widget-heading .elementor-heading-title.elementor-size-xl{font-size:39px}.elementor-widget-heading .elementor-heading-title.elementor-size-xxl{font-size:59px}<\/style><h2 class=\"elementor-heading-title elementor-size-medium\">The partners of Aquila Verm\u00f6gensverwaltung Z\u00fcrich AG<\/h2>\t\t<\/div>\n\t\t\t\t<\/div>\n\t\t\t\t<\/div>\n\t\t<div class=\"elementor-element elementor-element-231b868 e-con-full e-flex e-con e-child\" data-id=\"231b868\" data-element_type=\"container\">\n\t\t\t\t<\/div>\n\t\t\t\t\t<\/div>\n\t\t\t\t<\/div>\n\t\t<div class=\"elementor-element elementor-element-2a8043b e-flex e-con-boxed e-con e-parent\" data-id=\"2a8043b\" data-element_type=\"container\" data-core-v316-plus=\"true\">\n\t\t\t\t\t<div class=\"e-con-inner\">\n\t\t\t\t<div class=\"elementor-element elementor-element-71c913f elementor-tabs-view-vertical elementor-widget elementor-widget-tabs\" data-id=\"71c913f\" data-element_type=\"widget\" data-widget_type=\"tabs.default\">\n\t\t\t\t<div class=\"elementor-widget-container\">\n\t\t\t<style>\/*! elementor - v3.20.0 - 20-03-2024 *\/\n.elementor-widget-tabs.elementor-tabs-view-vertical .elementor-tabs-wrapper{width:25%;flex-shrink:0}.elementor-widget-tabs.elementor-tabs-view-vertical .elementor-tab-desktop-title.elementor-active{border-right-style:none}.elementor-widget-tabs.elementor-tabs-view-vertical .elementor-tab-desktop-title.elementor-active:after,.elementor-widget-tabs.elementor-tabs-view-vertical .elementor-tab-desktop-title.elementor-active:before{height:999em;width:0;right:0;border-right-style:solid}.elementor-widget-tabs.elementor-tabs-view-vertical .elementor-tab-desktop-title.elementor-active:before{top:0;transform:translateY(-100%)}.elementor-widget-tabs.elementor-tabs-view-vertical .elementor-tab-desktop-title.elementor-active:after{top:100%}.elementor-widget-tabs.elementor-tabs-view-horizontal .elementor-tab-desktop-title{display:table-cell}.elementor-widget-tabs.elementor-tabs-view-horizontal .elementor-tab-desktop-title.elementor-active{border-bottom-style:none}.elementor-widget-tabs.elementor-tabs-view-horizontal .elementor-tab-desktop-title.elementor-active:after,.elementor-widget-tabs.elementor-tabs-view-horizontal .elementor-tab-desktop-title.elementor-active:before{bottom:0;height:0;width:999em;border-bottom-style:solid}.elementor-widget-tabs.elementor-tabs-view-horizontal .elementor-tab-desktop-title.elementor-active:before{right:100%}.elementor-widget-tabs.elementor-tabs-view-horizontal .elementor-tab-desktop-title.elementor-active:after{left:100%}.elementor-widget-tabs .elementor-tab-content,.elementor-widget-tabs .elementor-tab-title,.elementor-widget-tabs .elementor-tab-title:after,.elementor-widget-tabs .elementor-tab-title:before,.elementor-widget-tabs .elementor-tabs-content-wrapper{border:1px #d5d8dc}.elementor-widget-tabs .elementor-tabs{text-align:left}.elementor-widget-tabs .elementor-tabs-wrapper{overflow:hidden}.elementor-widget-tabs .elementor-tab-title{cursor:pointer;outline:var(--focus-outline,none)}.elementor-widget-tabs .elementor-tab-desktop-title{position:relative;padding:20px 25px;font-weight:700;line-height:1;border:solid transparent}.elementor-widget-tabs .elementor-tab-desktop-title.elementor-active{border-color:#d5d8dc}.elementor-widget-tabs .elementor-tab-desktop-title.elementor-active:after,.elementor-widget-tabs .elementor-tab-desktop-title.elementor-active:before{display:block;content:\"\";position:absolute}.elementor-widget-tabs .elementor-tab-desktop-title:focus-visible{border:1px solid #000}.elementor-widget-tabs .elementor-tab-mobile-title{padding:10px;cursor:pointer}.elementor-widget-tabs .elementor-tab-content{padding:20px;display:none}@media (max-width:767px){.elementor-tabs .elementor-tab-content,.elementor-tabs .elementor-tab-title{border-style:solid solid none}.elementor-tabs .elementor-tabs-wrapper{display:none}.elementor-tabs .elementor-tabs-content-wrapper{border-bottom-style:solid}.elementor-tabs .elementor-tab-content{padding:10px}}@media (min-width:768px){.elementor-widget-tabs.elementor-tabs-view-vertical .elementor-tabs{display:flex}.elementor-widget-tabs.elementor-tabs-view-vertical .elementor-tabs-wrapper{flex-direction:column}.elementor-widget-tabs.elementor-tabs-view-vertical .elementor-tabs-content-wrapper{flex-grow:1;border-style:solid solid solid none}.elementor-widget-tabs.elementor-tabs-view-horizontal .elementor-tab-content{border-style:none solid solid}.elementor-widget-tabs.elementor-tabs-alignment-center .elementor-tabs-wrapper,.elementor-widget-tabs.elementor-tabs-alignment-end .elementor-tabs-wrapper,.elementor-widget-tabs.elementor-tabs-alignment-stretch .elementor-tabs-wrapper{display:flex}.elementor-widget-tabs.elementor-tabs-alignment-center .elementor-tabs-wrapper{justify-content:center}.elementor-widget-tabs.elementor-tabs-alignment-end .elementor-tabs-wrapper{justify-content:flex-end}.elementor-widget-tabs.elementor-tabs-alignment-stretch.elementor-tabs-view-horizontal .elementor-tab-title{width:100%}.elementor-widget-tabs.elementor-tabs-alignment-stretch.elementor-tabs-view-vertical .elementor-tab-title{height:100%}.elementor-tabs .elementor-tab-mobile-title{display:none}}<\/style>\t\t<div class=\"elementor-tabs\">\n\t\t\t<div class=\"elementor-tabs-wrapper\" role=\"tablist\" >\n\t\t\t\t\t\t\t\t\t<div id=\"elementor-tab-title-1191\" class=\"elementor-tab-title elementor-tab-desktop-title\" aria-selected=\"true\" data-tab=\"1\" role=\"tab\" tabindex=\"0\" aria-controls=\"elementor-tab-content-1191\" aria-expanded=\"false\">Edit H\u00f6ller Zen Ruffinen<\/div>\n\t\t\t\t\t\t\t\t\t<div id=\"elementor-tab-title-1192\" class=\"elementor-tab-title elementor-tab-desktop-title\" aria-selected=\"false\" data-tab=\"2\" role=\"tab\" tabindex=\"-1\" aria-controls=\"elementor-tab-content-1192\" aria-expanded=\"false\">Dominique Zen Ruffinen<\/div>\n\t\t\t\t\t\t\t<\/div>\n\t\t\t<div class=\"elementor-tabs-content-wrapper\" role=\"tablist\" aria-orientation=\"vertical\">\n\t\t\t\t\t\t\t\t\t<div class=\"elementor-tab-title elementor-tab-mobile-title\" aria-selected=\"true\" data-tab=\"1\" role=\"tab\" tabindex=\"0\" aria-controls=\"elementor-tab-content-1191\" aria-expanded=\"false\">Edit H\u00f6ller Zen Ruffinen<\/div>\n\t\t\t\t\t<div id=\"elementor-tab-content-1191\" class=\"elementor-tab-content elementor-clearfix\" data-tab=\"1\" role=\"tabpanel\" aria-labelledby=\"elementor-tab-title-1191\" tabindex=\"0\" hidden=\"false\"><p><img decoding=\"async\" class=\"alignnone size-full wp-image-125\" src=\"https:\/\/aquila-vz.ch\/wp-content\/uploads\/2023\/10\/Edit.jpg\" alt=\"\" width=\"133\" height=\"200\" \/><\/p><p><strong>Licensed lawyer<\/strong><br \/><strong>Managing Partner und CEO<\/strong><\/p><p>Edit H\u00f6ller Zen Ruffinen founded Aquila Verm\u00f6gensverwaltung Z\u00fcrich AG in 2004. She has more than 30 years of professional experience in investment advisory, customer service, marketing, training and human resources management and is fluent in five languages.<\/p><p>As a woman in the world of finance, she was a pioneer, and not just in her own right. In wealth management for women, she has made a huge contribution to the understanding of financial matters for female investors.\u00a0<\/p><p>Edit H\u00f6ller Zen Ruffinen, as a member of the management of a renowned Swiss private bank, organized training courses and events for more than 12 years, wrote various publications and thus laid the foundation for financial advice for women in Switzerland. Of course, male investors also use the services of Edit H\u00f6ller Zen Ruffinen.<\/p><p>Honesty, independence and objectivity are basic values on which she has always built, in the past as well as today. An environment that is constantly changing requires constant monitoring and adaptation of the strategy to the respective life situation or market situation.<\/p><p>In order to fully dedicate herself to her clients, without the overarching distraction of an employer, Edit H\u00f6ller Zen Ruffinen decided to become her own employer and chose independence by founding Aquila Verm\u00f6gensverwaltung Z\u00fcrich AG. Their customers also appreciate this form of independence because they have also become independent as a result.<\/p><\/div>\n\t\t\t\t\t\t\t\t\t<div class=\"elementor-tab-title elementor-tab-mobile-title\" aria-selected=\"false\" data-tab=\"2\" role=\"tab\" tabindex=\"-1\" aria-controls=\"elementor-tab-content-1192\" aria-expanded=\"false\">Dominique Zen Ruffinen<\/div>\n\t\t\t\t\t<div id=\"elementor-tab-content-1192\" class=\"elementor-tab-content elementor-clearfix\" data-tab=\"2\" role=\"tabpanel\" aria-labelledby=\"elementor-tab-title-1192\" tabindex=\"0\" hidden=\"hidden\"><p><img fetchpriority=\"high\" decoding=\"async\" class=\"alignnone size-medium wp-image-128\" src=\"https:\/\/aquila-vz.ch\/wp-content\/uploads\/2023\/10\/WhatsApp-Bild-2023-10-11-um-17.36.29_e04fd051-300x300.jpg\" alt=\"\" width=\"300\" height=\"300\" srcset=\"https:\/\/aquila-vz.ch\/wp-content\/uploads\/2023\/10\/WhatsApp-Bild-2023-10-11-um-17.36.29_e04fd051-300x300.jpg 300w, https:\/\/aquila-vz.ch\/wp-content\/uploads\/2023\/10\/WhatsApp-Bild-2023-10-11-um-17.36.29_e04fd051-1024x1024.jpg 1024w, https:\/\/aquila-vz.ch\/wp-content\/uploads\/2023\/10\/WhatsApp-Bild-2023-10-11-um-17.36.29_e04fd051-150x150.jpg 150w, https:\/\/aquila-vz.ch\/wp-content\/uploads\/2023\/10\/WhatsApp-Bild-2023-10-11-um-17.36.29_e04fd051-768x768.jpg 768w, https:\/\/aquila-vz.ch\/wp-content\/uploads\/2023\/10\/WhatsApp-Bild-2023-10-11-um-17.36.29_e04fd051-1536x1536.jpg 1536w, https:\/\/aquila-vz.ch\/wp-content\/uploads\/2023\/10\/WhatsApp-Bild-2023-10-11-um-17.36.29_e04fd051.jpg 1600w\" sizes=\"(max-width: 300px) 100vw, 300px\" \/><\/p><div align=\"left\"><strong>Business economist University of Geneva<br \/><\/strong><strong>Partner<\/strong><\/div><div align=\"left\">\u00a0<\/div><div align=\"left\"><p>Dominique Zen Ruffinen has been active in the financial world for more than 35 years and is an experienced expert in the finance industry. At the beginning of his career, he was mainly active in the institutional capital market, but not exclusively. Above all, his international business areas in sustainable project development, which he supervised and helped to build up, brought him together with more and more private clients, whom he began to comprehensively advise and support in all financial services and wealth management.<\/p><p>During his successful career in asset management at a renowned company, he was entrusted with various tasks such as structuring innovative financial products, developing portfolio construction strategies and designing sophisticated portfolio management systems. Dominique Zen Ruffinen was also able to successfully demonstrate his leadership qualities and his competence in strategic planning and risk management. His multilingualism in French, English, German and Spanish finally enables him to work across national and cultural boundaries.<\/p><p>Dominique Zen Ruffinen has now decided to focus exclusively on his clients and their continuous support. This clear alignment motivated him to join Aquila Verm\u00f6gensverwaltung Z\u00fcrich AG as a partner. In harmony with the ethical principles that shape a successful investor, he always thinks and acts independently and puts the client at the center of his actions.<\/p><\/div><\/div>\n\t\t\t\t\t\t\t<\/div>\n\t\t<\/div>\n\t\t\t\t<\/div>\n\t\t\t\t<\/div>\n\t\t\t\t\t<\/div>\n\t\t\t\t<\/div>\n\t\t\t\t<\/div>","protected":false},"excerpt":{"rendered":"<p>Die Partner der Aquila Verm\u00f6gensverwaltung Z\u00fcrich AG Edit H\u00f6ller Zen Ruffinen Dominique Zen Ruffinen Edit H\u00f6ller Zen Ruffinen lic. iurManaging Partner und CEO Edit H\u00f6ller Zen Ruffinen hat die Aquila Verm\u00f6gensverwaltung Z\u00fcrich AG im Jahr 2004 gegr\u00fcndet. Sie hat mehr als 30 Jahre Berufserfahrung in den Bereichen Anlageberatung, Kundenbetreuung, Marketing, Schulung und Personalf\u00fchrung und spricht [&hellip;]<\/p>","protected":false},"author":1,"featured_media":0,"parent":0,"menu_order":0,"comment_status":"closed","ping_status":"closed","template":"","meta":{"footnotes":""},"yoast_head":"<!-- This site is optimized with the Yoast SEO plugin v22.3 - https:\/\/yoast.com\/wordpress\/plugins\/seo\/ -->\r\n<title>Aquila Verm&ouml;gensverwaltung Z&uuml;rich AG - Partner<\/title>\r\n<meta name=\"description\" content=\"Entdecken Sie unsere starken Partnerschaften: Erfahren Sie, wie wir gemeinsam Erfolg gestalten. Unsere vertrauensw\u00fcrdigen Partner im \u00dcberblick.\" \/>\r\n<meta name=\"robots\" content=\"index, follow, max-snippet:-1, max-image-preview:large, max-video-preview:-1\" \/>\r\n<link rel=\"canonical\" href=\"https:\/\/aquila-vz.ch\/en\/partner\/\" \/>\r\n<meta property=\"og:locale\" content=\"en_US\" \/>\r\n<meta property=\"og:type\" content=\"article\" \/>\r\n<meta property=\"og:title\" content=\"Aquila Verm&ouml;gensverwaltung Z&uuml;rich AG - Partner\" \/>\r\n<meta property=\"og:description\" content=\"Entdecken Sie unsere starken Partnerschaften: Erfahren Sie, wie wir gemeinsam Erfolg gestalten. Unsere vertrauensw\u00fcrdigen Partner im \u00dcberblick.\" \/>\r\n<meta property=\"og:url\" content=\"https:\/\/aquila-vz.ch\/en\/partner\/\" \/>\r\n<meta property=\"og:site_name\" content=\"Aquila Verm&ouml;gensverwaltung Z&uuml;rich AG\" \/>\r\n<meta property=\"article:modified_time\" content=\"2025-05-12T19:34:21+00:00\" \/>\r\n<meta property=\"og:image\" content=\"https:\/\/aquila-vz.ch\/wp-content\/uploads\/2023\/10\/Edit.jpg\" \/>\r\n<meta name=\"twitter:card\" content=\"summary_large_image\" \/>\r\n<meta name=\"twitter:label1\" content=\"Est. reading time\" \/>\n\t<meta name=\"twitter:data1\" content=\"3 minutes\" \/>\r\n<script type=\"application\/ld+json\" class=\"yoast-schema-graph\">{\"@context\":\"https:\/\/schema.org\",\"@graph\":[{\"@type\":\"WebPage\",\"@id\":\"https:\/\/aquila-vz.ch\/partner\/\",\"url\":\"https:\/\/aquila-vz.ch\/partner\/\",\"name\":\"Aquila Verm&ouml;gensverwaltung Z&uuml;rich AG - Partner\",\"isPartOf\":{\"@id\":\"https:\/\/aquila-vz.ch\/#website\"},\"primaryImageOfPage\":{\"@id\":\"https:\/\/aquila-vz.ch\/partner\/#primaryimage\"},\"image\":{\"@id\":\"https:\/\/aquila-vz.ch\/partner\/#primaryimage\"},\"thumbnailUrl\":\"https:\/\/aquila-vz.ch\/wp-content\/uploads\/2023\/10\/Edit.jpg\",\"datePublished\":\"2023-10-11T20:47:43+00:00\",\"dateModified\":\"2025-05-12T19:34:21+00:00\",\"description\":\"Entdecken Sie unsere starken Partnerschaften: Erfahren Sie, wie wir gemeinsam Erfolg gestalten. Unsere vertrauensw\u00fcrdigen Partner im \u00dcberblick.\",\"breadcrumb\":{\"@id\":\"https:\/\/aquila-vz.ch\/partner\/#breadcrumb\"},\"inLanguage\":\"en-US\",\"potentialAction\":[{\"@type\":\"ReadAction\",\"target\":[\"https:\/\/aquila-vz.ch\/partner\/\"]}]},{\"@type\":\"ImageObject\",\"inLanguage\":\"en-US\",\"@id\":\"https:\/\/aquila-vz.ch\/partner\/#primaryimage\",\"url\":\"https:\/\/aquila-vz.ch\/wp-content\/uploads\/2023\/10\/Edit.jpg\",\"contentUrl\":\"https:\/\/aquila-vz.ch\/wp-content\/uploads\/2023\/10\/Edit.jpg\",\"width\":133,\"height\":200},{\"@type\":\"BreadcrumbList\",\"@id\":\"https:\/\/aquila-vz.ch\/partner\/#breadcrumb\",\"itemListElement\":[{\"@type\":\"ListItem\",\"position\":1,\"name\":\"Startseite\",\"item\":\"https:\/\/aquila-vz.ch\/\"},{\"@type\":\"ListItem\",\"position\":2,\"name\":\"Partner\"}]},{\"@type\":\"WebSite\",\"@id\":\"https:\/\/aquila-vz.ch\/#website\",\"url\":\"https:\/\/aquila-vz.ch\/\",\"name\":\"Aquila Verm&ouml;gensverwaltung Z&uuml;rich AG\",\"description\":\"\",\"publisher\":{\"@id\":\"https:\/\/aquila-vz.ch\/#organization\"},\"potentialAction\":[{\"@type\":\"SearchAction\",\"target\":{\"@type\":\"EntryPoint\",\"urlTemplate\":\"https:\/\/aquila-vz.ch\/?s={search_term_string}\"},\"query-input\":\"required name=search_term_string\"}],\"inLanguage\":\"en-US\"},{\"@type\":\"Organization\",\"@id\":\"https:\/\/aquila-vz.ch\/#organization\",\"name\":\"Aquila Verm&ouml;gensverwaltung Z&uuml;rich AG\",\"url\":\"https:\/\/aquila-vz.ch\/\",\"logo\":{\"@type\":\"ImageObject\",\"inLanguage\":\"en-US\",\"@id\":\"https:\/\/aquila-vz.ch\/#\/schema\/logo\/image\/\",\"url\":\"https:\/\/aquila-vz.ch\/wp-content\/uploads\/2023\/10\/cropped-Aquila-Logo-1.png\",\"contentUrl\":\"https:\/\/aquila-vz.ch\/wp-content\/uploads\/2023\/10\/cropped-Aquila-Logo-1.png\",\"width\":350,\"height\":112,\"caption\":\"Aquila Verm&ouml;gensverwaltung Z&uuml;rich AG\"},\"image\":{\"@id\":\"https:\/\/aquila-vz.ch\/#\/schema\/logo\/image\/\"}}]}<\/script>\r\n<!-- \/ Yoast SEO plugin. -->","yoast_head_json":{"title":"Aquila Verm&ouml;gensverwaltung Z&uuml;rich AG - Partner","description":"Entdecken Sie unsere starken Partnerschaften: Erfahren Sie, wie wir gemeinsam Erfolg gestalten. Unsere vertrauensw\u00fcrdigen Partner im \u00dcberblick.","robots":{"index":"index","follow":"follow","max-snippet":"max-snippet:-1","max-image-preview":"max-image-preview:large","max-video-preview":"max-video-preview:-1"},"canonical":"https:\/\/aquila-vz.ch\/en\/partner\/","og_locale":"en_US","og_type":"article","og_title":"Aquila Verm&ouml;gensverwaltung Z&uuml;rich AG - Partner","og_description":"Entdecken Sie unsere starken Partnerschaften: Erfahren Sie, wie wir gemeinsam Erfolg gestalten. Unsere vertrauensw\u00fcrdigen Partner im \u00dcberblick.","og_url":"https:\/\/aquila-vz.ch\/en\/partner\/","og_site_name":"Aquila Verm&ouml;gensverwaltung Z&uuml;rich AG","article_modified_time":"2025-05-12T19:34:21+00:00","og_image":[{"url":"https:\/\/aquila-vz.ch\/wp-content\/uploads\/2023\/10\/Edit.jpg"}],"twitter_card":"summary_large_image","twitter_misc":{"Est. reading time":"3 minutes"},"schema":{"@context":"https:\/\/schema.org","@graph":[{"@type":"WebPage","@id":"https:\/\/aquila-vz.ch\/partner\/","url":"https:\/\/aquila-vz.ch\/partner\/","name":"Aquila Verm&ouml;gensverwaltung Z&uuml;rich AG - Partner","isPartOf":{"@id":"https:\/\/aquila-vz.ch\/#website"},"primaryImageOfPage":{"@id":"https:\/\/aquila-vz.ch\/partner\/#primaryimage"},"image":{"@id":"https:\/\/aquila-vz.ch\/partner\/#primaryimage"},"thumbnailUrl":"https:\/\/aquila-vz.ch\/wp-content\/uploads\/2023\/10\/Edit.jpg","datePublished":"2023-10-11T20:47:43+00:00","dateModified":"2025-05-12T19:34:21+00:00","description":"Entdecken Sie unsere starken Partnerschaften: Erfahren Sie, wie wir gemeinsam Erfolg gestalten. Unsere vertrauensw\u00fcrdigen Partner im \u00dcberblick.","breadcrumb":{"@id":"https:\/\/aquila-vz.ch\/partner\/#breadcrumb"},"inLanguage":"en-US","potentialAction":[{"@type":"ReadAction","target":["https:\/\/aquila-vz.ch\/partner\/"]}]},{"@type":"ImageObject","inLanguage":"en-US","@id":"https:\/\/aquila-vz.ch\/partner\/#primaryimage","url":"https:\/\/aquila-vz.ch\/wp-content\/uploads\/2023\/10\/Edit.jpg","contentUrl":"https:\/\/aquila-vz.ch\/wp-content\/uploads\/2023\/10\/Edit.jpg","width":133,"height":200},{"@type":"BreadcrumbList","@id":"https:\/\/aquila-vz.ch\/partner\/#breadcrumb","itemListElement":[{"@type":"ListItem","position":1,"name":"Startseite","item":"https:\/\/aquila-vz.ch\/"},{"@type":"ListItem","position":2,"name":"Partner"}]},{"@type":"WebSite","@id":"https:\/\/aquila-vz.ch\/#website","url":"https:\/\/aquila-vz.ch\/","name":"Aquila Verm&ouml;gensverwaltung Z&uuml;rich AG","description":"","publisher":{"@id":"https:\/\/aquila-vz.ch\/#organization"},"potentialAction":[{"@type":"SearchAction","target":{"@type":"EntryPoint","urlTemplate":"https:\/\/aquila-vz.ch\/?s={search_term_string}"},"query-input":"required name=search_term_string"}],"inLanguage":"en-US"},{"@type":"Organization","@id":"https:\/\/aquila-vz.ch\/#organization","name":"Aquila Verm&ouml;gensverwaltung Z&uuml;rich AG","url":"https:\/\/aquila-vz.ch\/","logo":{"@type":"ImageObject","inLanguage":"en-US","@id":"https:\/\/aquila-vz.ch\/#\/schema\/logo\/image\/","url":"https:\/\/aquila-vz.ch\/wp-content\/uploads\/2023\/10\/cropped-Aquila-Logo-1.png","contentUrl":"https:\/\/aquila-vz.ch\/wp-content\/uploads\/2023\/10\/cropped-Aquila-Logo-1.png","width":350,"height":112,"caption":"Aquila Verm&ouml;gensverwaltung Z&uuml;rich AG"},"image":{"@id":"https:\/\/aquila-vz.ch\/#\/schema\/logo\/image\/"}}]}},"_links":{"self":[{"href":"https:\/\/aquila-vz.ch\/en\/wp-json\/wp\/v2\/pages\/123"}],"collection":[{"href":"https:\/\/aquila-vz.ch\/en\/wp-json\/wp\/v2\/pages"}],"about":[{"href":"https:\/\/aquila-vz.ch\/en\/wp-json\/wp\/v2\/types\/page"}],"author":[{"embeddable":true,"href":"https:\/\/aquila-vz.ch\/en\/wp-json\/wp\/v2\/users\/1"}],"replies":[{"embeddable":true,"href":"https:\/\/aquila-vz.ch\/en\/wp-json\/wp\/v2\/comments?post=123"}],"version-history":[{"count":92,"href":"https:\/\/aquila-vz.ch\/en\/wp-json\/wp\/v2\/pages\/123\/revisions"}],"predecessor-version":[{"id":979,"href":"https:\/\/aquila-vz.ch\/en\/wp-json\/wp\/v2\/pages\/123\/revisions\/979"}],"wp:attachment":[{"href":"https:\/\/aquila-vz.ch\/en\/wp-json\/wp\/v2\/media?parent=123"}],"curies":[{"name":"wp","href":"https:\/\/api.w.org\/{rel}","templated":true}]}}