{"id":103,"date":"2023-10-11T19:23:41","date_gmt":"2023-10-11T19:23:41","guid":{"rendered":"https:\/\/aquila-vz.ch\/?page_id=103"},"modified":"2023-10-19T17:47:05","modified_gmt":"2023-10-19T17:47:05","slug":"ueber-uns","status":"publish","type":"page","link":"https:\/\/aquila-vz.ch\/en\/ueber-uns\/","title":{"rendered":"About us"},"content":{"rendered":"\t\t<div data-elementor-type=\"wp-page\" data-elementor-id=\"103\" class=\"elementor elementor-103\">\n\t\t\t\t<div class=\"elementor-element elementor-element-eb9a1dc e-flex e-con-boxed e-con e-parent\" data-id=\"eb9a1dc\" data-element_type=\"container\" data-core-v316-plus=\"true\">\n\t\t\t\t\t<div class=\"e-con-inner\">\n\t\t<div class=\"elementor-element elementor-element-f0826cc e-con-full e-flex e-con e-child\" data-id=\"f0826cc\" data-element_type=\"container\">\n\t\t\t\t<div class=\"elementor-element elementor-element-4cd7554 elementor-widget elementor-widget-heading\" data-id=\"4cd7554\" data-element_type=\"widget\" data-widget_type=\"heading.default\">\n\t\t\t\t<div class=\"elementor-widget-container\">\n\t\t\t<style>\/*! elementor - v3.20.0 - 20-03-2024 *\/\n.elementor-heading-title{padding:0;margin:0;line-height:1}.elementor-widget-heading .elementor-heading-title[class*=elementor-size-]>a{color:inherit;font-size:inherit;line-height:inherit}.elementor-widget-heading .elementor-heading-title.elementor-size-small{font-size:15px}.elementor-widget-heading .elementor-heading-title.elementor-size-medium{font-size:19px}.elementor-widget-heading .elementor-heading-title.elementor-size-large{font-size:29px}.elementor-widget-heading .elementor-heading-title.elementor-size-xl{font-size:39px}.elementor-widget-heading .elementor-heading-title.elementor-size-xxl{font-size:59px}<\/style><h2 class=\"elementor-heading-title elementor-size-medium\">Aquila Verm\u00f6gensverwaltung Z\u00fcrich AG<\/h2>\t\t<\/div>\n\t\t\t\t<\/div>\n\t\t\t\t<\/div>\n\t\t<div class=\"elementor-element elementor-element-67d4ecf e-con-full e-flex e-con e-child\" data-id=\"67d4ecf\" data-element_type=\"container\">\n\t\t\t\t<\/div>\n\t\t\t\t\t<\/div>\n\t\t\t\t<\/div>\n\t\t<div class=\"elementor-element elementor-element-1239ee5 e-flex e-con-boxed e-con e-parent\" data-id=\"1239ee5\" data-element_type=\"container\" data-core-v316-plus=\"true\">\n\t\t\t\t\t<div class=\"e-con-inner\">\n\t\t<div class=\"elementor-element elementor-element-ede3eee e-con-full e-flex e-con e-child\" data-id=\"ede3eee\" data-element_type=\"container\">\n\t\t\t\t<div class=\"elementor-element elementor-element-8970970 elementor-widget elementor-widget-text-editor\" data-id=\"8970970\" data-element_type=\"widget\" data-widget_type=\"text-editor.default\">\n\t\t\t\t<div class=\"elementor-widget-container\">\n\t\t\t<style>\/*! elementor - v3.20.0 - 20-03-2024 *\/\n.elementor-widget-text-editor.elementor-drop-cap-view-stacked .elementor-drop-cap{background-color:#69727d;color:#fff}.elementor-widget-text-editor.elementor-drop-cap-view-framed .elementor-drop-cap{color:#69727d;border:3px solid;background-color:transparent}.elementor-widget-text-editor:not(.elementor-drop-cap-view-default) .elementor-drop-cap{margin-top:8px}.elementor-widget-text-editor:not(.elementor-drop-cap-view-default) .elementor-drop-cap-letter{width:1em;height:1em}.elementor-widget-text-editor .elementor-drop-cap{float:left;text-align:center;line-height:1;font-size:50px}.elementor-widget-text-editor .elementor-drop-cap-letter{display:inline-block}<\/style>\t\t\t\t<p>Die Aquila Verm\u00f6gensverwaltung Z\u00fcrich AG (nachfolgend \u00abdie Gesellschaft\u00bb) ist eine unabh\u00e4ngige Verm\u00f6gensverwaltungsgesellschaft mit Sitz in Z\u00fcrich. Sie verf\u00fcgt \u00fcber eine Lizenz der Eidgen\u00f6ssischen Finanzmarktaufsicht (FINMA) als Verm\u00f6gensverwalter i.S.v. Art. 17 Abs. 1 FINIG und wird direkt von der FINMA beaufsichtigt. Als Partnergesellschaft der Aquila AG kann die Gesellschaft in den Bereichen Legal, Compliance &amp; Risk, Buchhaltung und IT auf spezifisches Fachwissen zur\u00fcckgreifen (Outsourcing). Die Aquila AG verf\u00fcgt \u00fcber eine Banklizenz und wird ebenfalls durch die FINMA beaufsichtigt.<\/p><p>Seit dem Jahr 2004 genie\u00dfen unsere Kundinnen und Kunden eine individuelle und bankenunabh\u00e4ngige Beratung, frei von Interessenskonflikten, Verkaufsdruck und Produktinteressen. Unabh\u00e4ngigkeit und ein partnerschaftliches Verh\u00e4ltnis sind die Grundlagen f\u00fcr eine erfolgreiche Zusammenarbeit. Wir nehmen uns Zeit, um uns auf Ihre pers\u00f6nlichen Anliegen und Ziele zu fokussieren. Als Partner an Ihrer Seite begleiten wir Sie durch alle Phasen Ihres Lebenszyklus\u2018 und stehen beratend zur Seite.<\/p><p>Wir sind nur an langfristigen Kundenbeziehungen interessiert, denn eine erfolgreiche Strategie basiert stets auf Kontinuit\u00e4t und Vertrauen. Durch unsere Betreuung werden auch unsere Kunden unabh\u00e4ngig; unser Bestreben nach der besten L\u00f6sung kann nur in einem Umfeld realisiert werden, in welchem es Auswahlm\u00f6glichkeiten gibt.<\/p>\t\t\t\t\t\t<\/div>\n\t\t\t\t<\/div>\n\t\t\t\t<\/div>\n\t\t<div class=\"elementor-element elementor-element-d611dc5 e-con-full e-flex e-con e-child\" data-id=\"d611dc5\" data-element_type=\"container\">\n\t\t\t\t<div class=\"elementor-element elementor-element-1b5d3eb elementor-widget__width-initial elementor-widget elementor-widget-image\" data-id=\"1b5d3eb\" data-element_type=\"widget\" data-widget_type=\"image.default\">\n\t\t\t\t<div class=\"elementor-widget-container\">\n\t\t\t<style>\/*! elementor - v3.20.0 - 20-03-2024 *\/\n.elementor-widget-image{text-align:center}.elementor-widget-image a{display:inline-block}.elementor-widget-image a img[src$=\".svg\"]{width:48px}.elementor-widget-image img{vertical-align:middle;display:inline-block}<\/style>\t\t\t\t\t\t\t\t\t\t<img fetchpriority=\"high\" decoding=\"async\" width=\"405\" height=\"228\" src=\"https:\/\/aquila-vz.ch\/wp-content\/uploads\/2023\/10\/Brueckchen.jpg\" class=\"attachment-full size-full wp-image-556\" alt=\"\" srcset=\"https:\/\/aquila-vz.ch\/wp-content\/uploads\/2023\/10\/Brueckchen.jpg 405w, https:\/\/aquila-vz.ch\/wp-content\/uploads\/2023\/10\/Brueckchen-300x169.jpg 300w\" sizes=\"(max-width: 405px) 100vw, 405px\" \/>\t\t\t\t\t\t\t\t\t\t\t\t\t<\/div>\n\t\t\t\t<\/div>\n\t\t\t\t<div class=\"elementor-element elementor-element-6ff3e94 elementor-widget elementor-widget-text-editor\" data-id=\"6ff3e94\" data-element_type=\"widget\" data-widget_type=\"text-editor.default\">\n\t\t\t\t<div class=\"elementor-widget-container\">\n\t\t\t\t\t\t\t<p>Wachstum und Stabilit\u00e4t Ihres Verm\u00f6gens ist unsere oberste Maxime, denn jeder Lebensabschnitt stellt Sie vor neue Herausforderungen. Wir setzen die individuelle Strategie sorgf\u00e4ltig und mit Disziplin f\u00fcr Sie um und schaffen so einen echten Mehrwert. Transparenz, Risikokontrolle, profundes Fachwissen und langj\u00e4hrige Erfahrung unseres Teams bilden die optimalen Voraussetzungen daf\u00fcr.<\/p>\t\t\t\t\t\t<\/div>\n\t\t\t\t<\/div>\n\t\t\t\t<\/div>\n\t\t\t\t\t<\/div>\n\t\t\t\t<\/div>\n\t\t\t\t<\/div>\n\t\t","protected":false},"excerpt":{"rendered":"<p>Aquila Verm\u00f6gensverwaltung Z\u00fcrich AG Die Aquila Verm\u00f6gensverwaltung Z\u00fcrich AG (nachfolgend \u00abdie Gesellschaft\u00bb) ist eine unabh\u00e4ngige Verm\u00f6gensverwaltungsgesellschaft mit Sitz in Z\u00fcrich. Sie verf\u00fcgt \u00fcber eine Lizenz der Eidgen\u00f6ssischen Finanzmarktaufsicht (FINMA) als Verm\u00f6gensverwalter i.S.v. Art. 17 Abs. 1 FINIG und wird direkt von der FINMA beaufsichtigt. Als Partnergesellschaft der Aquila AG kann die Gesellschaft in den Bereichen [&hellip;]<\/p>\n","protected":false},"author":1,"featured_media":0,"parent":0,"menu_order":0,"comment_status":"closed","ping_status":"closed","template":"","meta":{"footnotes":""},"yoast_head":"<!-- This site is optimized with the Yoast SEO plugin v22.3 - https:\/\/yoast.com\/wordpress\/plugins\/seo\/ -->\r\n<title>Aquila Verm&ouml;gensverwaltung Z&uuml;rich AG - \u00dcber uns<\/title>\r\n<meta name=\"description\" content=\"Individuelle Verm\u00f6gensberatung ohne Interessenskonflikte seit 2004. Aquila Verm\u00f6gensverwaltung Z\u00fcrich AG. Ihr Partner f\u00fcr langfristige Finanzstabilit\u00e4t.\" \/>\r\n<meta name=\"robots\" content=\"index, follow, max-snippet:-1, max-image-preview:large, max-video-preview:-1\" \/>\r\n<link rel=\"canonical\" href=\"https:\/\/aquila-vz.ch\/en\/ueber-uns\/\" \/>\r\n<meta property=\"og:locale\" content=\"en_US\" \/>\r\n<meta property=\"og:type\" content=\"article\" \/>\r\n<meta property=\"og:title\" content=\"Aquila Verm&ouml;gensverwaltung Z&uuml;rich AG - \u00dcber uns\" \/>\r\n<meta property=\"og:description\" content=\"Individuelle Verm\u00f6gensberatung ohne Interessenskonflikte seit 2004. Aquila Verm\u00f6gensverwaltung Z\u00fcrich AG. Ihr Partner f\u00fcr langfristige Finanzstabilit\u00e4t.\" \/>\r\n<meta property=\"og:url\" content=\"https:\/\/aquila-vz.ch\/en\/ueber-uns\/\" \/>\r\n<meta property=\"og:site_name\" content=\"Aquila Verm&ouml;gensverwaltung Z&uuml;rich AG\" \/>\r\n<meta property=\"article:modified_time\" content=\"2023-10-19T17:47:05+00:00\" \/>\r\n<meta property=\"og:image\" content=\"https:\/\/aquila-vz.ch\/wp-content\/uploads\/2023\/10\/Brueckchen.jpg\" \/>\r\n<meta name=\"twitter:card\" content=\"summary_large_image\" \/>\r\n<meta name=\"twitter:label1\" content=\"Est. reading time\" \/>\n\t<meta name=\"twitter:data1\" content=\"2 minutes\" \/>\r\n<script type=\"application\/ld+json\" class=\"yoast-schema-graph\">{\"@context\":\"https:\/\/schema.org\",\"@graph\":[{\"@type\":\"WebPage\",\"@id\":\"https:\/\/aquila-vz.ch\/ueber-uns\/\",\"url\":\"https:\/\/aquila-vz.ch\/ueber-uns\/\",\"name\":\"Aquila Verm&ouml;gensverwaltung Z&uuml;rich AG - \u00dcber uns\",\"isPartOf\":{\"@id\":\"https:\/\/aquila-vz.ch\/#website\"},\"primaryImageOfPage\":{\"@id\":\"https:\/\/aquila-vz.ch\/ueber-uns\/#primaryimage\"},\"image\":{\"@id\":\"https:\/\/aquila-vz.ch\/ueber-uns\/#primaryimage\"},\"thumbnailUrl\":\"https:\/\/aquila-vz.ch\/wp-content\/uploads\/2023\/10\/Brueckchen.jpg\",\"datePublished\":\"2023-10-11T19:23:41+00:00\",\"dateModified\":\"2023-10-19T17:47:05+00:00\",\"description\":\"Individuelle Verm\u00f6gensberatung ohne Interessenskonflikte seit 2004. Aquila Verm\u00f6gensverwaltung Z\u00fcrich AG. Ihr Partner f\u00fcr langfristige Finanzstabilit\u00e4t.\",\"breadcrumb\":{\"@id\":\"https:\/\/aquila-vz.ch\/ueber-uns\/#breadcrumb\"},\"inLanguage\":\"en-US\",\"potentialAction\":[{\"@type\":\"ReadAction\",\"target\":[\"https:\/\/aquila-vz.ch\/ueber-uns\/\"]}]},{\"@type\":\"ImageObject\",\"inLanguage\":\"en-US\",\"@id\":\"https:\/\/aquila-vz.ch\/ueber-uns\/#primaryimage\",\"url\":\"https:\/\/aquila-vz.ch\/wp-content\/uploads\/2023\/10\/Brueckchen.jpg\",\"contentUrl\":\"https:\/\/aquila-vz.ch\/wp-content\/uploads\/2023\/10\/Brueckchen.jpg\",\"width\":405,\"height\":228},{\"@type\":\"BreadcrumbList\",\"@id\":\"https:\/\/aquila-vz.ch\/ueber-uns\/#breadcrumb\",\"itemListElement\":[{\"@type\":\"ListItem\",\"position\":1,\"name\":\"Startseite\",\"item\":\"https:\/\/aquila-vz.ch\/\"},{\"@type\":\"ListItem\",\"position\":2,\"name\":\"\u00dcber uns\"}]},{\"@type\":\"WebSite\",\"@id\":\"https:\/\/aquila-vz.ch\/#website\",\"url\":\"https:\/\/aquila-vz.ch\/\",\"name\":\"Aquila Verm&ouml;gensverwaltung Z&uuml;rich AG\",\"description\":\"\",\"publisher\":{\"@id\":\"https:\/\/aquila-vz.ch\/#organization\"},\"potentialAction\":[{\"@type\":\"SearchAction\",\"target\":{\"@type\":\"EntryPoint\",\"urlTemplate\":\"https:\/\/aquila-vz.ch\/?s={search_term_string}\"},\"query-input\":\"required name=search_term_string\"}],\"inLanguage\":\"en-US\"},{\"@type\":\"Organization\",\"@id\":\"https:\/\/aquila-vz.ch\/#organization\",\"name\":\"Aquila Verm&ouml;gensverwaltung Z&uuml;rich AG\",\"url\":\"https:\/\/aquila-vz.ch\/\",\"logo\":{\"@type\":\"ImageObject\",\"inLanguage\":\"en-US\",\"@id\":\"https:\/\/aquila-vz.ch\/#\/schema\/logo\/image\/\",\"url\":\"https:\/\/aquila-vz.ch\/wp-content\/uploads\/2023\/10\/cropped-Aquila-Logo-1.png\",\"contentUrl\":\"https:\/\/aquila-vz.ch\/wp-content\/uploads\/2023\/10\/cropped-Aquila-Logo-1.png\",\"width\":350,\"height\":112,\"caption\":\"Aquila Verm&ouml;gensverwaltung Z&uuml;rich AG\"},\"image\":{\"@id\":\"https:\/\/aquila-vz.ch\/#\/schema\/logo\/image\/\"}}]}<\/script>\r\n<!-- \/ Yoast SEO plugin. -->","yoast_head_json":{"title":"Aquila Verm&ouml;gensverwaltung Z&uuml;rich AG - \u00dcber uns","description":"Individuelle Verm\u00f6gensberatung ohne Interessenskonflikte seit 2004. Aquila Verm\u00f6gensverwaltung Z\u00fcrich AG. Ihr Partner f\u00fcr langfristige Finanzstabilit\u00e4t.","robots":{"index":"index","follow":"follow","max-snippet":"max-snippet:-1","max-image-preview":"max-image-preview:large","max-video-preview":"max-video-preview:-1"},"canonical":"https:\/\/aquila-vz.ch\/en\/ueber-uns\/","og_locale":"en_US","og_type":"article","og_title":"Aquila Verm&ouml;gensverwaltung Z&uuml;rich AG - \u00dcber uns","og_description":"Individuelle Verm\u00f6gensberatung ohne Interessenskonflikte seit 2004. Aquila Verm\u00f6gensverwaltung Z\u00fcrich AG. Ihr Partner f\u00fcr langfristige Finanzstabilit\u00e4t.","og_url":"https:\/\/aquila-vz.ch\/en\/ueber-uns\/","og_site_name":"Aquila Verm&ouml;gensverwaltung Z&uuml;rich AG","article_modified_time":"2023-10-19T17:47:05+00:00","og_image":[{"url":"https:\/\/aquila-vz.ch\/wp-content\/uploads\/2023\/10\/Brueckchen.jpg"}],"twitter_card":"summary_large_image","twitter_misc":{"Est. reading time":"2 minutes"},"schema":{"@context":"https:\/\/schema.org","@graph":[{"@type":"WebPage","@id":"https:\/\/aquila-vz.ch\/ueber-uns\/","url":"https:\/\/aquila-vz.ch\/ueber-uns\/","name":"Aquila Verm&ouml;gensverwaltung Z&uuml;rich AG - \u00dcber uns","isPartOf":{"@id":"https:\/\/aquila-vz.ch\/#website"},"primaryImageOfPage":{"@id":"https:\/\/aquila-vz.ch\/ueber-uns\/#primaryimage"},"image":{"@id":"https:\/\/aquila-vz.ch\/ueber-uns\/#primaryimage"},"thumbnailUrl":"https:\/\/aquila-vz.ch\/wp-content\/uploads\/2023\/10\/Brueckchen.jpg","datePublished":"2023-10-11T19:23:41+00:00","dateModified":"2023-10-19T17:47:05+00:00","description":"Individuelle Verm\u00f6gensberatung ohne Interessenskonflikte seit 2004. Aquila Verm\u00f6gensverwaltung Z\u00fcrich AG. Ihr Partner f\u00fcr langfristige Finanzstabilit\u00e4t.","breadcrumb":{"@id":"https:\/\/aquila-vz.ch\/ueber-uns\/#breadcrumb"},"inLanguage":"en-US","potentialAction":[{"@type":"ReadAction","target":["https:\/\/aquila-vz.ch\/ueber-uns\/"]}]},{"@type":"ImageObject","inLanguage":"en-US","@id":"https:\/\/aquila-vz.ch\/ueber-uns\/#primaryimage","url":"https:\/\/aquila-vz.ch\/wp-content\/uploads\/2023\/10\/Brueckchen.jpg","contentUrl":"https:\/\/aquila-vz.ch\/wp-content\/uploads\/2023\/10\/Brueckchen.jpg","width":405,"height":228},{"@type":"BreadcrumbList","@id":"https:\/\/aquila-vz.ch\/ueber-uns\/#breadcrumb","itemListElement":[{"@type":"ListItem","position":1,"name":"Startseite","item":"https:\/\/aquila-vz.ch\/"},{"@type":"ListItem","position":2,"name":"\u00dcber uns"}]},{"@type":"WebSite","@id":"https:\/\/aquila-vz.ch\/#website","url":"https:\/\/aquila-vz.ch\/","name":"Aquila Verm&ouml;gensverwaltung Z&uuml;rich AG","description":"","publisher":{"@id":"https:\/\/aquila-vz.ch\/#organization"},"potentialAction":[{"@type":"SearchAction","target":{"@type":"EntryPoint","urlTemplate":"https:\/\/aquila-vz.ch\/?s={search_term_string}"},"query-input":"required name=search_term_string"}],"inLanguage":"en-US"},{"@type":"Organization","@id":"https:\/\/aquila-vz.ch\/#organization","name":"Aquila Verm&ouml;gensverwaltung Z&uuml;rich AG","url":"https:\/\/aquila-vz.ch\/","logo":{"@type":"ImageObject","inLanguage":"en-US","@id":"https:\/\/aquila-vz.ch\/#\/schema\/logo\/image\/","url":"https:\/\/aquila-vz.ch\/wp-content\/uploads\/2023\/10\/cropped-Aquila-Logo-1.png","contentUrl":"https:\/\/aquila-vz.ch\/wp-content\/uploads\/2023\/10\/cropped-Aquila-Logo-1.png","width":350,"height":112,"caption":"Aquila Verm&ouml;gensverwaltung Z&uuml;rich AG"},"image":{"@id":"https:\/\/aquila-vz.ch\/#\/schema\/logo\/image\/"}}]}},"_links":{"self":[{"href":"https:\/\/aquila-vz.ch\/en\/wp-json\/wp\/v2\/pages\/103"}],"collection":[{"href":"https:\/\/aquila-vz.ch\/en\/wp-json\/wp\/v2\/pages"}],"about":[{"href":"https:\/\/aquila-vz.ch\/en\/wp-json\/wp\/v2\/types\/page"}],"author":[{"embeddable":true,"href":"https:\/\/aquila-vz.ch\/en\/wp-json\/wp\/v2\/users\/1"}],"replies":[{"embeddable":true,"href":"https:\/\/aquila-vz.ch\/en\/wp-json\/wp\/v2\/comments?post=103"}],"version-history":[{"count":74,"href":"https:\/\/aquila-vz.ch\/en\/wp-json\/wp\/v2\/pages\/103\/revisions"}],"predecessor-version":[{"id":842,"href":"https:\/\/aquila-vz.ch\/en\/wp-json\/wp\/v2\/pages\/103\/revisions\/842"}],"wp:attachment":[{"href":"https:\/\/aquila-vz.ch\/en\/wp-json\/wp\/v2\/media?parent=103"}],"curies":[{"name":"wp","href":"https:\/\/api.w.org\/{rel}","templated":true}]}}